{"id":5490,"date":"2022-09-07T20:37:15","date_gmt":"2022-09-07T20:37:15","guid":{"rendered":"https:\/\/kindart.is\/product\/hugvekju-salmar-um-ara-metusalem-og-aumingja-petur\/"},"modified":"2022-09-07T20:37:15","modified_gmt":"2022-09-07T20:37:15","slug":"hugvekju-salmar-um-ara-metusalem-og-aumingja-petur","status":"publish","type":"product","link":"https:\/\/kindart.is\/en\/vara\/hugvekju-salmar-um-ara-metusalem-og-aumingja-petur\/","title":{"rendered":"Hugvekju-s\u00e1lmar um Ara, Met\u00fasalem og aumingja P\u00e9tur"},"content":{"rendered":"<p><strong>Hugvekju-s\u00e1lmar um Ara, Met\u00fasalem og aumingja P\u00e9tur<\/strong> eftir J\u00f3natan P\u00e1lsson Revisor M. M. \u2013 Myndir eftir Tryggva Magn\u00fasson. L\u00edtill p\u00e9si v\u00edrheftur: 12.5 X 9.4 cm. 30 bls.<\/p>\n<p><strong>\u00datg\u00e1fa og prentun<\/strong>:<br \/>\n\u00datgefanda ekki geti\u00f0. Reykjav\u00edk 1933. B\u00f3k\u00ferykker\u00ed Bergsta\u00f0astr\u00e6tis.<\/p>\n","protected":false},"excerpt":{"rendered":"<p>Hugvekju-s\u00e1lmar um Ara, Met\u00fasalem og aumingja P\u00e9tur eftir J\u00f3natan P\u00e1lsson Revisor M. M. \u2013 Myndir eftir Tryggva Magn\u00fasson. L\u00edtill p\u00e9si v\u00edrheftur: 12.5 X 9.4 cm. 30 bls. \u00datg\u00e1fa og prentun: \u00datgefanda ekki geti\u00f0. Reykjav\u00edk 1933. B\u00f3k\u00ferykker\u00ed Bergsta\u00f0astr\u00e6tis.<\/p>\n","protected":false},"featured_media":5486,"template":"","meta":{"slim_seo":{"title":"Hugvekju-s\u00e1lmar um Ara, Met\u00fasalem og aumingja P\u00e9tur - KindArt","description":"Hugvekju-s\u00e1lmar um Ara, Met\u00fasalem og aumingja P\u00e9tur eftir J\u00f3natan P\u00e1lsson Revisor M. M. \u2013 Myndir eftir Tryggva Magn\u00fasson. L\u00edtill p\u00e9si v\u00edrheftur: 12.5 X 9.4 cm."}},"product_brand":[],"product_cat":[83],"product_tag":[],"class_list":{"0":"post-5490","1":"product","2":"type-product","3":"status-publish","4":"has-post-thumbnail","6":"product_cat-books","7":"product_shipping_class-small-en","9":"first","10":"outofstock","11":"sold-individually","12":"purchasable","13":"product-type-simple"},"_links":{"self":[{"href":"https:\/\/kindart.is\/en\/wp-json\/wp\/v2\/product\/5490","targetHints":{"allow":["GET"]}}],"collection":[{"href":"https:\/\/kindart.is\/en\/wp-json\/wp\/v2\/product"}],"about":[{"href":"https:\/\/kindart.is\/en\/wp-json\/wp\/v2\/types\/product"}],"wp:featuredmedia":[{"embeddable":true,"href":"https:\/\/kindart.is\/en\/wp-json\/wp\/v2\/media\/5486"}],"wp:attachment":[{"href":"https:\/\/kindart.is\/en\/wp-json\/wp\/v2\/media?parent=5490"}],"wp:term":[{"taxonomy":"product_brand","embeddable":true,"href":"https:\/\/kindart.is\/en\/wp-json\/wp\/v2\/product_brand?post=5490"},{"taxonomy":"product_cat","embeddable":true,"href":"https:\/\/kindart.is\/en\/wp-json\/wp\/v2\/product_cat?post=5490"},{"taxonomy":"product_tag","embeddable":true,"href":"https:\/\/kindart.is\/en\/wp-json\/wp\/v2\/product_tag?post=5490"}],"curies":[{"name":"wp","href":"https:\/\/api.w.org\/{rel}","templated":true}]}}