{"id":5495,"date":"2022-09-07T20:45:15","date_gmt":"2022-09-07T20:45:15","guid":{"rendered":"https:\/\/kindart.is\/product\/hundabaerinn-eda-vidreisn-efnahagslifsins\/"},"modified":"2023-02-03T11:44:10","modified_gmt":"2023-02-03T11:44:10","slug":"hundabaerinn-eda-vidreisn-efnahagslifsins","status":"publish","type":"product","link":"https:\/\/kindart.is\/en\/vara\/hundabaerinn-eda-vidreisn-efnahagslifsins\/","title":{"rendered":"Hundab\u00e6rinn e\u00f0a Vi\u00f0reisn efnahagsl\u00edfsins"},"content":{"rendered":"<p><strong>Hundab\u00e6rinn e\u00f0a Vi\u00f0reisn efnahagsl\u00edfsins<\/strong>. Eftir Dag Sigur\u00f0arson. B\u00f3kin er tileinku\u00f0 Vilhj\u00e1lmi \u00de\u00f3r bankastj\u00f3ra me\u00f0 innilegu \u00feakkl\u00e6ti fyrir innbl\u00e1sturinn. B\u00f3kin er saumheft \u00ed kartonk\u00e1pu. St\u00e6r\u00f0: 17.5 X 11 cm og 86 bls.<\/p>\n<p><strong>\u00datg\u00e1fa og prentun<\/strong>:<br \/>\nHeimskringla Reykjav\u00edk 1963. Prentsmi\u00f0jan H\u00f3lar.<\/p>\n","protected":false},"excerpt":{"rendered":"<p>Hundab\u00e6rinn e\u00f0a Vi\u00f0reisn efnahagsl\u00edfsins. Eftir Dag Sigur\u00f0arson. B\u00f3kin er tileinku\u00f0 Vilhj\u00e1lmi \u00de\u00f3r bankastj\u00f3ra me\u00f0 innilegu \u00feakkl\u00e6ti fyrir innbl\u00e1sturinn. B\u00f3kin er saumheft \u00ed kartonk\u00e1pu. St\u00e6r\u00f0: 17.5 X 11 cm og 86 bls. \u00datg\u00e1fa og prentun: Heimskringla Reykjav\u00edk 1963. Prentsmi\u00f0jan H\u00f3lar.<\/p>\n","protected":false},"featured_media":5493,"template":"","meta":{"slim_seo":{"title":"Hundab\u00e6rinn e\u00f0a Vi\u00f0reisn efnahagsl\u00edfsins - KindArt","description":"Hundab\u00e6rinn e\u00f0a Vi\u00f0reisn efnahagsl\u00edfsins . Eftir Dag Sigur\u00f0arson. B\u00f3kin er tileinku\u00f0 Vilhj\u00e1lmi \u00de\u00f3r bankastj\u00f3ra me\u00f0 innilegu \u00feakkl\u00e6ti fyrir innbl\u00e1sturinn. B\u00f3kin"}},"product_brand":[],"product_cat":[83],"product_tag":[],"class_list":{"0":"post-5495","1":"product","2":"type-product","3":"status-publish","4":"has-post-thumbnail","6":"product_cat-books","7":"product_shipping_class-small-en","9":"first","10":"outofstock","11":"sold-individually","12":"purchasable","13":"product-type-simple"},"_links":{"self":[{"href":"https:\/\/kindart.is\/en\/wp-json\/wp\/v2\/product\/5495","targetHints":{"allow":["GET"]}}],"collection":[{"href":"https:\/\/kindart.is\/en\/wp-json\/wp\/v2\/product"}],"about":[{"href":"https:\/\/kindart.is\/en\/wp-json\/wp\/v2\/types\/product"}],"wp:featuredmedia":[{"embeddable":true,"href":"https:\/\/kindart.is\/en\/wp-json\/wp\/v2\/media\/5493"}],"wp:attachment":[{"href":"https:\/\/kindart.is\/en\/wp-json\/wp\/v2\/media?parent=5495"}],"wp:term":[{"taxonomy":"product_brand","embeddable":true,"href":"https:\/\/kindart.is\/en\/wp-json\/wp\/v2\/product_brand?post=5495"},{"taxonomy":"product_cat","embeddable":true,"href":"https:\/\/kindart.is\/en\/wp-json\/wp\/v2\/product_cat?post=5495"},{"taxonomy":"product_tag","embeddable":true,"href":"https:\/\/kindart.is\/en\/wp-json\/wp\/v2\/product_tag?post=5495"}],"curies":[{"name":"wp","href":"https:\/\/api.w.org\/{rel}","templated":true}]}}