{"id":5500,"date":"2022-09-07T20:50:15","date_gmt":"2022-09-07T20:50:15","guid":{"rendered":"https:\/\/kindart.is\/product\/islenzkar-thjodsogur-og-aefintyri\/"},"modified":"2022-09-07T20:50:15","modified_gmt":"2022-09-07T20:50:15","slug":"islenzkar-thjodsogur-og-aefintyri","status":"publish","type":"product","link":"https:\/\/kindart.is\/en\/vara\/islenzkar-thjodsogur-og-aefintyri\/","title":{"rendered":"\u00cdslenzkar \u00fej\u00f3\u00f0s\u00f6gur og \u00e6fint\u00fdri"},"content":{"rendered":"<p><strong>\u00cdslenzkar \u00fej\u00f3\u00f0s\u00f6gur og \u00e6fint\u00fdri<\/strong>. \u00deulur og \u00fej\u00f3\u00f0kv\u00e6\u00f0i. S\u00f6fnu\u00f0 af Magn\u00fasi Gr\u00edmssyni og J\u00f3ni \u00c1rnasyni og myndir af \u00feeim b\u00e1\u00f0um. \u00de\u00e1 er mynd af titilbla\u00f0i 1. \u00fatg\u00e1fu \u00ed Reykjav\u00edk 1852. B\u00f3kin er saumheft \u00ed kartonk\u00e1pu. St\u00e6r\u00f0: 22.5 X 15 cm og 168 bls.<\/p>\n<p><strong>\u00datg\u00e1fa og prentun<\/strong>:<br \/>\n\u00d6nnur \u00fatg\u00e1fa aukin. B\u00f3kaforlag Fagurskinna \u2013 Gu\u00f0m. Gam\u00edelsson Reykjav\u00edk 1945. Prentsmi\u00f0ju ekki geti\u00f0.<\/p>\n","protected":false},"excerpt":{"rendered":"<p>\u00cdslenzkar \u00fej\u00f3\u00f0s\u00f6gur og \u00e6fint\u00fdri. \u00deulur og \u00fej\u00f3\u00f0kv\u00e6\u00f0i. S\u00f6fnu\u00f0 af Magn\u00fasi Gr\u00edmssyni og J\u00f3ni \u00c1rnasyni og myndir af \u00feeim b\u00e1\u00f0um. \u00de\u00e1 er mynd af titilbla\u00f0i 1. \u00fatg\u00e1fu \u00ed Reykjav\u00edk 1852. B\u00f3kin er saumheft \u00ed kartonk\u00e1pu. St\u00e6r\u00f0: 22.5 X 15 cm og 168 bls. \u00datg\u00e1fa og prentun: \u00d6nnur \u00fatg\u00e1fa aukin. B\u00f3kaforlag Fagurskinna \u2013 Gu\u00f0m. Gam\u00edelsson Reykjav\u00edk 1945. [&hellip;]<\/p>\n","protected":false},"featured_media":5498,"template":"","meta":{"slim_seo":{"title":"\u00cdslenzkar \u00fej\u00f3\u00f0s\u00f6gur og \u00e6fint\u00fdri - KindArt","description":"\u00cdslenzkar \u00fej\u00f3\u00f0s\u00f6gur og \u00e6fint\u00fdri . \u00deulur og \u00fej\u00f3\u00f0kv\u00e6\u00f0i. S\u00f6fnu\u00f0 af Magn\u00fasi Gr\u00edmssyni og J\u00f3ni \u00c1rnasyni og myndir af \u00feeim b\u00e1\u00f0um. \u00de\u00e1 er mynd af titilbla\u00f0i 1. \u00fatg\u00e1fu \u00ed"}},"product_brand":[],"product_cat":[83],"product_tag":[],"class_list":{"0":"post-5500","1":"product","2":"type-product","3":"status-publish","4":"has-post-thumbnail","6":"product_cat-books","7":"product_shipping_class-small-en","9":"first","10":"instock","11":"sold-individually","12":"purchasable","13":"product-type-simple"},"_links":{"self":[{"href":"https:\/\/kindart.is\/en\/wp-json\/wp\/v2\/product\/5500","targetHints":{"allow":["GET"]}}],"collection":[{"href":"https:\/\/kindart.is\/en\/wp-json\/wp\/v2\/product"}],"about":[{"href":"https:\/\/kindart.is\/en\/wp-json\/wp\/v2\/types\/product"}],"wp:featuredmedia":[{"embeddable":true,"href":"https:\/\/kindart.is\/en\/wp-json\/wp\/v2\/media\/5498"}],"wp:attachment":[{"href":"https:\/\/kindart.is\/en\/wp-json\/wp\/v2\/media?parent=5500"}],"wp:term":[{"taxonomy":"product_brand","embeddable":true,"href":"https:\/\/kindart.is\/en\/wp-json\/wp\/v2\/product_brand?post=5500"},{"taxonomy":"product_cat","embeddable":true,"href":"https:\/\/kindart.is\/en\/wp-json\/wp\/v2\/product_cat?post=5500"},{"taxonomy":"product_tag","embeddable":true,"href":"https:\/\/kindart.is\/en\/wp-json\/wp\/v2\/product_tag?post=5500"}],"curies":[{"name":"wp","href":"https:\/\/api.w.org\/{rel}","templated":true}]}}