{"id":5509,"date":"2022-09-08T12:04:21","date_gmt":"2022-09-08T12:04:21","guid":{"rendered":"https:\/\/kindart.is\/product\/milljonaaevintyrid\/"},"modified":"2022-09-30T20:26:14","modified_gmt":"2022-09-30T20:26:14","slug":"milljonaaevintyrid","status":"publish","type":"product","link":"https:\/\/kindart.is\/en\/vara\/milljonaaevintyrid\/","title":{"rendered":"Millj\u00f3na\u00e6vint\u00fdri\u00f0"},"content":{"rendered":"<p><strong>Millj\u00f3na\u00e6vint\u00fdri\u00f0<\/strong>. Lj\u00f3\u00f0ab\u00f3k eftir Dag Sigur\u00f0arson. B\u00f3kin er h\u00f6nnu\u00f0 af Hafsteini Gu\u00f0mundssyni og er bundin \u00ed alband \u00far papp\u00edr og \u00e1prenta\u00f0ir mi\u00f0ar \u00e1 kj\u00f6l og framhli\u00f0. St\u00e6r\u00f0: 17.3 X 10.7 cm og 64 bls.<\/p>\n<p><strong>\u00datg\u00e1fa og prentun<\/strong>:<br \/>\nHeimskringla. Reykjav\u00edk 1960. Prentsmi\u00f0jan H\u00f3lar.<\/p>\n<p>\u00c1ritun fr\u00e1 Degi til J\u00f3hannesar \u00far K\u00f6tlum.<\/p>\n","protected":false},"excerpt":{"rendered":"<p>Millj\u00f3na\u00e6vint\u00fdri\u00f0. Lj\u00f3\u00f0ab\u00f3k eftir Dag Sigur\u00f0arson. B\u00f3kin er h\u00f6nnu\u00f0 af Hafsteini Gu\u00f0mundssyni og er bundin \u00ed alband \u00far papp\u00edr og \u00e1prenta\u00f0ir mi\u00f0ar \u00e1 kj\u00f6l og framhli\u00f0. St\u00e6r\u00f0: 17.3 X 10.7 cm og 64 bls. \u00datg\u00e1fa og prentun: Heimskringla. Reykjav\u00edk 1960. Prentsmi\u00f0jan H\u00f3lar. \u00c1ritun fr\u00e1 Degi til J\u00f3hannesar \u00far K\u00f6tlum.<\/p>\n","protected":false},"featured_media":5503,"template":"","meta":{"slim_seo":{"title":"Millj\u00f3na\u00e6vint\u00fdri\u00f0 - KindArt","description":"Millj\u00f3na\u00e6vint\u00fdri\u00f0 . Lj\u00f3\u00f0ab\u00f3k eftir Dag Sigur\u00f0arson. B\u00f3kin er h\u00f6nnu\u00f0 af Hafsteini Gu\u00f0mundssyni og er bundin \u00ed alband \u00far papp\u00edr og \u00e1prenta\u00f0ir mi\u00f0ar \u00e1 kj\u00f6l og fram"}},"product_brand":[],"product_cat":[],"product_tag":[],"class_list":{"0":"post-5509","1":"product","2":"type-product","3":"status-publish","4":"has-post-thumbnail","7":"first","8":"outofstock","9":"sold-individually","10":"purchasable","11":"product-type-simple"},"_links":{"self":[{"href":"https:\/\/kindart.is\/en\/wp-json\/wp\/v2\/product\/5509","targetHints":{"allow":["GET"]}}],"collection":[{"href":"https:\/\/kindart.is\/en\/wp-json\/wp\/v2\/product"}],"about":[{"href":"https:\/\/kindart.is\/en\/wp-json\/wp\/v2\/types\/product"}],"wp:featuredmedia":[{"embeddable":true,"href":"https:\/\/kindart.is\/en\/wp-json\/wp\/v2\/media\/5503"}],"wp:attachment":[{"href":"https:\/\/kindart.is\/en\/wp-json\/wp\/v2\/media?parent=5509"}],"wp:term":[{"taxonomy":"product_brand","embeddable":true,"href":"https:\/\/kindart.is\/en\/wp-json\/wp\/v2\/product_brand?post=5509"},{"taxonomy":"product_cat","embeddable":true,"href":"https:\/\/kindart.is\/en\/wp-json\/wp\/v2\/product_cat?post=5509"},{"taxonomy":"product_tag","embeddable":true,"href":"https:\/\/kindart.is\/en\/wp-json\/wp\/v2\/product_tag?post=5509"}],"curies":[{"name":"wp","href":"https:\/\/api.w.org\/{rel}","templated":true}]}}