{"id":5516,"date":"2022-09-08T12:08:47","date_gmt":"2022-09-08T12:08:47","guid":{"rendered":"https:\/\/kindart.is\/product\/rangarvellir-1930\/"},"modified":"2022-09-08T12:08:47","modified_gmt":"2022-09-08T12:08:47","slug":"rangarvellir-1930","status":"publish","type":"product","link":"https:\/\/kindart.is\/en\/vara\/rangarvellir-1930\/","title":{"rendered":"Rang\u00e1rvellir 1930"},"content":{"rendered":"<p><strong>Rang\u00e1rvellir 1930<\/strong>. Rang\u00e1r\u00feing II. \u00de\u00e6ttir um land og l\u00fd\u00f0 I. \u2013 L\u00fdsing landslags, jar\u00f0a og b\u00faenda. Uppdr\u00e6ttir b\u00e6janna, m.m. eftir Helgu Sk\u00falad\u00f3ttur. Fyrst \u00fatgefin 1949. B\u00f3kin er bundin \u00ed \u00e1prenta\u00f0 plastefni en l\u00edkt eftir g\u00f6mlu bandi. St\u00e6r\u00f0: 23 X 15.3 cm og 134 bls. + fj\u00f6ldi teikninga og uppdr\u00e1tta eftir Helgu Sk\u00falad\u00f3ttur fr\u00e1 Selal\u00e6k.<\/p>\n<p><strong>\u00datg\u00e1fa og prentun<\/strong>:<br \/>\n\u00datgefandi: Rang\u00e6ingaf\u00e9lagi\u00f0 \u00ed Reykjav\u00edk. 2014. Prentun: G\u00f0j\u00f3n\u00d3, vistv\u00e6n prentsmi\u00f0ja.<\/p>\n","protected":false},"excerpt":{"rendered":"<p>Rang\u00e1rvellir 1930. Rang\u00e1r\u00feing II. \u00de\u00e6ttir um land og l\u00fd\u00f0 I. \u2013 L\u00fdsing landslags, jar\u00f0a og b\u00faenda. Uppdr\u00e6ttir b\u00e6janna, m.m. eftir Helgu Sk\u00falad\u00f3ttur. Fyrst \u00fatgefin 1949. B\u00f3kin er bundin \u00ed \u00e1prenta\u00f0 plastefni en l\u00edkt eftir g\u00f6mlu bandi. St\u00e6r\u00f0: 23 X 15.3 cm og 134 bls. + fj\u00f6ldi teikninga og uppdr\u00e1tta eftir Helgu Sk\u00falad\u00f3ttur fr\u00e1 Selal\u00e6k. \u00datg\u00e1fa [&hellip;]<\/p>\n","protected":false},"featured_media":5512,"template":"","meta":{"slim_seo":{"title":"Rang\u00e1rvellir 1930 - KindArt","description":"Rang\u00e1rvellir 1930 . Rang\u00e1r\u00feing II. \u00de\u00e6ttir um land og l\u00fd\u00f0 I. \u2013 L\u00fdsing landslags, jar\u00f0a og b\u00faenda. Uppdr\u00e6ttir b\u00e6janna, m.m. eftir Helgu Sk\u00falad\u00f3ttur. Fyrst \u00fatgefin"}},"product_brand":[],"product_cat":[83],"product_tag":[],"class_list":{"0":"post-5516","1":"product","2":"type-product","3":"status-publish","4":"has-post-thumbnail","6":"product_cat-books","7":"product_shipping_class-small-en","9":"first","10":"outofstock","11":"sold-individually","12":"purchasable","13":"product-type-simple"},"_links":{"self":[{"href":"https:\/\/kindart.is\/en\/wp-json\/wp\/v2\/product\/5516","targetHints":{"allow":["GET"]}}],"collection":[{"href":"https:\/\/kindart.is\/en\/wp-json\/wp\/v2\/product"}],"about":[{"href":"https:\/\/kindart.is\/en\/wp-json\/wp\/v2\/types\/product"}],"wp:featuredmedia":[{"embeddable":true,"href":"https:\/\/kindart.is\/en\/wp-json\/wp\/v2\/media\/5512"}],"wp:attachment":[{"href":"https:\/\/kindart.is\/en\/wp-json\/wp\/v2\/media?parent=5516"}],"wp:term":[{"taxonomy":"product_brand","embeddable":true,"href":"https:\/\/kindart.is\/en\/wp-json\/wp\/v2\/product_brand?post=5516"},{"taxonomy":"product_cat","embeddable":true,"href":"https:\/\/kindart.is\/en\/wp-json\/wp\/v2\/product_cat?post=5516"},{"taxonomy":"product_tag","embeddable":true,"href":"https:\/\/kindart.is\/en\/wp-json\/wp\/v2\/product_tag?post=5516"}],"curies":[{"name":"wp","href":"https:\/\/api.w.org\/{rel}","templated":true}]}}