{"id":5523,"date":"2022-09-08T12:19:31","date_gmt":"2022-09-08T12:19:31","guid":{"rendered":"https:\/\/kindart.is\/product\/sambandsmal-a-althingi-1918-1940\/"},"modified":"2022-09-08T12:19:31","modified_gmt":"2022-09-08T12:19:31","slug":"sambandsmal-a-althingi-1918-1940","status":"publish","type":"product","link":"https:\/\/kindart.is\/en\/vara\/sambandsmal-a-althingi-1918-1940\/","title":{"rendered":"Sambandsm\u00e1l \u00e1 Al\u00feingi 1918-1940"},"content":{"rendered":"<p><strong>Sambandsm\u00e1l \u00e1 Al\u00feingi 1918-1940<\/strong>. Brot \u00far \u00feingr\u00e6\u00f0um. Haraldur J\u00f3hannsson t\u00f3k saman. \u00cd inngangi er rakinn a\u00f0dragandinn a\u00f0 ger\u00f0 dansk-\u00edslenzka sambandslagasamningsins og tildr\u00f6gin a\u00f0 s\u00ed\u00f0ari umr\u00e6\u00f0um \u00e1 Al\u00feingi. \u00c1 k\u00e1punni er mynd af Sambandslaganefndinni 1918. B\u00f3kin er kilja 18.2 X 12 cm a\u00f0 st\u00e6r\u00f0 og 1562 bls.<\/p>\n<p><strong>\u00datg\u00e1fa og prentun<\/strong>:<br \/>\n\u00datgefandi: Haraldur J\u00f3hannsson og Heimskringla. Reykjav\u00edk 1977. Arnarprent.<\/p>\n","protected":false},"excerpt":{"rendered":"<p>Sambandsm\u00e1l \u00e1 Al\u00feingi 1918-1940. Brot \u00far \u00feingr\u00e6\u00f0um. Haraldur J\u00f3hannsson t\u00f3k saman. \u00cd inngangi er rakinn a\u00f0dragandinn a\u00f0 ger\u00f0 dansk-\u00edslenzka sambandslagasamningsins og tildr\u00f6gin a\u00f0 s\u00ed\u00f0ari umr\u00e6\u00f0um \u00e1 Al\u00feingi. \u00c1 k\u00e1punni er mynd af Sambandslaganefndinni 1918. B\u00f3kin er kilja 18.2 X 12 cm a\u00f0 st\u00e6r\u00f0 og 1562 bls. \u00datg\u00e1fa og prentun: \u00datgefandi: Haraldur J\u00f3hannsson og Heimskringla. Reykjav\u00edk [&hellip;]<\/p>\n","protected":false},"featured_media":5519,"template":"","meta":{"slim_seo":{"title":"Sambandsm\u00e1l \u00e1 Al\u00feingi 1918-1940 - KindArt","description":"Sambandsm\u00e1l \u00e1 Al\u00feingi 1918-1940 . Brot \u00far \u00feingr\u00e6\u00f0um. Haraldur J\u00f3hannsson t\u00f3k saman. \u00cd inngangi er rakinn a\u00f0dragandinn a\u00f0 ger\u00f0 dansk-\u00edslenzka sambandslagasamning"}},"product_brand":[],"product_cat":[83],"product_tag":[],"class_list":{"0":"post-5523","1":"product","2":"type-product","3":"status-publish","4":"has-post-thumbnail","6":"product_cat-books","7":"product_shipping_class-small-en","9":"first","10":"outofstock","11":"sold-individually","12":"purchasable","13":"product-type-simple"},"_links":{"self":[{"href":"https:\/\/kindart.is\/en\/wp-json\/wp\/v2\/product\/5523","targetHints":{"allow":["GET"]}}],"collection":[{"href":"https:\/\/kindart.is\/en\/wp-json\/wp\/v2\/product"}],"about":[{"href":"https:\/\/kindart.is\/en\/wp-json\/wp\/v2\/types\/product"}],"wp:featuredmedia":[{"embeddable":true,"href":"https:\/\/kindart.is\/en\/wp-json\/wp\/v2\/media\/5519"}],"wp:attachment":[{"href":"https:\/\/kindart.is\/en\/wp-json\/wp\/v2\/media?parent=5523"}],"wp:term":[{"taxonomy":"product_brand","embeddable":true,"href":"https:\/\/kindart.is\/en\/wp-json\/wp\/v2\/product_brand?post=5523"},{"taxonomy":"product_cat","embeddable":true,"href":"https:\/\/kindart.is\/en\/wp-json\/wp\/v2\/product_cat?post=5523"},{"taxonomy":"product_tag","embeddable":true,"href":"https:\/\/kindart.is\/en\/wp-json\/wp\/v2\/product_tag?post=5523"}],"curies":[{"name":"wp","href":"https:\/\/api.w.org\/{rel}","templated":true}]}}