{"id":5530,"date":"2022-09-08T12:24:51","date_gmt":"2022-09-08T12:24:51","guid":{"rendered":"https:\/\/kindart.is\/product\/snot-i-bindi\/"},"modified":"2022-09-08T12:24:51","modified_gmt":"2022-09-08T12:24:51","slug":"snot-i-bindi","status":"publish","type":"product","link":"https:\/\/kindart.is\/en\/vara\/snot-i-bindi\/","title":{"rendered":"Sn\u00f3t. I. bindi"},"content":{"rendered":"<p><strong>Sn\u00f3t<\/strong>. I. bindi. Nokkur kv\u00e6\u00f0i eftir \u00fdmiss sk\u00e1ld. Einar Thorlacius bj\u00f3 til prentunar. \u00deetta safn kom fyrst \u00fat \u00ed Kaupmannah\u00f6fn 1850 og voru \u00fatgefendur: G\u00edsli Magn\u00fasson, sem var kennari vi\u00f0 Lat\u00ednusk\u00f3lann \u00ed Reykjav\u00edk og J\u00f3n Thoroddsen. H\u00e9r eru birtir 3 form\u00e1lar \u00feeira \u00fatg\u00e1fa sem \u00e1 undan h\u00f6f\u00f0u komi\u00f0. B\u00f3kin er 18.2 X 12 cm a\u00f0 st\u00e6r\u00f0 og 272 bls. auk efnisyfirlits, h\u00f6fundaskr\u00e1r og myndaskr\u00e1r. B\u00f3kin er bundin \u00ed papp\u00edrsskinnl\u00edki \u00ed alband og gyllt \u00e1 kj\u00f6linn. Auk \u00feessarar b\u00f3kar voru gefnar \u00fat tv\u00e6r b\u00e6kur \u00ed sama formi, sem h\u00e9tu Svava og Svanhv\u00edt.<\/p>\n<p><strong>\u00datg\u00e1fa og prentun<\/strong>:<br \/>\nFj\u00f3r\u00f0a \u00fatg\u00e1fa, \u00datgefandi \u00cdsafoldarprentsmi\u00f0ja, Reykjav\u00edk 1945. Prenta\u00f0 \u00ed \u00cdsafoldarprentsmi\u00f0ju.<\/p>\n<p>B\u00f3kmerki Hallbj\u00f6rns Halld\u00f3rssonar prentara.<\/p>\n","protected":false},"excerpt":{"rendered":"<p>Sn\u00f3t. I. bindi. Nokkur kv\u00e6\u00f0i eftir \u00fdmiss sk\u00e1ld. Einar Thorlacius bj\u00f3 til prentunar. \u00deetta safn kom fyrst \u00fat \u00ed Kaupmannah\u00f6fn 1850 og voru \u00fatgefendur: G\u00edsli Magn\u00fasson, sem var kennari vi\u00f0 Lat\u00ednusk\u00f3lann \u00ed Reykjav\u00edk og J\u00f3n Thoroddsen. H\u00e9r eru birtir 3 form\u00e1lar \u00feeira \u00fatg\u00e1fa sem \u00e1 undan h\u00f6f\u00f0u komi\u00f0. B\u00f3kin er 18.2 X 12 cm a\u00f0 [&hellip;]<\/p>\n","protected":false},"featured_media":5526,"template":"","meta":{"slim_seo":{"title":"Sn\u00f3t. I. bindi - KindArt","description":"Sn\u00f3t . I. bindi. Nokkur kv\u00e6\u00f0i eftir \u00fdmiss sk\u00e1ld. Einar Thorlacius bj\u00f3 til prentunar. \u00deetta safn kom fyrst \u00fat \u00ed Kaupmannah\u00f6fn 1850 og voru \u00fatgefendur: G\u00edsli Magn"}},"product_brand":[],"product_cat":[83],"product_tag":[],"class_list":{"0":"post-5530","1":"product","2":"type-product","3":"status-publish","4":"has-post-thumbnail","6":"product_cat-books","7":"product_shipping_class-small-en","9":"first","10":"instock","11":"sold-individually","12":"purchasable","13":"product-type-simple"},"_links":{"self":[{"href":"https:\/\/kindart.is\/en\/wp-json\/wp\/v2\/product\/5530","targetHints":{"allow":["GET"]}}],"collection":[{"href":"https:\/\/kindart.is\/en\/wp-json\/wp\/v2\/product"}],"about":[{"href":"https:\/\/kindart.is\/en\/wp-json\/wp\/v2\/types\/product"}],"wp:featuredmedia":[{"embeddable":true,"href":"https:\/\/kindart.is\/en\/wp-json\/wp\/v2\/media\/5526"}],"wp:attachment":[{"href":"https:\/\/kindart.is\/en\/wp-json\/wp\/v2\/media?parent=5530"}],"wp:term":[{"taxonomy":"product_brand","embeddable":true,"href":"https:\/\/kindart.is\/en\/wp-json\/wp\/v2\/product_brand?post=5530"},{"taxonomy":"product_cat","embeddable":true,"href":"https:\/\/kindart.is\/en\/wp-json\/wp\/v2\/product_cat?post=5530"},{"taxonomy":"product_tag","embeddable":true,"href":"https:\/\/kindart.is\/en\/wp-json\/wp\/v2\/product_tag?post=5530"}],"curies":[{"name":"wp","href":"https:\/\/api.w.org\/{rel}","templated":true}]}}