{"id":5535,"date":"2022-09-08T12:29:11","date_gmt":"2022-09-08T12:29:11","guid":{"rendered":"https:\/\/kindart.is\/product\/sogur-ur-sidunni\/"},"modified":"2022-09-08T12:29:11","modified_gmt":"2022-09-08T12:29:11","slug":"sogur-ur-sidunni","status":"publish","type":"product","link":"https:\/\/kindart.is\/en\/vara\/sogur-ur-sidunni\/","title":{"rendered":"S\u00f6gur \u00far S\u00ed\u00f0unni"},"content":{"rendered":"<p><strong>S\u00f6gur \u00far S\u00ed\u00f0unni<\/strong> \u2013 \u00ferett\u00e1n myndir \u00far gleymsku eftir B\u00f6\u00f0var Gu\u00f0mundsson. B\u00f3kin er bundin \u00ed forlagsband, alband \u00ed papp\u00edr me\u00f0 \u00e1prenta\u00f0ri hl\u00edf\u00f0ark\u00e1pu. St\u00e6r\u00f0: 21.5 X 14.5 cm og 240 bls.<\/p>\n<p><strong>\u00datg\u00e1fa og prentun<\/strong>:<br \/>\n\u00datgefandi: Uppheimar. Akranes 2007. Prentun: Bookwell Ltd.<\/p>\n","protected":false},"excerpt":{"rendered":"<p>S\u00f6gur \u00far S\u00ed\u00f0unni \u2013 \u00ferett\u00e1n myndir \u00far gleymsku eftir B\u00f6\u00f0var Gu\u00f0mundsson. B\u00f3kin er bundin \u00ed forlagsband, alband \u00ed papp\u00edr me\u00f0 \u00e1prenta\u00f0ri hl\u00edf\u00f0ark\u00e1pu. St\u00e6r\u00f0: 21.5 X 14.5 cm og 240 bls. \u00datg\u00e1fa og prentun: \u00datgefandi: Uppheimar. Akranes 2007. Prentun: Bookwell Ltd.<\/p>\n","protected":false},"featured_media":5533,"template":"","meta":{"slim_seo":{"title":"S\u00f6gur \u00far S\u00ed\u00f0unni - KindArt","description":"S\u00f6gur \u00far S\u00ed\u00f0unni \u2013 \u00ferett\u00e1n myndir \u00far gleymsku eftir B\u00f6\u00f0var Gu\u00f0mundsson. B\u00f3kin er bundin \u00ed forlagsband, alband \u00ed papp\u00edr me\u00f0 \u00e1prenta\u00f0ri hl\u00edf\u00f0ark\u00e1pu. St\u00e6r\u00f0: 21.5 X"}},"product_brand":[],"product_cat":[83],"product_tag":[],"class_list":{"0":"post-5535","1":"product","2":"type-product","3":"status-publish","4":"has-post-thumbnail","6":"product_cat-books","7":"product_shipping_class-small-en","9":"first","10":"outofstock","11":"sold-individually","12":"purchasable","13":"product-type-simple"},"_links":{"self":[{"href":"https:\/\/kindart.is\/en\/wp-json\/wp\/v2\/product\/5535","targetHints":{"allow":["GET"]}}],"collection":[{"href":"https:\/\/kindart.is\/en\/wp-json\/wp\/v2\/product"}],"about":[{"href":"https:\/\/kindart.is\/en\/wp-json\/wp\/v2\/types\/product"}],"wp:featuredmedia":[{"embeddable":true,"href":"https:\/\/kindart.is\/en\/wp-json\/wp\/v2\/media\/5533"}],"wp:attachment":[{"href":"https:\/\/kindart.is\/en\/wp-json\/wp\/v2\/media?parent=5535"}],"wp:term":[{"taxonomy":"product_brand","embeddable":true,"href":"https:\/\/kindart.is\/en\/wp-json\/wp\/v2\/product_brand?post=5535"},{"taxonomy":"product_cat","embeddable":true,"href":"https:\/\/kindart.is\/en\/wp-json\/wp\/v2\/product_cat?post=5535"},{"taxonomy":"product_tag","embeddable":true,"href":"https:\/\/kindart.is\/en\/wp-json\/wp\/v2\/product_tag?post=5535"}],"curies":[{"name":"wp","href":"https:\/\/api.w.org\/{rel}","templated":true}]}}