{"id":5542,"date":"2022-09-08T12:34:53","date_gmt":"2022-09-08T12:34:53","guid":{"rendered":"https:\/\/kindart.is\/product\/til-landsins\/"},"modified":"2022-09-08T12:34:53","modified_gmt":"2022-09-08T12:34:53","slug":"til-landsins","status":"publish","type":"product","link":"https:\/\/kindart.is\/en\/vara\/til-landsins\/","title":{"rendered":"Til landsins"},"content":{"rendered":"<p><strong>Til landsins<\/strong>. \u00cdsland \u00ed lj\u00f3\u00f0um sautj\u00e1n n\u00fat\u00edmask\u00e1lda. J\u00f3hann Hj\u00e1lmarsson valdi lj\u00f3\u00f0in. H\u00e9r yrkja til \u00cdslands eftirtalin sk\u00e1ld: &#8211; J\u00f3hannes \u00far K\u00f6tlum, T\u00f3mas Gu\u00f0mundsson, Gu\u00f0mundur B\u00f6\u00f0varsson, \u00deorgeir Sveinbjarnarson, Snorri Hjartarson, Steinn Steinarr, J\u00f3n \u00far V\u00f6r, Stef\u00e1n H\u00f6r\u00f0ur Gr\u00edmsson, Einar Bragi, J\u00f3n \u00d3skar, Sigf\u00fas Da\u00f0ason, Vilborg Dagbjartsd\u00f3ttir, Matth\u00edas Johannessen, Hannes P\u00e9tursson, \u00deorsteinn fr\u00e1 Hamri, J\u00f3hann Hj\u00e1lmarsson og N\u00edna Bj\u00f6rk \u00c1rnad\u00f3ttir. Myndir: Sverrir Haraldsson. B\u00f3kin er bundin \u00ed forlagsband (plastefni) alband. Gyllt \u00e1 kj\u00f6l og framhli\u00f0. St\u00e6r\u00f0: 20.3 X 15 cm og 92 bls.<\/p>\n<p><strong>\u00datg\u00e1fa og prentun<\/strong>:<br \/>\nH\u00f6rpu\u00fatg\u00e1fan. Akranesi 1974. Prentun: Prentverk Akraness. B\u00f3kband: B\u00f3kbindarinn Reykjav\u00edk.<\/p>\n","protected":false},"excerpt":{"rendered":"<p>Til landsins. \u00cdsland \u00ed lj\u00f3\u00f0um sautj\u00e1n n\u00fat\u00edmask\u00e1lda. J\u00f3hann Hj\u00e1lmarsson valdi lj\u00f3\u00f0in. H\u00e9r yrkja til \u00cdslands eftirtalin sk\u00e1ld: &#8211; J\u00f3hannes \u00far K\u00f6tlum, T\u00f3mas Gu\u00f0mundsson, Gu\u00f0mundur B\u00f6\u00f0varsson, \u00deorgeir Sveinbjarnarson, Snorri Hjartarson, Steinn Steinarr, J\u00f3n \u00far V\u00f6r, Stef\u00e1n H\u00f6r\u00f0ur Gr\u00edmsson, Einar Bragi, J\u00f3n \u00d3skar, Sigf\u00fas Da\u00f0ason, Vilborg Dagbjartsd\u00f3ttir, Matth\u00edas Johannessen, Hannes P\u00e9tursson, \u00deorsteinn fr\u00e1 Hamri, J\u00f3hann Hj\u00e1lmarsson og [&hellip;]<\/p>\n","protected":false},"featured_media":5538,"template":"","meta":{"slim_seo":{"title":"Til landsins - KindArt","description":"Til landsins . \u00cdsland \u00ed lj\u00f3\u00f0um sautj\u00e1n n\u00fat\u00edmask\u00e1lda. J\u00f3hann Hj\u00e1lmarsson valdi lj\u00f3\u00f0in. H\u00e9r yrkja til \u00cdslands eftirtalin sk\u00e1ld: - J\u00f3hannes \u00far K\u00f6tlum, T\u00f3mas Gu\u00f0mun"}},"product_brand":[],"product_cat":[83],"product_tag":[],"class_list":{"0":"post-5542","1":"product","2":"type-product","3":"status-publish","4":"has-post-thumbnail","6":"product_cat-books","7":"product_shipping_class-small-en","9":"first","10":"instock","11":"sold-individually","12":"purchasable","13":"product-type-simple"},"_links":{"self":[{"href":"https:\/\/kindart.is\/en\/wp-json\/wp\/v2\/product\/5542","targetHints":{"allow":["GET"]}}],"collection":[{"href":"https:\/\/kindart.is\/en\/wp-json\/wp\/v2\/product"}],"about":[{"href":"https:\/\/kindart.is\/en\/wp-json\/wp\/v2\/types\/product"}],"wp:featuredmedia":[{"embeddable":true,"href":"https:\/\/kindart.is\/en\/wp-json\/wp\/v2\/media\/5538"}],"wp:attachment":[{"href":"https:\/\/kindart.is\/en\/wp-json\/wp\/v2\/media?parent=5542"}],"wp:term":[{"taxonomy":"product_brand","embeddable":true,"href":"https:\/\/kindart.is\/en\/wp-json\/wp\/v2\/product_brand?post=5542"},{"taxonomy":"product_cat","embeddable":true,"href":"https:\/\/kindart.is\/en\/wp-json\/wp\/v2\/product_cat?post=5542"},{"taxonomy":"product_tag","embeddable":true,"href":"https:\/\/kindart.is\/en\/wp-json\/wp\/v2\/product_tag?post=5542"}],"curies":[{"name":"wp","href":"https:\/\/api.w.org\/{rel}","templated":true}]}}