{"id":5549,"date":"2022-09-08T12:39:15","date_gmt":"2022-09-08T12:39:15","guid":{"rendered":"https:\/\/kindart.is\/product\/viktoria\/"},"modified":"2024-11-26T17:34:24","modified_gmt":"2024-11-26T17:34:24","slug":"viktoria","status":"publish","type":"product","link":"https:\/\/kindart.is\/en\/vara\/viktoria\/","title":{"rendered":"Viktor\u00eda"},"content":{"rendered":"<p><strong>Viktor\u00eda<\/strong>. \u00c1starsaga. Sk\u00e1ldsaga eftir Knut Hamsun. J\u00f3n Sigur\u00f0sson fr\u00e1 Kalda\u00f0arnesi \u00fe\u00fdddi. Atli M\u00e1r teikna\u00f0i myndirnar. B\u00f3kin er bundin \u00ed shirting,alband og gyllt \u00e1 kj\u00f6l og framhli\u00f0. St\u00e6r\u00f0: 23.8 X 16 cm og 163 bls.<\/p>\n<p><strong>\u00datg\u00e1fa og prentun<\/strong>:<br \/>\n\u00d6nnur \u00fatg\u00e1fa. B\u00f3kfells\u00fatg\u00e1fan, Reykjav\u00edk 1945. Prentsmi\u00f0ja J\u00f3ns Helgasonar.<\/p>\n","protected":false},"excerpt":{"rendered":"<p>Viktor\u00eda. \u00c1starsaga. Sk\u00e1ldsaga eftir Knut Hamsun. J\u00f3n Sigur\u00f0sson fr\u00e1 Kalda\u00f0arnesi \u00fe\u00fdddi. Atli M\u00e1r teikna\u00f0i myndirnar. B\u00f3kin er bundin \u00ed shirting,alband og gyllt \u00e1 kj\u00f6l og framhli\u00f0. St\u00e6r\u00f0: 23.8 X 16 cm og 163 bls. \u00datg\u00e1fa og prentun: \u00d6nnur \u00fatg\u00e1fa. B\u00f3kfells\u00fatg\u00e1fan, Reykjav\u00edk 1945. Prentsmi\u00f0ja J\u00f3ns Helgasonar.<\/p>\n","protected":false},"featured_media":5545,"template":"","meta":{"slim_seo":{"title":"Viktor\u00eda - KindArt","description":"Viktor\u00eda . \u00c1starsaga. Sk\u00e1ldsaga eftir Knut Hamsun. J\u00f3n Sigur\u00f0sson fr\u00e1 Kalda\u00f0arnesi \u00fe\u00fdddi. Atli M\u00e1r teikna\u00f0i myndirnar. B\u00f3kin er bundin \u00ed shirting,alband og gyll"}},"product_brand":[],"product_cat":[83],"product_tag":[],"class_list":{"0":"post-5549","1":"product","2":"type-product","3":"status-publish","4":"has-post-thumbnail","6":"product_cat-books","7":"product_shipping_class-small-en","9":"first","10":"outofstock","11":"sold-individually","12":"purchasable","13":"product-type-simple"},"_links":{"self":[{"href":"https:\/\/kindart.is\/en\/wp-json\/wp\/v2\/product\/5549","targetHints":{"allow":["GET"]}}],"collection":[{"href":"https:\/\/kindart.is\/en\/wp-json\/wp\/v2\/product"}],"about":[{"href":"https:\/\/kindart.is\/en\/wp-json\/wp\/v2\/types\/product"}],"wp:featuredmedia":[{"embeddable":true,"href":"https:\/\/kindart.is\/en\/wp-json\/wp\/v2\/media\/5545"}],"wp:attachment":[{"href":"https:\/\/kindart.is\/en\/wp-json\/wp\/v2\/media?parent=5549"}],"wp:term":[{"taxonomy":"product_brand","embeddable":true,"href":"https:\/\/kindart.is\/en\/wp-json\/wp\/v2\/product_brand?post=5549"},{"taxonomy":"product_cat","embeddable":true,"href":"https:\/\/kindart.is\/en\/wp-json\/wp\/v2\/product_cat?post=5549"},{"taxonomy":"product_tag","embeddable":true,"href":"https:\/\/kindart.is\/en\/wp-json\/wp\/v2\/product_tag?post=5549"}],"curies":[{"name":"wp","href":"https:\/\/api.w.org\/{rel}","templated":true}]}}