{"id":5598,"date":"2022-10-07T00:41:58","date_gmt":"2022-10-07T00:41:58","guid":{"rendered":"https:\/\/kindart.is\/product\/anna\/"},"modified":"2022-10-07T00:41:58","modified_gmt":"2022-10-07T00:41:58","slug":"anna","status":"publish","type":"product","link":"https:\/\/kindart.is\/en\/vara\/anna\/","title":{"rendered":"Anna"},"content":{"rendered":"<p><strong>Anna<\/strong> eftir Gu\u00f0berg Bergsson. Gott eintak, innbundi\u00f0 \u00ed rautt shirtingsband, en \u00e1n k\u00e1pu. B\u00f3kin er 21.5 X 13.7 cm og 250 bls. a\u00f0 st\u00e6r\u00f0.<\/p>\n<p><strong>\u00datg\u00e1fa og prentun<\/strong>:<br \/>\nHelgafell, Reykjav\u00edk 1969. V\u00edkingsprent.<\/p>\n","protected":false},"excerpt":{"rendered":"<p>Anna eftir Gu\u00f0berg Bergsson. Gott eintak, innbundi\u00f0 \u00ed rautt shirtingsband, en \u00e1n k\u00e1pu. B\u00f3kin er 21.5 X 13.7 cm og 250 bls. a\u00f0 st\u00e6r\u00f0. \u00datg\u00e1fa og prentun: Helgafell, Reykjav\u00edk 1969. V\u00edkingsprent.<\/p>\n","protected":false},"featured_media":5594,"template":"","meta":{"slim_seo":{"title":"Anna - KindArt","description":"Anna eftir Gu\u00f0berg Bergsson. Gott eintak, innbundi\u00f0 \u00ed rautt shirtingsband, en \u00e1n k\u00e1pu. B\u00f3kin er 21.5 X 13.7 cm og 250 bls. a\u00f0 st\u00e6r\u00f0. \u00datg\u00e1fa og prentun : Helgafe"}},"product_brand":[],"product_cat":[83],"product_tag":[],"class_list":{"0":"post-5598","1":"product","2":"type-product","3":"status-publish","4":"has-post-thumbnail","6":"product_cat-books","7":"product_shipping_class-small-en","9":"first","10":"instock","11":"sold-individually","12":"purchasable","13":"product-type-simple"},"_links":{"self":[{"href":"https:\/\/kindart.is\/en\/wp-json\/wp\/v2\/product\/5598","targetHints":{"allow":["GET"]}}],"collection":[{"href":"https:\/\/kindart.is\/en\/wp-json\/wp\/v2\/product"}],"about":[{"href":"https:\/\/kindart.is\/en\/wp-json\/wp\/v2\/types\/product"}],"wp:featuredmedia":[{"embeddable":true,"href":"https:\/\/kindart.is\/en\/wp-json\/wp\/v2\/media\/5594"}],"wp:attachment":[{"href":"https:\/\/kindart.is\/en\/wp-json\/wp\/v2\/media?parent=5598"}],"wp:term":[{"taxonomy":"product_brand","embeddable":true,"href":"https:\/\/kindart.is\/en\/wp-json\/wp\/v2\/product_brand?post=5598"},{"taxonomy":"product_cat","embeddable":true,"href":"https:\/\/kindart.is\/en\/wp-json\/wp\/v2\/product_cat?post=5598"},{"taxonomy":"product_tag","embeddable":true,"href":"https:\/\/kindart.is\/en\/wp-json\/wp\/v2\/product_tag?post=5598"}],"curies":[{"name":"wp","href":"https:\/\/api.w.org\/{rel}","templated":true}]}}