{"id":5607,"date":"2022-10-07T00:49:31","date_gmt":"2022-10-07T00:49:31","guid":{"rendered":"https:\/\/kindart.is\/product\/faereyjar\/"},"modified":"2022-10-07T00:49:31","modified_gmt":"2022-10-07T00:49:31","slug":"faereyjar","status":"publish","type":"product","link":"https:\/\/kindart.is\/en\/vara\/faereyjar\/","title":{"rendered":"F\u00e6reyjar"},"content":{"rendered":"<p><strong>F\u00e6reyjar<\/strong> eftir Gils Gu\u00f0mundsson, sem er 5. bindi \u00ed B\u00f3kaflokknum L\u00f6nd og l\u00fd\u00f0ir sem gefin var \u00fat \u00e1 vegum Menningarsj\u00f3\u00f0s. \u00deetta er mj\u00f6g fr\u00f3\u00f0leg b\u00f3k um land, s\u00f6gu, menningu og \u00fej\u00f3\u00f0l\u00edf F\u00e6reyinga. \u00de\u00e1 er einnig kafli um samskipti F\u00e6reyinga og \u00cdslendinga. Gils skrifar stuttan eftirm\u00e1la og skr\u00e1 um heimildarrit um F\u00e6reyjar.\u2028B\u00f3kin er 21.7 X 14 cm og 216 bls. a\u00f0 st\u00e6r\u00f0.<\/p>\n<p><strong>\u00datg\u00e1fa og prentun<\/strong>:<br \/>\nB\u00f3ka\u00fatg\u00e1fa Menningarsj\u00f3\u00f0s, Reykjav\u00edk 1968. Al\u00fe\u00fd\u00f0uprentsmi\u00f0jan.<\/p>\n","protected":false},"excerpt":{"rendered":"<p>F\u00e6reyjar eftir Gils Gu\u00f0mundsson, sem er 5. bindi \u00ed B\u00f3kaflokknum L\u00f6nd og l\u00fd\u00f0ir sem gefin var \u00fat \u00e1 vegum Menningarsj\u00f3\u00f0s. \u00deetta er mj\u00f6g fr\u00f3\u00f0leg b\u00f3k um land, s\u00f6gu, menningu og \u00fej\u00f3\u00f0l\u00edf F\u00e6reyinga. \u00de\u00e1 er einnig kafli um samskipti F\u00e6reyinga og \u00cdslendinga. Gils skrifar stuttan eftirm\u00e1la og skr\u00e1 um heimildarrit um F\u00e6reyjar.\u2028B\u00f3kin er 21.7 X 14 [&hellip;]<\/p>\n","protected":false},"featured_media":5601,"template":"","meta":{"slim_seo":{"title":"F\u00e6reyjar - KindArt","description":"F\u00e6reyjar eftir Gils Gu\u00f0mundsson, sem er 5. bindi \u00ed B\u00f3kaflokknum L\u00f6nd og l\u00fd\u00f0ir sem gefin var \u00fat \u00e1 vegum Menningarsj\u00f3\u00f0s. \u00deetta er mj\u00f6g fr\u00f3\u00f0leg b\u00f3k um land, s\u00f6gu,"}},"product_brand":[],"product_cat":[83],"product_tag":[],"class_list":{"0":"post-5607","1":"product","2":"type-product","3":"status-publish","4":"has-post-thumbnail","6":"product_cat-books","7":"product_shipping_class-small-en","9":"first","10":"instock","11":"sold-individually","12":"purchasable","13":"product-type-simple"},"_links":{"self":[{"href":"https:\/\/kindart.is\/en\/wp-json\/wp\/v2\/product\/5607","targetHints":{"allow":["GET"]}}],"collection":[{"href":"https:\/\/kindart.is\/en\/wp-json\/wp\/v2\/product"}],"about":[{"href":"https:\/\/kindart.is\/en\/wp-json\/wp\/v2\/types\/product"}],"wp:featuredmedia":[{"embeddable":true,"href":"https:\/\/kindart.is\/en\/wp-json\/wp\/v2\/media\/5601"}],"wp:attachment":[{"href":"https:\/\/kindart.is\/en\/wp-json\/wp\/v2\/media?parent=5607"}],"wp:term":[{"taxonomy":"product_brand","embeddable":true,"href":"https:\/\/kindart.is\/en\/wp-json\/wp\/v2\/product_brand?post=5607"},{"taxonomy":"product_cat","embeddable":true,"href":"https:\/\/kindart.is\/en\/wp-json\/wp\/v2\/product_cat?post=5607"},{"taxonomy":"product_tag","embeddable":true,"href":"https:\/\/kindart.is\/en\/wp-json\/wp\/v2\/product_tag?post=5607"}],"curies":[{"name":"wp","href":"https:\/\/api.w.org\/{rel}","templated":true}]}}