{"id":5612,"date":"2022-10-07T00:53:46","date_gmt":"2022-10-07T00:53:46","guid":{"rendered":"https:\/\/kindart.is\/product\/fataekt\/"},"modified":"2022-10-07T00:53:46","modified_gmt":"2022-10-07T00:53:46","slug":"fataekt","status":"publish","type":"product","link":"https:\/\/kindart.is\/en\/vara\/fataekt\/","title":{"rendered":"F\u00e1t\u00e6kt"},"content":{"rendered":"<p><strong>F\u00e1t\u00e6kt<\/strong> eftir M. Wilkins (Mary Eleanor Wilkins) sem var bandar\u00edskur rith\u00f6fundur (1852-1930). \u00d3\u00feekktur \u00fe\u00fd\u00f0andi. Mary Wilkins samdi fyrst lj\u00f3\u00f0 og sm\u00e1s\u00f6gur fyrir b\u00f6rn, en seinna var\u00f0 h\u00fan mikilvirkur sm\u00e1sagnah\u00f6fundur. \u00deessi saga var \u00fe\u00fddd og gefin \u00fat \u00e1 Eskifir\u00f0i 1906 sem fylgirit me\u00f0 bla\u00f0inu Dagfari. \u00dea\u00f0 bla\u00f0 kom a\u00f0eins \u00fat \u00ed 1 \u00e1r en s\u00ed\u00f0an var prentsmi\u00f0jan verkefnalaus. Um svipa\u00f0 leyti og \u00feessi saga kom \u00fat \u00e1 Eskifir\u00f0i h\u00f3f Halld\u00f3r Stef\u00e1nsson sm\u00e1sagnah\u00f6fundur \u00fear prentn\u00e1m en lauk \u00fev\u00ed seinna \u00ed Prentsmi\u00f0ju Austurlands \u00e1 Sey\u00f0isfir\u00f0i. \u2013 \u00deessi sm\u00e1saga M. Wilkins eru 9 lausar arkir \u00ed plasthylki. St\u00e6r\u00f0: 19.5 X 13 cm og 142 bls.<\/p>\n<p><strong>\u00datg\u00e1fa og prentun<\/strong>:<br \/>\nFylgirit Dagfara, Eskifir\u00f0i 1906. Prentsmi\u00f0ja Dagfara.<\/p>\n<p>Forngripur.<\/p>\n","protected":false},"excerpt":{"rendered":"<p>F\u00e1t\u00e6kt eftir M. Wilkins (Mary Eleanor Wilkins) sem var bandar\u00edskur rith\u00f6fundur (1852-1930). \u00d3\u00feekktur \u00fe\u00fd\u00f0andi. Mary Wilkins samdi fyrst lj\u00f3\u00f0 og sm\u00e1s\u00f6gur fyrir b\u00f6rn, en seinna var\u00f0 h\u00fan mikilvirkur sm\u00e1sagnah\u00f6fundur. \u00deessi saga var \u00fe\u00fddd og gefin \u00fat \u00e1 Eskifir\u00f0i 1906 sem fylgirit me\u00f0 bla\u00f0inu Dagfari. \u00dea\u00f0 bla\u00f0 kom a\u00f0eins \u00fat \u00ed 1 \u00e1r en s\u00ed\u00f0an var [&hellip;]<\/p>\n","protected":false},"featured_media":5610,"template":"","meta":{"slim_seo":{"title":"F\u00e1t\u00e6kt - KindArt","description":"F\u00e1t\u00e6kt eftir M. Wilkins (Mary Eleanor Wilkins) sem var bandar\u00edskur rith\u00f6fundur (1852-1930). \u00d3\u00feekktur \u00fe\u00fd\u00f0andi. Mary Wilkins samdi fyrst lj\u00f3\u00f0 og sm\u00e1s\u00f6gur fyrir b\u00f6"}},"product_brand":[],"product_cat":[83],"product_tag":[],"class_list":{"0":"post-5612","1":"product","2":"type-product","3":"status-publish","4":"has-post-thumbnail","6":"product_cat-books","7":"product_shipping_class-small-en","9":"first","10":"instock","11":"purchasable","12":"product-type-simple"},"_links":{"self":[{"href":"https:\/\/kindart.is\/en\/wp-json\/wp\/v2\/product\/5612","targetHints":{"allow":["GET"]}}],"collection":[{"href":"https:\/\/kindart.is\/en\/wp-json\/wp\/v2\/product"}],"about":[{"href":"https:\/\/kindart.is\/en\/wp-json\/wp\/v2\/types\/product"}],"wp:featuredmedia":[{"embeddable":true,"href":"https:\/\/kindart.is\/en\/wp-json\/wp\/v2\/media\/5610"}],"wp:attachment":[{"href":"https:\/\/kindart.is\/en\/wp-json\/wp\/v2\/media?parent=5612"}],"wp:term":[{"taxonomy":"product_brand","embeddable":true,"href":"https:\/\/kindart.is\/en\/wp-json\/wp\/v2\/product_brand?post=5612"},{"taxonomy":"product_cat","embeddable":true,"href":"https:\/\/kindart.is\/en\/wp-json\/wp\/v2\/product_cat?post=5612"},{"taxonomy":"product_tag","embeddable":true,"href":"https:\/\/kindart.is\/en\/wp-json\/wp\/v2\/product_tag?post=5612"}],"curies":[{"name":"wp","href":"https:\/\/api.w.org\/{rel}","templated":true}]}}