{"id":5637,"date":"2022-10-08T14:29:11","date_gmt":"2022-10-08T14:29:11","guid":{"rendered":"https:\/\/kindart.is\/product\/andvokur-urval\/"},"modified":"2022-10-08T14:29:11","modified_gmt":"2022-10-08T14:29:11","slug":"andvokur-urval","status":"publish","type":"product","link":"https:\/\/kindart.is\/en\/vara\/andvokur-urval\/","title":{"rendered":"Andv\u00f6kur \u2013 \u00darval"},"content":{"rendered":"<p><strong>Andv\u00f6kur \u2013 \u00darval<\/strong>. Lj\u00f3\u00f0 eftir Stephan G. Stephansson. Sigur\u00f0ur Nordal valdi lj\u00f3\u00f0in og gaf \u00fat. Hann ritar einnig form\u00e1la og rekur \u00e6fi Stephans G. \u2013 B\u00f3kin er \u00ed forlagsbandi. Bundin \u00ed svart skinn \u00e1 kj\u00f6l og horn og kl\u00e6dd me\u00f0 sl\u00f6ngupapp\u00edr. Ekta gylling \u00e1 kili, upphleypingar. Sterk saurbl\u00f6\u00f0. Gott eintak.<\/p>\n<p><strong>\u00datg\u00e1fa og prentun<\/strong>:<br \/>\nM\u00e1l og menning \u00ed samstarfi vi\u00f0 Sigur\u00f0 Nordal, Reykjav\u00edk 1939. \u00cdsafoldarprentsmi\u00f0ja.<\/p>\n","protected":false},"excerpt":{"rendered":"<p>Andv\u00f6kur \u2013 \u00darval. Lj\u00f3\u00f0 eftir Stephan G. Stephansson. Sigur\u00f0ur Nordal valdi lj\u00f3\u00f0in og gaf \u00fat. Hann ritar einnig form\u00e1la og rekur \u00e6fi Stephans G. \u2013 B\u00f3kin er \u00ed forlagsbandi. Bundin \u00ed svart skinn \u00e1 kj\u00f6l og horn og kl\u00e6dd me\u00f0 sl\u00f6ngupapp\u00edr. Ekta gylling \u00e1 kili, upphleypingar. Sterk saurbl\u00f6\u00f0. Gott eintak. \u00datg\u00e1fa og prentun: M\u00e1l og [&hellip;]<\/p>\n","protected":false},"featured_media":5633,"template":"","meta":{"slim_seo":{"title":"Andv\u00f6kur \u2013 \u00darval - KindArt","description":"Andv\u00f6kur \u2013 \u00darval . Lj\u00f3\u00f0 eftir Stephan G. Stephansson. Sigur\u00f0ur Nordal valdi lj\u00f3\u00f0in og gaf \u00fat. Hann ritar einnig form\u00e1la og rekur \u00e6fi Stephans G. \u2013 B\u00f3kin er \u00ed fo"}},"product_brand":[],"product_cat":[83],"product_tag":[],"class_list":{"0":"post-5637","1":"product","2":"type-product","3":"status-publish","4":"has-post-thumbnail","6":"product_cat-books","7":"product_shipping_class-small-en","9":"first","10":"outofstock","11":"sold-individually","12":"purchasable","13":"product-type-simple"},"_links":{"self":[{"href":"https:\/\/kindart.is\/en\/wp-json\/wp\/v2\/product\/5637","targetHints":{"allow":["GET"]}}],"collection":[{"href":"https:\/\/kindart.is\/en\/wp-json\/wp\/v2\/product"}],"about":[{"href":"https:\/\/kindart.is\/en\/wp-json\/wp\/v2\/types\/product"}],"wp:featuredmedia":[{"embeddable":true,"href":"https:\/\/kindart.is\/en\/wp-json\/wp\/v2\/media\/5633"}],"wp:attachment":[{"href":"https:\/\/kindart.is\/en\/wp-json\/wp\/v2\/media?parent=5637"}],"wp:term":[{"taxonomy":"product_brand","embeddable":true,"href":"https:\/\/kindart.is\/en\/wp-json\/wp\/v2\/product_brand?post=5637"},{"taxonomy":"product_cat","embeddable":true,"href":"https:\/\/kindart.is\/en\/wp-json\/wp\/v2\/product_cat?post=5637"},{"taxonomy":"product_tag","embeddable":true,"href":"https:\/\/kindart.is\/en\/wp-json\/wp\/v2\/product_tag?post=5637"}],"curies":[{"name":"wp","href":"https:\/\/api.w.org\/{rel}","templated":true}]}}