{"id":5644,"date":"2022-10-08T14:34:52","date_gmt":"2022-10-08T14:34:52","guid":{"rendered":"https:\/\/kindart.is\/product\/modirin\/"},"modified":"2022-10-08T14:34:52","modified_gmt":"2022-10-08T14:34:52","slug":"modirin","status":"publish","type":"product","link":"https:\/\/kindart.is\/en\/vara\/modirin\/","title":{"rendered":"M\u00f3\u00f0irin"},"content":{"rendered":"<p><strong>M\u00f3\u00f0irin<\/strong> eftir Maxim Gorki. Halld\u00f3r Stef\u00e1nsson \u00fe\u00fdddi b\u00f3kina. H\u00fan var fyrsta b\u00f3kin sem \u00fatg\u00e1fuf\u00e9lagi\u00f0 M\u00e1l og menning gaf \u00fat, en \u00fea\u00f0 var 1938. \u00de\u00e1 kom fyrra bindi\u00f0 \u00fat, en \u00fea\u00f0 s\u00ed\u00f0ara \u00e1ri\u00f0 eftir, 1939. Maxim Gorki var fimm sinnum tilnefndur til N\u00f3belsver\u00f0launa \u00ed b\u00f3kmenntum. B\u00f3kin var gefin \u00fat \u00ed tveimur bindum, bundin \u00ed rautt shirtingsband. St\u00e6r\u00f0: 19 X 12.8 cm og bindi I. 246 bls. en bindi II. 280 bls.<\/p>\n<p><strong>\u00datg\u00e1fa og prentun<\/strong>:<br \/>\nM\u00e1l og menning, Reykjav\u00edk 1938 og 1939. F\u00e9lagsprentsmi\u00f0jan.<\/p>\n","protected":false},"excerpt":{"rendered":"<p>M\u00f3\u00f0irin eftir Maxim Gorki. Halld\u00f3r Stef\u00e1nsson \u00fe\u00fdddi b\u00f3kina. H\u00fan var fyrsta b\u00f3kin sem \u00fatg\u00e1fuf\u00e9lagi\u00f0 M\u00e1l og menning gaf \u00fat, en \u00fea\u00f0 var 1938. \u00de\u00e1 kom fyrra bindi\u00f0 \u00fat, en \u00fea\u00f0 s\u00ed\u00f0ara \u00e1ri\u00f0 eftir, 1939. Maxim Gorki var fimm sinnum tilnefndur til N\u00f3belsver\u00f0launa \u00ed b\u00f3kmenntum. B\u00f3kin var gefin \u00fat \u00ed tveimur bindum, bundin \u00ed rautt shirtingsband. [&hellip;]<\/p>\n","protected":false},"featured_media":5640,"template":"","meta":{"slim_seo":{"title":"M\u00f3\u00f0irin - KindArt","description":"M\u00f3\u00f0irin eftir Maxim Gorki. Halld\u00f3r Stef\u00e1nsson \u00fe\u00fdddi b\u00f3kina. H\u00fan var fyrsta b\u00f3kin sem \u00fatg\u00e1fuf\u00e9lagi\u00f0 M\u00e1l og menning gaf \u00fat, en \u00fea\u00f0 var 1938. \u00de\u00e1 kom fyrra bindi\u00f0 \u00fa"}},"product_brand":[],"product_cat":[83],"product_tag":[],"class_list":{"0":"post-5644","1":"product","2":"type-product","3":"status-publish","4":"has-post-thumbnail","6":"product_cat-books","7":"product_shipping_class-small-en","9":"first","10":"instock","11":"sold-individually","12":"purchasable","13":"product-type-simple"},"_links":{"self":[{"href":"https:\/\/kindart.is\/en\/wp-json\/wp\/v2\/product\/5644","targetHints":{"allow":["GET"]}}],"collection":[{"href":"https:\/\/kindart.is\/en\/wp-json\/wp\/v2\/product"}],"about":[{"href":"https:\/\/kindart.is\/en\/wp-json\/wp\/v2\/types\/product"}],"wp:featuredmedia":[{"embeddable":true,"href":"https:\/\/kindart.is\/en\/wp-json\/wp\/v2\/media\/5640"}],"wp:attachment":[{"href":"https:\/\/kindart.is\/en\/wp-json\/wp\/v2\/media?parent=5644"}],"wp:term":[{"taxonomy":"product_brand","embeddable":true,"href":"https:\/\/kindart.is\/en\/wp-json\/wp\/v2\/product_brand?post=5644"},{"taxonomy":"product_cat","embeddable":true,"href":"https:\/\/kindart.is\/en\/wp-json\/wp\/v2\/product_cat?post=5644"},{"taxonomy":"product_tag","embeddable":true,"href":"https:\/\/kindart.is\/en\/wp-json\/wp\/v2\/product_tag?post=5644"}],"curies":[{"name":"wp","href":"https:\/\/api.w.org\/{rel}","templated":true}]}}