{"id":5649,"date":"2022-10-08T14:40:04","date_gmt":"2022-10-08T14:40:04","guid":{"rendered":"https:\/\/kindart.is\/product\/simar-i-reykjavik-1938-eftir-gotunumerum\/"},"modified":"2022-12-18T14:36:33","modified_gmt":"2022-12-18T14:36:33","slug":"simar-i-reykjavik-1938-eftir-gotunumerum","status":"publish","type":"product","link":"https:\/\/kindart.is\/en\/vara\/simar-i-reykjavik-1938-eftir-gotunumerum\/","title":{"rendered":"S\u00edmar \u00ed Reykjav\u00edk 1938 eftir g\u00f6tun\u00famerum"},"content":{"rendered":"<p><strong>S\u00edmar \u00ed Reykjav\u00edk 1938 eftir g\u00f6tun\u00famerum<\/strong>. Saumheft b\u00f3k l\u00edmd inn \u00ed gr\u00e1a kartonk\u00e1pu. St\u00e6r\u00f0: 20.8 X 13.7 cm og 50 bls. \u2013 Framk\u00e1pa laus fr\u00e1 b\u00f3k.<\/p>\n<p><strong>\u00datg\u00e1fa og prentun<\/strong>:<br \/>\n\u00datgefanda ekki geti\u00f0, Reykjav\u00edk 1938. Fj\u00f6lritun D. Halld\u00f3rsson.<\/p>\n","protected":false},"excerpt":{"rendered":"<p>S\u00edmar \u00ed Reykjav\u00edk 1938 eftir g\u00f6tun\u00famerum. Saumheft b\u00f3k l\u00edmd inn \u00ed gr\u00e1a kartonk\u00e1pu. St\u00e6r\u00f0: 20.8 X 13.7 cm og 50 bls. \u2013 Framk\u00e1pa laus fr\u00e1 b\u00f3k. \u00datg\u00e1fa og prentun: \u00datgefanda ekki geti\u00f0, Reykjav\u00edk 1938. Fj\u00f6lritun D. Halld\u00f3rsson.<\/p>\n","protected":false},"featured_media":5647,"template":"","meta":{"slim_seo":{"title":"S\u00edmar \u00ed Reykjav\u00edk 1938 eftir g\u00f6tun\u00famerum - KindArt","description":"S\u00edmar \u00ed Reykjav\u00edk 1938 eftir g\u00f6tun\u00famerum . Saumheft b\u00f3k l\u00edmd inn \u00ed gr\u00e1a kartonk\u00e1pu. St\u00e6r\u00f0: 20.8 X 13.7 cm og 50 bls. \u2013 Framk\u00e1pa laus fr\u00e1 b\u00f3k. \u00datg\u00e1fa og prentun"}},"product_brand":[],"product_cat":[83],"product_tag":[],"class_list":{"0":"post-5649","1":"product","2":"type-product","3":"status-publish","4":"has-post-thumbnail","6":"product_cat-books","7":"product_shipping_class-small-en","9":"first","10":"outofstock","11":"sold-individually","12":"purchasable","13":"product-type-simple"},"_links":{"self":[{"href":"https:\/\/kindart.is\/en\/wp-json\/wp\/v2\/product\/5649","targetHints":{"allow":["GET"]}}],"collection":[{"href":"https:\/\/kindart.is\/en\/wp-json\/wp\/v2\/product"}],"about":[{"href":"https:\/\/kindart.is\/en\/wp-json\/wp\/v2\/types\/product"}],"wp:featuredmedia":[{"embeddable":true,"href":"https:\/\/kindart.is\/en\/wp-json\/wp\/v2\/media\/5647"}],"wp:attachment":[{"href":"https:\/\/kindart.is\/en\/wp-json\/wp\/v2\/media?parent=5649"}],"wp:term":[{"taxonomy":"product_brand","embeddable":true,"href":"https:\/\/kindart.is\/en\/wp-json\/wp\/v2\/product_brand?post=5649"},{"taxonomy":"product_cat","embeddable":true,"href":"https:\/\/kindart.is\/en\/wp-json\/wp\/v2\/product_cat?post=5649"},{"taxonomy":"product_tag","embeddable":true,"href":"https:\/\/kindart.is\/en\/wp-json\/wp\/v2\/product_tag?post=5649"}],"curies":[{"name":"wp","href":"https:\/\/api.w.org\/{rel}","templated":true}]}}