{"id":5654,"date":"2022-10-08T14:45:06","date_gmt":"2022-10-08T14:45:06","guid":{"rendered":"https:\/\/kindart.is\/product\/simaskra-1947-48\/"},"modified":"2022-10-08T14:45:06","modified_gmt":"2022-10-08T14:45:06","slug":"simaskra-1947-48","status":"publish","type":"product","link":"https:\/\/kindart.is\/en\/vara\/simaskra-1947-48\/","title":{"rendered":"S\u00edmaskr\u00e1 1947-48"},"content":{"rendered":"<p><strong>S\u00edmaskr\u00e1 1947-48<\/strong> \u2013 Skr\u00e1 um tals\u00edmanotendur \u00ed Reykjav\u00edk og Hafnarfir\u00f0i, b\u00e6\u00f0i stafr\u00f3fsskr\u00e1 og n\u00fameraskr\u00e1. \u00de\u00e1 eru \u00ed b\u00f3kinni Atvinnu- og vi\u00f0skiptaskr\u00e1 tals\u00edmanotenda \u00ed Reykjav\u00edk og Hafnarfir\u00f0i, Gjaldskr\u00e1r og reglur og margar fleiri uppl\u00fdsingar. \u00deessi s\u00edmaskr\u00e1 er ekki me\u00f0 registri a\u00f0 framan eins og var \u00e1\u00f0ur fyrr, en er a\u00f0eins st\u00e6rri en skr\u00e1in 1939. St\u00e6r\u00f0: 24.7 X 18.7 cm. H\u00fan er saumheft og sett \u00ed mj\u00faka kartonk\u00e1pu. R\u00fannu\u00f0 horn a\u00f0 framan og gat bora\u00f0 \u00ed vinstra horn a\u00f0 ofan og seglgarn \u00ed til a\u00f0 geta hengt b\u00f3kina upp \u00e1 vegg.<\/p>\n<p><strong>\u00datg\u00e1fa og prentun<\/strong>:<br \/>\nGefin \u00fat af P\u00f3st- og s\u00edmam\u00e1lastj\u00f3rninni, Reykjav\u00edk 1948. R\u00edkisprentsmi\u00f0jan Gutenberg.<\/p>\n","protected":false},"excerpt":{"rendered":"<p>S\u00edmaskr\u00e1 1947-48 \u2013 Skr\u00e1 um tals\u00edmanotendur \u00ed Reykjav\u00edk og Hafnarfir\u00f0i, b\u00e6\u00f0i stafr\u00f3fsskr\u00e1 og n\u00fameraskr\u00e1. \u00de\u00e1 eru \u00ed b\u00f3kinni Atvinnu- og vi\u00f0skiptaskr\u00e1 tals\u00edmanotenda \u00ed Reykjav\u00edk og Hafnarfir\u00f0i, Gjaldskr\u00e1r og reglur og margar fleiri uppl\u00fdsingar. \u00deessi s\u00edmaskr\u00e1 er ekki me\u00f0 registri a\u00f0 framan eins og var \u00e1\u00f0ur fyrr, en er a\u00f0eins st\u00e6rri en skr\u00e1in 1939. St\u00e6r\u00f0: 24.7 [&hellip;]<\/p>\n","protected":false},"featured_media":5652,"template":"","meta":{"slim_seo":{"title":"S\u00edmaskr\u00e1 1947-48 - KindArt","description":"S\u00edmaskr\u00e1 1947-48 \u2013 Skr\u00e1 um tals\u00edmanotendur \u00ed Reykjav\u00edk og Hafnarfir\u00f0i, b\u00e6\u00f0i stafr\u00f3fsskr\u00e1 og n\u00fameraskr\u00e1. \u00de\u00e1 eru \u00ed b\u00f3kinni Atvinnu- og vi\u00f0skiptaskr\u00e1 tals\u00edmanotend"}},"product_brand":[],"product_cat":[83],"product_tag":[],"class_list":{"0":"post-5654","1":"product","2":"type-product","3":"status-publish","4":"has-post-thumbnail","6":"product_cat-books","7":"product_shipping_class-small-en","9":"first","10":"instock","11":"sold-individually","12":"purchasable","13":"product-type-simple"},"_links":{"self":[{"href":"https:\/\/kindart.is\/en\/wp-json\/wp\/v2\/product\/5654","targetHints":{"allow":["GET"]}}],"collection":[{"href":"https:\/\/kindart.is\/en\/wp-json\/wp\/v2\/product"}],"about":[{"href":"https:\/\/kindart.is\/en\/wp-json\/wp\/v2\/types\/product"}],"wp:featuredmedia":[{"embeddable":true,"href":"https:\/\/kindart.is\/en\/wp-json\/wp\/v2\/media\/5652"}],"wp:attachment":[{"href":"https:\/\/kindart.is\/en\/wp-json\/wp\/v2\/media?parent=5654"}],"wp:term":[{"taxonomy":"product_brand","embeddable":true,"href":"https:\/\/kindart.is\/en\/wp-json\/wp\/v2\/product_brand?post=5654"},{"taxonomy":"product_cat","embeddable":true,"href":"https:\/\/kindart.is\/en\/wp-json\/wp\/v2\/product_cat?post=5654"},{"taxonomy":"product_tag","embeddable":true,"href":"https:\/\/kindart.is\/en\/wp-json\/wp\/v2\/product_tag?post=5654"}],"curies":[{"name":"wp","href":"https:\/\/api.w.org\/{rel}","templated":true}]}}