{"id":5659,"date":"2022-10-08T14:48:40","date_gmt":"2022-10-08T14:48:40","guid":{"rendered":"https:\/\/kindart.is\/product\/simaskra-2016\/"},"modified":"2022-10-08T14:48:40","modified_gmt":"2022-10-08T14:48:40","slug":"simaskra-2016","status":"publish","type":"product","link":"https:\/\/kindart.is\/en\/vara\/simaskra-2016\/","title":{"rendered":"S\u00edmaskr\u00e1 2016"},"content":{"rendered":"<p><strong>S\u00edmaskr\u00e1 2016<\/strong> \u2013 \u00cd tilefni \u00feess a\u00f0 \u00feetta er s\u00ed\u00f0asta \u00fatg\u00e1fa s\u00edmaskr\u00e1rinnar \u00ed bili a.m.k. \u00fe\u00e1 er b\u00f3kin \u00ed h\u00e1t\u00ed\u00f0arb\u00faningi og er fors\u00ed\u00f0an h\u00f6nnu\u00f0 af Gu\u00f0mundi Oddi Magn\u00fassyni (Goddi) en saga s\u00edmaskr\u00e1rinnar er samin af Stef\u00e1ni P\u00e1lssyni sagnfr\u00e6\u00f0ingi. A\u00f0 \u00f6\u00f0ru leyti var b\u00f3kin me\u00f0 s\u00f6mu uppl\u00fdsingar og \u00e1\u00f0ur haf\u00f0i veri\u00f0. Innan \u00e1 k\u00e1pus\u00ed\u00f0u b\u00f3karinnar segir Stef\u00e1n P\u00e1lsson \u201eS\u00edmaskr\u00e1r eru heillandi hemildir fyrir sagnfr\u00e6\u00f0inga &#8211; &#8211; &#8211; \u201c. B\u00f3kin er 29.6 X 21 cm og 3.7 cm \u00e1 \u00feykkt. Bla\u00f0s\u00ed\u00f0ufj\u00f6ldi er 1404, en b\u00f3kin er l\u00edmbundin og sett \u00ed glanskartonk\u00e1pu.<\/p>\n<p><strong>\u00datg\u00e1fa og prentun<\/strong>:<br \/>\n\u00datgefandi: J\u00e1 hf, Reykjav\u00edk 2016. Prentun: Stibo Graphic.<\/p>\n","protected":false},"excerpt":{"rendered":"<p>S\u00edmaskr\u00e1 2016 \u2013 \u00cd tilefni \u00feess a\u00f0 \u00feetta er s\u00ed\u00f0asta \u00fatg\u00e1fa s\u00edmaskr\u00e1rinnar \u00ed bili a.m.k. \u00fe\u00e1 er b\u00f3kin \u00ed h\u00e1t\u00ed\u00f0arb\u00faningi og er fors\u00ed\u00f0an h\u00f6nnu\u00f0 af Gu\u00f0mundi Oddi Magn\u00fassyni (Goddi) en saga s\u00edmaskr\u00e1rinnar er samin af Stef\u00e1ni P\u00e1lssyni sagnfr\u00e6\u00f0ingi. A\u00f0 \u00f6\u00f0ru leyti var b\u00f3kin me\u00f0 s\u00f6mu uppl\u00fdsingar og \u00e1\u00f0ur haf\u00f0i veri\u00f0. Innan \u00e1 k\u00e1pus\u00ed\u00f0u b\u00f3karinnar segir [&hellip;]<\/p>\n","protected":false},"featured_media":5657,"template":"","meta":{"slim_seo":{"title":"S\u00edmaskr\u00e1 2016 - KindArt","description":"S\u00edmaskr\u00e1 2016 \u2013 \u00cd tilefni \u00feess a\u00f0 \u00feetta er s\u00ed\u00f0asta \u00fatg\u00e1fa s\u00edmaskr\u00e1rinnar \u00ed bili a.m.k. \u00fe\u00e1 er b\u00f3kin \u00ed h\u00e1t\u00ed\u00f0arb\u00faningi og er fors\u00ed\u00f0an h\u00f6nnu\u00f0 af Gu\u00f0mundi Oddi Magn\u00fa"}},"product_brand":[],"product_cat":[83],"product_tag":[],"class_list":{"0":"post-5659","1":"product","2":"type-product","3":"status-publish","4":"has-post-thumbnail","6":"product_cat-books","7":"product_shipping_class-medium-en","9":"first","10":"outofstock","11":"sold-individually","12":"purchasable","13":"product-type-simple"},"_links":{"self":[{"href":"https:\/\/kindart.is\/en\/wp-json\/wp\/v2\/product\/5659","targetHints":{"allow":["GET"]}}],"collection":[{"href":"https:\/\/kindart.is\/en\/wp-json\/wp\/v2\/product"}],"about":[{"href":"https:\/\/kindart.is\/en\/wp-json\/wp\/v2\/types\/product"}],"wp:featuredmedia":[{"embeddable":true,"href":"https:\/\/kindart.is\/en\/wp-json\/wp\/v2\/media\/5657"}],"wp:attachment":[{"href":"https:\/\/kindart.is\/en\/wp-json\/wp\/v2\/media?parent=5659"}],"wp:term":[{"taxonomy":"product_brand","embeddable":true,"href":"https:\/\/kindart.is\/en\/wp-json\/wp\/v2\/product_brand?post=5659"},{"taxonomy":"product_cat","embeddable":true,"href":"https:\/\/kindart.is\/en\/wp-json\/wp\/v2\/product_cat?post=5659"},{"taxonomy":"product_tag","embeddable":true,"href":"https:\/\/kindart.is\/en\/wp-json\/wp\/v2\/product_tag?post=5659"}],"curies":[{"name":"wp","href":"https:\/\/api.w.org\/{rel}","templated":true}]}}