{"id":5666,"date":"2022-10-08T14:51:51","date_gmt":"2022-10-08T14:51:51","guid":{"rendered":"https:\/\/kindart.is\/product\/tomas-jonsson-metsolubok\/"},"modified":"2022-10-08T14:51:51","modified_gmt":"2022-10-08T14:51:51","slug":"tomas-jonsson-metsolubok","status":"publish","type":"product","link":"https:\/\/kindart.is\/en\/vara\/tomas-jonsson-metsolubok\/","title":{"rendered":"T\u00f3mas J\u00f3nsson Mets\u00f6lub\u00f3k"},"content":{"rendered":"<p><strong>T\u00f3mas J\u00f3nsson Mets\u00f6lub\u00f3k<\/strong>. B\u00f3kin vakti miki\u00f0 umtal \u00e1 s\u00ednum t\u00edma og er yfirleitt tala\u00f0 um hana sem fyrstu \u00edslensku n\u00fat\u00edmask\u00e1lds\u00f6guna. H\u00fan er af m\u00f6rgum talin t\u00edmam\u00f3taverk \u00ed \u00edslenskri sk\u00e1ldsagnager\u00f0. B\u00f3kin er bundin inn \u00ed alband, \u00ed gerviefni, gott eintak en er k\u00e1pulaus. St\u00e6r\u00f0: 21.5 X 13.7 cm og 355 bls. Saurbla\u00f0 rifi\u00f0 a\u00f0 aftan.<\/p>\n<p><strong>\u00datg\u00e1fa og prentun<\/strong>:<br \/>\nHelgafell, Reykjav\u00edk 1966. V\u00edkingsprent.<\/p>\n","protected":false},"excerpt":{"rendered":"<p>T\u00f3mas J\u00f3nsson Mets\u00f6lub\u00f3k. B\u00f3kin vakti miki\u00f0 umtal \u00e1 s\u00ednum t\u00edma og er yfirleitt tala\u00f0 um hana sem fyrstu \u00edslensku n\u00fat\u00edmask\u00e1lds\u00f6guna. H\u00fan er af m\u00f6rgum talin t\u00edmam\u00f3taverk \u00ed \u00edslenskri sk\u00e1ldsagnager\u00f0. B\u00f3kin er bundin inn \u00ed alband, \u00ed gerviefni, gott eintak en er k\u00e1pulaus. St\u00e6r\u00f0: 21.5 X 13.7 cm og 355 bls. Saurbla\u00f0 rifi\u00f0 a\u00f0 aftan. \u00datg\u00e1fa [&hellip;]<\/p>\n","protected":false},"featured_media":5662,"template":"","meta":{"slim_seo":{"title":"T\u00f3mas J\u00f3nsson Mets\u00f6lub\u00f3k - KindArt","description":"T\u00f3mas J\u00f3nsson Mets\u00f6lub\u00f3k . B\u00f3kin vakti miki\u00f0 umtal \u00e1 s\u00ednum t\u00edma og er yfirleitt tala\u00f0 um hana sem fyrstu \u00edslensku n\u00fat\u00edmask\u00e1lds\u00f6guna. H\u00fan er af m\u00f6rgum talin t\u00edma"}},"product_brand":[],"product_cat":[83],"product_tag":[],"class_list":{"0":"post-5666","1":"product","2":"type-product","3":"status-publish","4":"has-post-thumbnail","6":"product_cat-books","7":"product_shipping_class-small-en","9":"first","10":"outofstock","11":"sold-individually","12":"purchasable","13":"product-type-simple"},"_links":{"self":[{"href":"https:\/\/kindart.is\/en\/wp-json\/wp\/v2\/product\/5666","targetHints":{"allow":["GET"]}}],"collection":[{"href":"https:\/\/kindart.is\/en\/wp-json\/wp\/v2\/product"}],"about":[{"href":"https:\/\/kindart.is\/en\/wp-json\/wp\/v2\/types\/product"}],"wp:featuredmedia":[{"embeddable":true,"href":"https:\/\/kindart.is\/en\/wp-json\/wp\/v2\/media\/5662"}],"wp:attachment":[{"href":"https:\/\/kindart.is\/en\/wp-json\/wp\/v2\/media?parent=5666"}],"wp:term":[{"taxonomy":"product_brand","embeddable":true,"href":"https:\/\/kindart.is\/en\/wp-json\/wp\/v2\/product_brand?post=5666"},{"taxonomy":"product_cat","embeddable":true,"href":"https:\/\/kindart.is\/en\/wp-json\/wp\/v2\/product_cat?post=5666"},{"taxonomy":"product_tag","embeddable":true,"href":"https:\/\/kindart.is\/en\/wp-json\/wp\/v2\/product_tag?post=5666"}],"curies":[{"name":"wp","href":"https:\/\/api.w.org\/{rel}","templated":true}]}}