{"id":5671,"date":"2022-10-08T14:55:26","date_gmt":"2022-10-08T14:55:26","guid":{"rendered":"https:\/\/kindart.is\/product\/simaskra-1939\/"},"modified":"2022-10-08T14:55:26","modified_gmt":"2022-10-08T14:55:26","slug":"simaskra-1939","status":"publish","type":"product","link":"https:\/\/kindart.is\/en\/vara\/simaskra-1939\/","title":{"rendered":"S\u00edmaskr\u00e1 1939"},"content":{"rendered":"<p><strong>S\u00edmaskr\u00e1 1939<\/strong> \u2013 Skr\u00e1 um tals\u00edmanotendur \u00ed Reykjav\u00edk 1939. \u00de\u00e1 er skr\u00e1 um tals\u00edmanotendur \u00ed Hafnarfir\u00f0i 1939. S\u00ed\u00f0an eru N\u00fameraskr\u00e1 Reykjav\u00edkur, Atvinnu- og vi\u00f0skiptaskr\u00e1, prentu\u00f0 \u00e1 bleikan papp\u00edr. \u00de\u00e1 koma Landss\u00edmast\u00f6\u00f0var eftir stafr\u00f3fsr\u00f6\u00f0, en aftast eru Gjaldskr\u00e1r og Reglur. \u2013 Augl\u00fdsingar eru \u00e1 v\u00ed\u00f0 og dreif um b\u00f3kina. S\u00edmaskr\u00e1in haf\u00f0i \u00fe\u00e1 s\u00e9rst\u00f6\u00f0u \u00ed b\u00f3kager\u00f0 a\u00f0 h\u00fan var registeru\u00f0, en \u00fe\u00e1 er \u00e1l\u00edmdur mi\u00f0i fyrir hvern staf a\u00f0 framan og s\u00ed\u00f0an skori\u00f0 \u00far og er \u00fe\u00e1 betra a\u00f0 leita \u00ed skr\u00e1nni a\u00f0 vissum n\u00f6fnum. \u2013 Ritstj\u00f3ri var \u00d3lafur Kvaran. \u2013 B\u00f3kin er bundin \u00ed st\u00edft band me\u00f0 spj\u00f6ldum \u00far \u00feykkum karton og \u00e1l\u00edmdur shirtingur \u00e1 kj\u00f6linn.. R\u00fanu\u00f0 horn og g\u00f6tu\u00f0 efst vi\u00f0 kj\u00f6linn til a\u00f0 h\u00e6gt s\u00e9 a\u00f0 hengja hana \u00e1 nagla e\u00f0a hanka. St\u00e6r\u00f0: 21.7 X13.8 cm og 478 bls. Gott eintak.<\/p>\n<p><strong>\u00datg\u00e1fa og prentun<\/strong>:<br \/>\nLands\u00edmi \u00cdslands, Reykjav\u00edk 1938. R\u00edkisprentsmi\u00f0jan Gutenberg.<\/p>\n","protected":false},"excerpt":{"rendered":"<p>S\u00edmaskr\u00e1 1939 \u2013 Skr\u00e1 um tals\u00edmanotendur \u00ed Reykjav\u00edk 1939. \u00de\u00e1 er skr\u00e1 um tals\u00edmanotendur \u00ed Hafnarfir\u00f0i 1939. S\u00ed\u00f0an eru N\u00fameraskr\u00e1 Reykjav\u00edkur, Atvinnu- og vi\u00f0skiptaskr\u00e1, prentu\u00f0 \u00e1 bleikan papp\u00edr. \u00de\u00e1 koma Landss\u00edmast\u00f6\u00f0var eftir stafr\u00f3fsr\u00f6\u00f0, en aftast eru Gjaldskr\u00e1r og Reglur. \u2013 Augl\u00fdsingar eru \u00e1 v\u00ed\u00f0 og dreif um b\u00f3kina. S\u00edmaskr\u00e1in haf\u00f0i \u00fe\u00e1 s\u00e9rst\u00f6\u00f0u \u00ed b\u00f3kager\u00f0 a\u00f0 [&hellip;]<\/p>\n","protected":false},"featured_media":5669,"template":"","meta":{"slim_seo":{"title":"S\u00edmaskr\u00e1 1939 - KindArt","description":"S\u00edmaskr\u00e1 1939 \u2013 Skr\u00e1 um tals\u00edmanotendur \u00ed Reykjav\u00edk 1939. \u00de\u00e1 er skr\u00e1 um tals\u00edmanotendur \u00ed Hafnarfir\u00f0i 1939. S\u00ed\u00f0an eru N\u00fameraskr\u00e1 Reykjav\u00edkur, Atvinnu- og vi\u00f0ski"}},"product_brand":[],"product_cat":[83],"product_tag":[],"class_list":{"0":"post-5671","1":"product","2":"type-product","3":"status-publish","4":"has-post-thumbnail","6":"product_cat-books","7":"product_shipping_class-small-en","9":"first","10":"instock","11":"sold-individually","12":"purchasable","13":"product-type-simple"},"_links":{"self":[{"href":"https:\/\/kindart.is\/en\/wp-json\/wp\/v2\/product\/5671","targetHints":{"allow":["GET"]}}],"collection":[{"href":"https:\/\/kindart.is\/en\/wp-json\/wp\/v2\/product"}],"about":[{"href":"https:\/\/kindart.is\/en\/wp-json\/wp\/v2\/types\/product"}],"wp:featuredmedia":[{"embeddable":true,"href":"https:\/\/kindart.is\/en\/wp-json\/wp\/v2\/media\/5669"}],"wp:attachment":[{"href":"https:\/\/kindart.is\/en\/wp-json\/wp\/v2\/media?parent=5671"}],"wp:term":[{"taxonomy":"product_brand","embeddable":true,"href":"https:\/\/kindart.is\/en\/wp-json\/wp\/v2\/product_brand?post=5671"},{"taxonomy":"product_cat","embeddable":true,"href":"https:\/\/kindart.is\/en\/wp-json\/wp\/v2\/product_cat?post=5671"},{"taxonomy":"product_tag","embeddable":true,"href":"https:\/\/kindart.is\/en\/wp-json\/wp\/v2\/product_tag?post=5671"}],"curies":[{"name":"wp","href":"https:\/\/api.w.org\/{rel}","templated":true}]}}