{"id":5689,"date":"2022-10-12T05:35:31","date_gmt":"2022-10-12T05:35:31","guid":{"rendered":"https:\/\/kindart.is\/product\/a-hreindyraslodum\/"},"modified":"2022-10-12T05:35:31","modified_gmt":"2022-10-12T05:35:31","slug":"a-hreindyraslodum","status":"publish","type":"product","link":"https:\/\/kindart.is\/en\/vara\/a-hreindyraslodum\/","title":{"rendered":"\u00c1 hreind\u00fdrasl\u00f3\u00f0um"},"content":{"rendered":"<p><strong>\u00c1 hreind\u00fdrasl\u00f3\u00f0um<\/strong>. \u00d6r\u00e6fat\u00f6frar \u00cdslands eftir Helga Valt\u00fdsson. Edvard Sigurgeirsson t\u00f3k myndirnar. H\u00e9r er s\u00f6g\u00f0 saga hreind\u00fdra \u00e1 \u00cdslandi og einnig ey\u00f0ing \u00feeirra. B\u00f3kin er mj\u00f6g fr\u00f3\u00f0leg og skemmtileg aflestrar. H\u00fan er \u00ed forlagsbandi en bundin \u00ed alskinn (spaltskinn). Gyllt \u00e1 kj\u00f6l en auk \u00feess me\u00f0 tveimur gylltum myndum b\u00e6\u00f0i a\u00f0 framan og aftan. St\u00e6r\u00f0: 25.3 X17.6 og 228 bls. Auk \u00feess fylgir kort aftast \u00ed b\u00f3kinni af hreind\u00fdrasl\u00f3\u00f0um Austanlands.<\/p>\n<p><strong>\u00datg\u00e1fa og prentun<\/strong>:<br \/>\nB\u00f3ka\u00fatg\u00e1fan Nor\u00f0ri, Akureyri 1945. Prentverk Odds Bj\u00f6rnssonar.<\/p>\n","protected":false},"excerpt":{"rendered":"<p>\u00c1 hreind\u00fdrasl\u00f3\u00f0um. \u00d6r\u00e6fat\u00f6frar \u00cdslands eftir Helga Valt\u00fdsson. Edvard Sigurgeirsson t\u00f3k myndirnar. H\u00e9r er s\u00f6g\u00f0 saga hreind\u00fdra \u00e1 \u00cdslandi og einnig ey\u00f0ing \u00feeirra. B\u00f3kin er mj\u00f6g fr\u00f3\u00f0leg og skemmtileg aflestrar. H\u00fan er \u00ed forlagsbandi en bundin \u00ed alskinn (spaltskinn). Gyllt \u00e1 kj\u00f6l en auk \u00feess me\u00f0 tveimur gylltum myndum b\u00e6\u00f0i a\u00f0 framan og aftan. St\u00e6r\u00f0: 25.3 [&hellip;]<\/p>\n","protected":false},"featured_media":5685,"template":"","meta":{"slim_seo":{"title":"\u00c1 hreind\u00fdrasl\u00f3\u00f0um - KindArt","description":"\u00c1 hreind\u00fdrasl\u00f3\u00f0um . \u00d6r\u00e6fat\u00f6frar \u00cdslands eftir Helga Valt\u00fdsson. Edvard Sigurgeirsson t\u00f3k myndirnar. H\u00e9r er s\u00f6g\u00f0 saga hreind\u00fdra \u00e1 \u00cdslandi og einnig ey\u00f0ing \u00feeirra."}},"product_brand":[],"product_cat":[83],"product_tag":[],"class_list":{"0":"post-5689","1":"product","2":"type-product","3":"status-publish","4":"has-post-thumbnail","6":"product_cat-books","7":"product_shipping_class-small-en","9":"first","10":"outofstock","11":"sold-individually","12":"purchasable","13":"product-type-simple"},"_links":{"self":[{"href":"https:\/\/kindart.is\/en\/wp-json\/wp\/v2\/product\/5689","targetHints":{"allow":["GET"]}}],"collection":[{"href":"https:\/\/kindart.is\/en\/wp-json\/wp\/v2\/product"}],"about":[{"href":"https:\/\/kindart.is\/en\/wp-json\/wp\/v2\/types\/product"}],"wp:featuredmedia":[{"embeddable":true,"href":"https:\/\/kindart.is\/en\/wp-json\/wp\/v2\/media\/5685"}],"wp:attachment":[{"href":"https:\/\/kindart.is\/en\/wp-json\/wp\/v2\/media?parent=5689"}],"wp:term":[{"taxonomy":"product_brand","embeddable":true,"href":"https:\/\/kindart.is\/en\/wp-json\/wp\/v2\/product_brand?post=5689"},{"taxonomy":"product_cat","embeddable":true,"href":"https:\/\/kindart.is\/en\/wp-json\/wp\/v2\/product_cat?post=5689"},{"taxonomy":"product_tag","embeddable":true,"href":"https:\/\/kindart.is\/en\/wp-json\/wp\/v2\/product_tag?post=5689"}],"curies":[{"name":"wp","href":"https:\/\/api.w.org\/{rel}","templated":true}]}}