{"id":5696,"date":"2022-10-12T05:40:04","date_gmt":"2022-10-12T05:40:04","guid":{"rendered":"https:\/\/kindart.is\/product\/sjalfstaedisbaratta-islendinga\/"},"modified":"2024-02-20T18:22:53","modified_gmt":"2024-02-20T18:22:53","slug":"sjalfstaedisbaratta-islendinga","status":"publish","type":"product","link":"https:\/\/kindart.is\/en\/vara\/sjalfstaedisbaratta-islendinga\/","title":{"rendered":"Sj\u00e1lfst\u00e6\u00f0isbar\u00e1tta \u00cdslendinga"},"content":{"rendered":"<p><strong>Sj\u00e1lfst\u00e6\u00f0isbar\u00e1tta \u00cdslendinga<\/strong>. Loka\u00fe\u00e1ttur 1918-1944. Gunnar Hall t\u00f3k saman. B\u00f3kin er bundin \u00ed rex\u00edn \u00e1 kj\u00f6l og horn og kl\u00e6dd me\u00f0 lj\u00f3sgr\u00e6num munstru\u00f0um spjaldapapp\u00edr. Gyllt \u00e1 kj\u00f6l. St\u00e6r\u00f0: 25 X 18.5 cm og 247 bls.<\/p>\n<p><strong>\u00datg\u00e1fa og prentun<\/strong>:<br \/>\nH\u00f6fundur gaf \u00fat. Reykjav\u00edk 1956. Prentsmi\u00f0jan Leiftur.<\/p>\n","protected":false},"excerpt":{"rendered":"<p>Sj\u00e1lfst\u00e6\u00f0isbar\u00e1tta \u00cdslendinga. Loka\u00fe\u00e1ttur 1918-1944. Gunnar Hall t\u00f3k saman. B\u00f3kin er bundin \u00ed rex\u00edn \u00e1 kj\u00f6l og horn og kl\u00e6dd me\u00f0 lj\u00f3sgr\u00e6num munstru\u00f0um spjaldapapp\u00edr. Gyllt \u00e1 kj\u00f6l. St\u00e6r\u00f0: 25 X 18.5 cm og 247 bls. \u00datg\u00e1fa og prentun: H\u00f6fundur gaf \u00fat. Reykjav\u00edk 1956. Prentsmi\u00f0jan Leiftur.<\/p>\n","protected":false},"featured_media":5692,"template":"","meta":{"slim_seo":{"title":"Sj\u00e1lfst\u00e6\u00f0isbar\u00e1tta \u00cdslendinga - KindArt","description":"Sj\u00e1lfst\u00e6\u00f0isbar\u00e1tta \u00cdslendinga . Loka\u00fe\u00e1ttur 1918-1944. Gunnar Hall t\u00f3k saman. B\u00f3kin er bundin \u00ed rex\u00edn \u00e1 kj\u00f6l og horn og kl\u00e6dd me\u00f0 lj\u00f3sgr\u00e6num munstru\u00f0um spjaldapa"}},"product_brand":[],"product_cat":[83],"product_tag":[],"class_list":{"0":"post-5696","1":"product","2":"type-product","3":"status-publish","4":"has-post-thumbnail","6":"product_cat-books","7":"product_shipping_class-small-en","9":"first","10":"outofstock","11":"sold-individually","12":"purchasable","13":"product-type-simple"},"_links":{"self":[{"href":"https:\/\/kindart.is\/en\/wp-json\/wp\/v2\/product\/5696","targetHints":{"allow":["GET"]}}],"collection":[{"href":"https:\/\/kindart.is\/en\/wp-json\/wp\/v2\/product"}],"about":[{"href":"https:\/\/kindart.is\/en\/wp-json\/wp\/v2\/types\/product"}],"wp:featuredmedia":[{"embeddable":true,"href":"https:\/\/kindart.is\/en\/wp-json\/wp\/v2\/media\/5692"}],"wp:attachment":[{"href":"https:\/\/kindart.is\/en\/wp-json\/wp\/v2\/media?parent=5696"}],"wp:term":[{"taxonomy":"product_brand","embeddable":true,"href":"https:\/\/kindart.is\/en\/wp-json\/wp\/v2\/product_brand?post=5696"},{"taxonomy":"product_cat","embeddable":true,"href":"https:\/\/kindart.is\/en\/wp-json\/wp\/v2\/product_cat?post=5696"},{"taxonomy":"product_tag","embeddable":true,"href":"https:\/\/kindart.is\/en\/wp-json\/wp\/v2\/product_tag?post=5696"}],"curies":[{"name":"wp","href":"https:\/\/api.w.org\/{rel}","templated":true}]}}