{"id":5701,"date":"2022-10-12T05:45:51","date_gmt":"2022-10-12T05:45:51","guid":{"rendered":"https:\/\/kindart.is\/product\/hus-malarans\/"},"modified":"2022-10-12T05:45:51","modified_gmt":"2022-10-12T05:45:51","slug":"hus-malarans","status":"publish","type":"product","link":"https:\/\/kindart.is\/en\/vara\/hus-malarans\/","title":{"rendered":"H\u00fas m\u00e1larans"},"content":{"rendered":"<p><strong>H\u00fas m\u00e1larans<\/strong>. Endurminningar J\u00f3ns Engilberts eftir J\u00f3hannes Helga. H\u00e9r segir m.a. fr\u00e1 fj\u00f6rlegu listamannsl\u00edfi J\u00f3ns og Kristmanns Gu\u00f0mundssonar o.fl. \u00ed Noregi \u00e1 fyrri \u00e1rum. B\u00f3kin er bundin \u00ed striga, alband og \u00ferykkt \u00e1 bindi\u00f0 me\u00f0 br\u00fanum lit. St\u00e6r\u00f0: 23.3 X 18.3 cm og 150 bls.<\/p>\n<p><strong>\u00datg\u00e1fa og prentun<\/strong>:<br \/>\nSetberg, Reykjav\u00edk 1961. Prentsmi\u00f0jan Setberg prenta\u00f0i.<\/p>\n","protected":false},"excerpt":{"rendered":"<p>H\u00fas m\u00e1larans. Endurminningar J\u00f3ns Engilberts eftir J\u00f3hannes Helga. H\u00e9r segir m.a. fr\u00e1 fj\u00f6rlegu listamannsl\u00edfi J\u00f3ns og Kristmanns Gu\u00f0mundssonar o.fl. \u00ed Noregi \u00e1 fyrri \u00e1rum. B\u00f3kin er bundin \u00ed striga, alband og \u00ferykkt \u00e1 bindi\u00f0 me\u00f0 br\u00fanum lit. St\u00e6r\u00f0: 23.3 X 18.3 cm og 150 bls. \u00datg\u00e1fa og prentun: Setberg, Reykjav\u00edk 1961. Prentsmi\u00f0jan Setberg prenta\u00f0i.<\/p>\n","protected":false},"featured_media":5699,"template":"","meta":{"slim_seo":{"title":"H\u00fas m\u00e1larans - KindArt","description":"H\u00fas m\u00e1larans . Endurminningar J\u00f3ns Engilberts eftir J\u00f3hannes Helga. H\u00e9r segir m.a. fr\u00e1 fj\u00f6rlegu listamannsl\u00edfi J\u00f3ns og Kristmanns Gu\u00f0mundssonar o.fl. \u00ed Noregi \u00e1"}},"product_brand":[],"product_cat":[83],"product_tag":[],"class_list":{"0":"post-5701","1":"product","2":"type-product","3":"status-publish","4":"has-post-thumbnail","6":"product_cat-books","7":"product_shipping_class-small-en","9":"first","10":"outofstock","11":"sold-individually","12":"purchasable","13":"product-type-simple"},"_links":{"self":[{"href":"https:\/\/kindart.is\/en\/wp-json\/wp\/v2\/product\/5701","targetHints":{"allow":["GET"]}}],"collection":[{"href":"https:\/\/kindart.is\/en\/wp-json\/wp\/v2\/product"}],"about":[{"href":"https:\/\/kindart.is\/en\/wp-json\/wp\/v2\/types\/product"}],"wp:featuredmedia":[{"embeddable":true,"href":"https:\/\/kindart.is\/en\/wp-json\/wp\/v2\/media\/5699"}],"wp:attachment":[{"href":"https:\/\/kindart.is\/en\/wp-json\/wp\/v2\/media?parent=5701"}],"wp:term":[{"taxonomy":"product_brand","embeddable":true,"href":"https:\/\/kindart.is\/en\/wp-json\/wp\/v2\/product_brand?post=5701"},{"taxonomy":"product_cat","embeddable":true,"href":"https:\/\/kindart.is\/en\/wp-json\/wp\/v2\/product_cat?post=5701"},{"taxonomy":"product_tag","embeddable":true,"href":"https:\/\/kindart.is\/en\/wp-json\/wp\/v2\/product_tag?post=5701"}],"curies":[{"name":"wp","href":"https:\/\/api.w.org\/{rel}","templated":true}]}}