{"id":5708,"date":"2022-10-12T05:51:37","date_gmt":"2022-10-12T05:51:37","guid":{"rendered":"https:\/\/kindart.is\/product\/islandsferdin-1907\/"},"modified":"2022-10-12T05:51:37","modified_gmt":"2022-10-12T05:51:37","slug":"islandsferdin-1907","status":"publish","type":"product","link":"https:\/\/kindart.is\/en\/vara\/islandsferdin-1907\/","title":{"rendered":"\u00cdslandsfer\u00f0in 1907"},"content":{"rendered":"<p><strong>\u00cdslandsfer\u00f0in 1907<\/strong>. Fr\u00e1s\u00f6gn um f\u00f6r Fri\u00f0riks \u00e1ttunda og r\u00edkis\u00feingmanna til F\u00e6reyja og \u00cdslands sumari\u00f0 1907. H\u00f6fundar voru: Svenn Poulsen og Holger Rosenberg. Geir J\u00f3nasson \u00fe\u00fdddi. \u2013 B\u00f3kin er bundin \u00ed rau\u00f0br\u00fant rex\u00edn \u00e1 kj\u00f6l og horn og gyllt \u00e1 kj\u00f6l, en kl\u00e6dd me\u00f0 gr\u00e1um, \u00edslensk prentu\u00f0um, Dieter Roth papp\u00edr. St\u00e6r\u00f0: 23.7 X 15.5 cm og 336 bls.<\/p>\n<p><strong>\u00datg\u00e1fa og prentun<\/strong>:<br \/>\n\u00datgefandi: B\u00f3kaverslun \u00cdsafoldarprentsmi\u00f0ju. Reykjav\u00edk 1958. \u00cdsafoldarprentsmi\u00f0ja.<\/p>\n","protected":false},"excerpt":{"rendered":"<p>\u00cdslandsfer\u00f0in 1907. Fr\u00e1s\u00f6gn um f\u00f6r Fri\u00f0riks \u00e1ttunda og r\u00edkis\u00feingmanna til F\u00e6reyja og \u00cdslands sumari\u00f0 1907. H\u00f6fundar voru: Svenn Poulsen og Holger Rosenberg. Geir J\u00f3nasson \u00fe\u00fdddi. \u2013 B\u00f3kin er bundin \u00ed rau\u00f0br\u00fant rex\u00edn \u00e1 kj\u00f6l og horn og gyllt \u00e1 kj\u00f6l, en kl\u00e6dd me\u00f0 gr\u00e1um, \u00edslensk prentu\u00f0um, Dieter Roth papp\u00edr. St\u00e6r\u00f0: 23.7 X 15.5 cm og [&hellip;]<\/p>\n","protected":false},"featured_media":5704,"template":"","meta":{"slim_seo":{"title":"\u00cdslandsfer\u00f0in 1907 - KindArt","description":"\u00cdslandsfer\u00f0in 1907 . Fr\u00e1s\u00f6gn um f\u00f6r Fri\u00f0riks \u00e1ttunda og r\u00edkis\u00feingmanna til F\u00e6reyja og \u00cdslands sumari\u00f0 1907. H\u00f6fundar voru: Svenn Poulsen og Holger Rosenberg. Ge"}},"product_brand":[],"product_cat":[83],"product_tag":[],"class_list":{"0":"post-5708","1":"product","2":"type-product","3":"status-publish","4":"has-post-thumbnail","6":"product_cat-books","7":"product_shipping_class-small-en","9":"first","10":"outofstock","11":"sold-individually","12":"purchasable","13":"product-type-simple"},"_links":{"self":[{"href":"https:\/\/kindart.is\/en\/wp-json\/wp\/v2\/product\/5708","targetHints":{"allow":["GET"]}}],"collection":[{"href":"https:\/\/kindart.is\/en\/wp-json\/wp\/v2\/product"}],"about":[{"href":"https:\/\/kindart.is\/en\/wp-json\/wp\/v2\/types\/product"}],"wp:featuredmedia":[{"embeddable":true,"href":"https:\/\/kindart.is\/en\/wp-json\/wp\/v2\/media\/5704"}],"wp:attachment":[{"href":"https:\/\/kindart.is\/en\/wp-json\/wp\/v2\/media?parent=5708"}],"wp:term":[{"taxonomy":"product_brand","embeddable":true,"href":"https:\/\/kindart.is\/en\/wp-json\/wp\/v2\/product_brand?post=5708"},{"taxonomy":"product_cat","embeddable":true,"href":"https:\/\/kindart.is\/en\/wp-json\/wp\/v2\/product_cat?post=5708"},{"taxonomy":"product_tag","embeddable":true,"href":"https:\/\/kindart.is\/en\/wp-json\/wp\/v2\/product_tag?post=5708"}],"curies":[{"name":"wp","href":"https:\/\/api.w.org\/{rel}","templated":true}]}}