{"id":5715,"date":"2022-10-12T05:58:12","date_gmt":"2022-10-12T05:58:12","guid":{"rendered":"https:\/\/kindart.is\/product\/kong-vid-viljum-hafa\/"},"modified":"2022-10-12T05:58:12","modified_gmt":"2022-10-12T05:58:12","slug":"kong-vid-viljum-hafa","status":"publish","type":"product","link":"https:\/\/kindart.is\/en\/vara\/kong-vid-viljum-hafa\/","title":{"rendered":"K\u00f3ng vi\u00f0 viljum hafa"},"content":{"rendered":"<p><strong>K\u00f3ng vi\u00f0 viljum hafa<\/strong> eftir \u00d6rn Helgason. H\u00e9r segir fr\u00e1 einu mesta feimnism\u00e1li \u00edslenskrar s\u00f6gu \u00e1 \u00feessari \u00f6ld. \u00c1form um stofnun konungd\u00e6mis \u00e1 \u00cdslandi. B\u00f3kin er bundin \u00ed forlagsband me\u00f0 hl\u00edf\u00f0ark\u00e1pu, alband, br\u00fant gerviefni (plast), sem er gyllt \u00e1 kj\u00f6l. St\u00e6r\u00f0: 23.7 X 15.7 cm og 128 bls.<\/p>\n<p><strong>\u00datg\u00e1fa og prentun<\/strong>:<br \/>\nB\u00f3ka\u00fatg\u00e1fan Skjaldborg, Reykjav\u00edk 1992. Prentun: G. Ben. Prentstofa.<\/p>\n","protected":false},"excerpt":{"rendered":"<p>K\u00f3ng vi\u00f0 viljum hafa eftir \u00d6rn Helgason. H\u00e9r segir fr\u00e1 einu mesta feimnism\u00e1li \u00edslenskrar s\u00f6gu \u00e1 \u00feessari \u00f6ld. \u00c1form um stofnun konungd\u00e6mis \u00e1 \u00cdslandi. B\u00f3kin er bundin \u00ed forlagsband me\u00f0 hl\u00edf\u00f0ark\u00e1pu, alband, br\u00fant gerviefni (plast), sem er gyllt \u00e1 kj\u00f6l. St\u00e6r\u00f0: 23.7 X 15.7 cm og 128 bls. \u00datg\u00e1fa og prentun: B\u00f3ka\u00fatg\u00e1fan Skjaldborg, Reykjav\u00edk 1992. [&hellip;]<\/p>\n","protected":false},"featured_media":5711,"template":"","meta":{"slim_seo":{"title":"K\u00f3ng vi\u00f0 viljum hafa - KindArt","description":"K\u00f3ng vi\u00f0 viljum hafa eftir \u00d6rn Helgason. H\u00e9r segir fr\u00e1 einu mesta feimnism\u00e1li \u00edslenskrar s\u00f6gu \u00e1 \u00feessari \u00f6ld. \u00c1form um stofnun konungd\u00e6mis \u00e1 \u00cdslandi. B\u00f3kin er bu"}},"product_brand":[],"product_cat":[83],"product_tag":[],"class_list":{"0":"post-5715","1":"product","2":"type-product","3":"status-publish","4":"has-post-thumbnail","6":"product_cat-books","7":"product_shipping_class-small-en","9":"first","10":"instock","11":"sold-individually","12":"purchasable","13":"product-type-simple"},"_links":{"self":[{"href":"https:\/\/kindart.is\/en\/wp-json\/wp\/v2\/product\/5715","targetHints":{"allow":["GET"]}}],"collection":[{"href":"https:\/\/kindart.is\/en\/wp-json\/wp\/v2\/product"}],"about":[{"href":"https:\/\/kindart.is\/en\/wp-json\/wp\/v2\/types\/product"}],"wp:featuredmedia":[{"embeddable":true,"href":"https:\/\/kindart.is\/en\/wp-json\/wp\/v2\/media\/5711"}],"wp:attachment":[{"href":"https:\/\/kindart.is\/en\/wp-json\/wp\/v2\/media?parent=5715"}],"wp:term":[{"taxonomy":"product_brand","embeddable":true,"href":"https:\/\/kindart.is\/en\/wp-json\/wp\/v2\/product_brand?post=5715"},{"taxonomy":"product_cat","embeddable":true,"href":"https:\/\/kindart.is\/en\/wp-json\/wp\/v2\/product_cat?post=5715"},{"taxonomy":"product_tag","embeddable":true,"href":"https:\/\/kindart.is\/en\/wp-json\/wp\/v2\/product_tag?post=5715"}],"curies":[{"name":"wp","href":"https:\/\/api.w.org\/{rel}","templated":true}]}}