{"id":5722,"date":"2022-10-12T06:04:09","date_gmt":"2022-10-12T06:04:09","guid":{"rendered":"https:\/\/kindart.is\/product\/vikingar-i-stridi-og-fridi\/"},"modified":"2022-10-12T06:04:09","modified_gmt":"2022-10-12T06:04:09","slug":"vikingar-i-stridi-og-fridi","status":"publish","type":"product","link":"https:\/\/kindart.is\/en\/vara\/vikingar-i-stridi-og-fridi\/","title":{"rendered":"V\u00edkingar \u00ed str\u00ed\u00f0i og fri\u00f0i"},"content":{"rendered":"<p><strong>V\u00edkingar \u00ed str\u00ed\u00f0i og fri\u00f0i<\/strong> eftir Magn\u00fas Magn\u00fasson. Dagur \u00deorleifsson \u00fe\u00fdddi. H\u00e9r segir fr\u00e1 V\u00edkinga\u00f6ldinni sem h\u00f3fst um 800 og st\u00f3\u00f0 \u00ed \u00ferj\u00e1r aldir. Margar myndir fylgja b\u00f3kinni. B\u00f3kin er \u00ed forlagsbandi, sem er alshirtingsband, gyllt a\u00f0 framan og \u00e1 kj\u00f6l. St\u00e6r\u00f0: 25 X 19.5 cm og 319 bls.<\/p>\n<p><strong>\u00datg\u00e1fa og prentun<\/strong>:<br \/>\nB\u00f3ka\u00fatg\u00e1fan \u00d6rn og \u00d6rlygur, Reykjav\u00edk 1981. Setning, umbrot og filmuvinna: Prentsmi\u00f0jan H\u00f3lar \u2013 Prentun og b\u00f3kband unni\u00f0 \u00ed Noregi.<\/p>\n","protected":false},"excerpt":{"rendered":"<p>V\u00edkingar \u00ed str\u00ed\u00f0i og fri\u00f0i eftir Magn\u00fas Magn\u00fasson. Dagur \u00deorleifsson \u00fe\u00fdddi. H\u00e9r segir fr\u00e1 V\u00edkinga\u00f6ldinni sem h\u00f3fst um 800 og st\u00f3\u00f0 \u00ed \u00ferj\u00e1r aldir. Margar myndir fylgja b\u00f3kinni. B\u00f3kin er \u00ed forlagsbandi, sem er alshirtingsband, gyllt a\u00f0 framan og \u00e1 kj\u00f6l. St\u00e6r\u00f0: 25 X 19.5 cm og 319 bls. \u00datg\u00e1fa og prentun: B\u00f3ka\u00fatg\u00e1fan \u00d6rn og [&hellip;]<\/p>\n","protected":false},"featured_media":5718,"template":"","meta":{"slim_seo":{"title":"V\u00edkingar \u00ed str\u00ed\u00f0i og fri\u00f0i - KindArt","description":"V\u00edkingar \u00ed str\u00ed\u00f0i og fri\u00f0i eftir Magn\u00fas Magn\u00fasson. Dagur \u00deorleifsson \u00fe\u00fdddi. H\u00e9r segir fr\u00e1 V\u00edkinga\u00f6ldinni sem h\u00f3fst um 800 og st\u00f3\u00f0 \u00ed \u00ferj\u00e1r aldir. Margar myndir f"}},"product_brand":[],"product_cat":[83],"product_tag":[],"class_list":{"0":"post-5722","1":"product","2":"type-product","3":"status-publish","4":"has-post-thumbnail","6":"product_cat-books","7":"product_shipping_class-small-en","9":"first","10":"outofstock","11":"sold-individually","12":"purchasable","13":"product-type-simple"},"_links":{"self":[{"href":"https:\/\/kindart.is\/en\/wp-json\/wp\/v2\/product\/5722","targetHints":{"allow":["GET"]}}],"collection":[{"href":"https:\/\/kindart.is\/en\/wp-json\/wp\/v2\/product"}],"about":[{"href":"https:\/\/kindart.is\/en\/wp-json\/wp\/v2\/types\/product"}],"wp:featuredmedia":[{"embeddable":true,"href":"https:\/\/kindart.is\/en\/wp-json\/wp\/v2\/media\/5718"}],"wp:attachment":[{"href":"https:\/\/kindart.is\/en\/wp-json\/wp\/v2\/media?parent=5722"}],"wp:term":[{"taxonomy":"product_brand","embeddable":true,"href":"https:\/\/kindart.is\/en\/wp-json\/wp\/v2\/product_brand?post=5722"},{"taxonomy":"product_cat","embeddable":true,"href":"https:\/\/kindart.is\/en\/wp-json\/wp\/v2\/product_cat?post=5722"},{"taxonomy":"product_tag","embeddable":true,"href":"https:\/\/kindart.is\/en\/wp-json\/wp\/v2\/product_tag?post=5722"}],"curies":[{"name":"wp","href":"https:\/\/api.w.org\/{rel}","templated":true}]}}