{"id":5727,"date":"2022-10-24T19:08:42","date_gmt":"2022-10-24T19:08:42","guid":{"rendered":"https:\/\/kindart.is\/product\/aefiso%cc%88guthaettir-peturs-johannssonar\/"},"modified":"2022-10-24T19:08:42","modified_gmt":"2022-10-24T19:08:42","slug":"aefiso%cc%88guthaettir-peturs-johannssonar","status":"publish","type":"product","link":"https:\/\/kindart.is\/en\/vara\/aefiso%cc%88guthaettir-peturs-johannssonar\/","title":{"rendered":"\u00c6fiso\u0308gu\u00fe\u00e6ttir Pe\u0301turs Jo\u0301hannssonar"},"content":{"rendered":"<p><strong>\u00c6fiso\u0308gu\u00fe\u00e6ttir Pe\u0301turs Jo\u0301hannssonar<\/strong> b\u00f3kbindara og b\u00f3ksala \u00e1 Sey\u00f0isfir\u00f0i rita\u00f0ir af honum sj\u00e1lfum. Hann nam b\u00f3kband \u00ed Reykjav\u00edk og \u00ed Kaupmannah\u00f6fn. Setti upp b\u00f3kbandsstofu \u00e1 Sey\u00f0isfir\u00f0i 1895 og stunda\u00f0i \u00fea\u00f0 \u00e1samt b\u00f3ks\u00f6lu til \u00e6viloka. B\u00f3kin er saumheft og sett \u00ed kartonk\u00e1pu. 19.3 X 13.2 cm og 80 bls.<\/p>\n<p><strong>\u00datg\u00e1fa og prentun<\/strong>:<br \/>\n\u00datgefanda ekki geti\u00f0. Sey\u00f0isfir\u00f0i 1930. Prentsmi\u00f0ja Sigur\u00f0ar \u00de. Gu\u00f0mundssonar.<\/p>\n","protected":false},"excerpt":{"rendered":"<p>\u00c6fiso\u0308gu\u00fe\u00e6ttir Pe\u0301turs Jo\u0301hannssonar b\u00f3kbindara og b\u00f3ksala \u00e1 Sey\u00f0isfir\u00f0i rita\u00f0ir af honum sj\u00e1lfum. Hann nam b\u00f3kband \u00ed Reykjav\u00edk og \u00ed Kaupmannah\u00f6fn. Setti upp b\u00f3kbandsstofu \u00e1 Sey\u00f0isfir\u00f0i 1895 og stunda\u00f0i \u00fea\u00f0 \u00e1samt b\u00f3ks\u00f6lu til \u00e6viloka. B\u00f3kin er saumheft og sett \u00ed kartonk\u00e1pu. 19.3 X 13.2 cm og 80 bls. \u00datg\u00e1fa og prentun: \u00datgefanda ekki geti\u00f0. Sey\u00f0isfir\u00f0i 1930. [&hellip;]<\/p>\n","protected":false},"featured_media":5725,"template":"","meta":{"slim_seo":{"title":"\u00c6fiso\u0308gu\u00fe\u00e6ttir Pe\u0301turs Jo\u0301hannssonar - KindArt","description":"\u00c6fiso\u0308gu\u00fe\u00e6ttir Pe\u0301turs Jo\u0301hannssonar b\u00f3kbindara og b\u00f3ksala \u00e1 Sey\u00f0isfir\u00f0i rita\u00f0ir af honum sj\u00e1lfum. Hann nam b\u00f3kband \u00ed Reykjav\u00edk og \u00ed Kaupmannah\u00f6fn. Setti upp b\u00f3"}},"product_brand":[],"product_cat":[83],"product_tag":[],"class_list":{"0":"post-5727","1":"product","2":"type-product","3":"status-publish","4":"has-post-thumbnail","6":"product_cat-books","7":"product_shipping_class-small-en","9":"first","10":"instock","11":"sold-individually","12":"purchasable","13":"product-type-simple"},"_links":{"self":[{"href":"https:\/\/kindart.is\/en\/wp-json\/wp\/v2\/product\/5727","targetHints":{"allow":["GET"]}}],"collection":[{"href":"https:\/\/kindart.is\/en\/wp-json\/wp\/v2\/product"}],"about":[{"href":"https:\/\/kindart.is\/en\/wp-json\/wp\/v2\/types\/product"}],"wp:featuredmedia":[{"embeddable":true,"href":"https:\/\/kindart.is\/en\/wp-json\/wp\/v2\/media\/5725"}],"wp:attachment":[{"href":"https:\/\/kindart.is\/en\/wp-json\/wp\/v2\/media?parent=5727"}],"wp:term":[{"taxonomy":"product_brand","embeddable":true,"href":"https:\/\/kindart.is\/en\/wp-json\/wp\/v2\/product_brand?post=5727"},{"taxonomy":"product_cat","embeddable":true,"href":"https:\/\/kindart.is\/en\/wp-json\/wp\/v2\/product_cat?post=5727"},{"taxonomy":"product_tag","embeddable":true,"href":"https:\/\/kindart.is\/en\/wp-json\/wp\/v2\/product_tag?post=5727"}],"curies":[{"name":"wp","href":"https:\/\/api.w.org\/{rel}","templated":true}]}}