{"id":5734,"date":"2022-10-24T19:14:40","date_gmt":"2022-10-24T19:14:40","guid":{"rendered":"https:\/\/kindart.is\/product\/nokkur-ljodmaeli-eftir-brynjulf-oddsson\/"},"modified":"2022-10-24T19:14:40","modified_gmt":"2022-10-24T19:14:40","slug":"nokkur-ljodmaeli-eftir-brynjulf-oddsson","status":"publish","type":"product","link":"https:\/\/kindart.is\/en\/vara\/nokkur-ljodmaeli-eftir-brynjulf-oddsson\/","title":{"rendered":"Nokkur lj\u00f3\u00f0m\u00e6li eftir Brynj\u00falf Oddsson"},"content":{"rendered":"<p><strong>Nokkur lj\u00f3\u00f0m\u00e6li eftir Brynj\u00falf Oddsson<\/strong> b\u00f3kbindara. Hann nam b\u00f3kband hj\u00e1 Agli J\u00f3nssyni \u00ed Reykjav\u00edk og setti upp b\u00f3kbandsstofu \u00ed St\u00f6\u00f0lakoti \u00ed Reykjav\u00edk. Var s\u00ed\u00f0an \u00e1 \u00cdsafir\u00f0i og sat \u00ed b\u00e6jarstj\u00f3rn \u00fear, en fluttist svo aftur til Reykjav\u00edkur og stunda\u00f0i \u00fear b\u00f3kband til d\u00e1nardags. B\u00f3kin er \u00ed samt\u00edma shirtingsbandi \u00e1 kj\u00f6l og horn. St\u00e6r\u00f0: 18.4 X 11 cm og 264 bls. (vantar bls. 1-2 fremst \u00ed b\u00f3kina, en autt bla\u00f0 l\u00edmt inn \u00ed sta\u00f0inn)<\/p>\n<p><strong>\u00datg\u00e1fa og prentun<\/strong>:<br \/>\n\u00c1 kostna\u00f0 h\u00f6fundarins. Reykjav\u00edk 1869. Prentari: Einar \u00de\u00f3r\u00f0arson.<\/p>\n<p>Forngripur.<\/p>\n","protected":false},"excerpt":{"rendered":"<p>Nokkur lj\u00f3\u00f0m\u00e6li eftir Brynj\u00falf Oddsson b\u00f3kbindara. Hann nam b\u00f3kband hj\u00e1 Agli J\u00f3nssyni \u00ed Reykjav\u00edk og setti upp b\u00f3kbandsstofu \u00ed St\u00f6\u00f0lakoti \u00ed Reykjav\u00edk. Var s\u00ed\u00f0an \u00e1 \u00cdsafir\u00f0i og sat \u00ed b\u00e6jarstj\u00f3rn \u00fear, en fluttist svo aftur til Reykjav\u00edkur og stunda\u00f0i \u00fear b\u00f3kband til d\u00e1nardags. B\u00f3kin er \u00ed samt\u00edma shirtingsbandi \u00e1 kj\u00f6l og horn. St\u00e6r\u00f0: 18.4 X [&hellip;]<\/p>\n","protected":false},"featured_media":5730,"template":"","meta":{"slim_seo":{"title":"Nokkur lj\u00f3\u00f0m\u00e6li eftir Brynj\u00falf Oddsson - KindArt","description":"Nokkur lj\u00f3\u00f0m\u00e6li eftir Brynj\u00falf Oddsson b\u00f3kbindara. Hann nam b\u00f3kband hj\u00e1 Agli J\u00f3nssyni \u00ed Reykjav\u00edk og setti upp b\u00f3kbandsstofu \u00ed St\u00f6\u00f0lakoti \u00ed Reykjav\u00edk. Var s\u00ed\u00f0an"}},"product_brand":[],"product_cat":[83],"product_tag":[],"class_list":{"0":"post-5734","1":"product","2":"type-product","3":"status-publish","4":"has-post-thumbnail","6":"product_cat-books","7":"product_shipping_class-small-en","9":"first","10":"instock","11":"sold-individually","12":"purchasable","13":"product-type-simple"},"_links":{"self":[{"href":"https:\/\/kindart.is\/en\/wp-json\/wp\/v2\/product\/5734","targetHints":{"allow":["GET"]}}],"collection":[{"href":"https:\/\/kindart.is\/en\/wp-json\/wp\/v2\/product"}],"about":[{"href":"https:\/\/kindart.is\/en\/wp-json\/wp\/v2\/types\/product"}],"wp:featuredmedia":[{"embeddable":true,"href":"https:\/\/kindart.is\/en\/wp-json\/wp\/v2\/media\/5730"}],"wp:attachment":[{"href":"https:\/\/kindart.is\/en\/wp-json\/wp\/v2\/media?parent=5734"}],"wp:term":[{"taxonomy":"product_brand","embeddable":true,"href":"https:\/\/kindart.is\/en\/wp-json\/wp\/v2\/product_brand?post=5734"},{"taxonomy":"product_cat","embeddable":true,"href":"https:\/\/kindart.is\/en\/wp-json\/wp\/v2\/product_cat?post=5734"},{"taxonomy":"product_tag","embeddable":true,"href":"https:\/\/kindart.is\/en\/wp-json\/wp\/v2\/product_tag?post=5734"}],"curies":[{"name":"wp","href":"https:\/\/api.w.org\/{rel}","templated":true}]}}