{"id":5739,"date":"2022-10-24T19:18:44","date_gmt":"2022-10-24T19:18:44","guid":{"rendered":"https:\/\/kindart.is\/product\/daemalaus-kirkja\/"},"modified":"2022-10-24T19:18:44","modified_gmt":"2022-10-24T19:18:44","slug":"daemalaus-kirkja","status":"publish","type":"product","link":"https:\/\/kindart.is\/en\/vara\/daemalaus-kirkja\/","title":{"rendered":"D\u00e6malaus kirkja"},"content":{"rendered":"<p><strong>D\u00e6malaus kirkja<\/strong>. Er \u00fea\u00f0 satt a\u00f0 forver\u00f0ir \u00edslenzku kirkjunnar neiti \u00fev\u00ed, a\u00f0 Jes\u00fas Kristur sje eingetinn sonur Gu\u00f0s? eftir Sigmund Sveinsson. V\u00edrheft hefti, 29 bls. 19.6 X 12.4 cm a\u00f0 st\u00e6r\u00f0. Lj\u00f3srau\u00f0 kartonk\u00e1pa.<\/p>\n<p><strong>\u00datg\u00e1fa og prentun<\/strong>:<br \/>\n\u00datgefanda ekki geti\u00f0. Reykjav\u00edk 1927. Prentsmi\u00f0ja Lj\u00f3sberans.<\/p>\n","protected":false},"excerpt":{"rendered":"<p>D\u00e6malaus kirkja. Er \u00fea\u00f0 satt a\u00f0 forver\u00f0ir \u00edslenzku kirkjunnar neiti \u00fev\u00ed, a\u00f0 Jes\u00fas Kristur sje eingetinn sonur Gu\u00f0s? eftir Sigmund Sveinsson. V\u00edrheft hefti, 29 bls. 19.6 X 12.4 cm a\u00f0 st\u00e6r\u00f0. Lj\u00f3srau\u00f0 kartonk\u00e1pa. \u00datg\u00e1fa og prentun: \u00datgefanda ekki geti\u00f0. Reykjav\u00edk 1927. Prentsmi\u00f0ja Lj\u00f3sberans.<\/p>\n","protected":false},"featured_media":5737,"template":"","meta":{"slim_seo":{"title":"D\u00e6malaus kirkja - KindArt","description":"D\u00e6malaus kirkja . Er \u00fea\u00f0 satt a\u00f0 forver\u00f0ir \u00edslenzku kirkjunnar neiti \u00fev\u00ed, a\u00f0 Jes\u00fas Kristur sje eingetinn sonur Gu\u00f0s? eftir Sigmund Sveinsson. V\u00edrheft hefti, 29"}},"product_brand":[],"product_cat":[83],"product_tag":[],"class_list":{"0":"post-5739","1":"product","2":"type-product","3":"status-publish","4":"has-post-thumbnail","6":"product_cat-books","7":"product_shipping_class-small-en","9":"first","10":"instock","11":"sold-individually","12":"purchasable","13":"product-type-simple"},"_links":{"self":[{"href":"https:\/\/kindart.is\/en\/wp-json\/wp\/v2\/product\/5739","targetHints":{"allow":["GET"]}}],"collection":[{"href":"https:\/\/kindart.is\/en\/wp-json\/wp\/v2\/product"}],"about":[{"href":"https:\/\/kindart.is\/en\/wp-json\/wp\/v2\/types\/product"}],"wp:featuredmedia":[{"embeddable":true,"href":"https:\/\/kindart.is\/en\/wp-json\/wp\/v2\/media\/5737"}],"wp:attachment":[{"href":"https:\/\/kindart.is\/en\/wp-json\/wp\/v2\/media?parent=5739"}],"wp:term":[{"taxonomy":"product_brand","embeddable":true,"href":"https:\/\/kindart.is\/en\/wp-json\/wp\/v2\/product_brand?post=5739"},{"taxonomy":"product_cat","embeddable":true,"href":"https:\/\/kindart.is\/en\/wp-json\/wp\/v2\/product_cat?post=5739"},{"taxonomy":"product_tag","embeddable":true,"href":"https:\/\/kindart.is\/en\/wp-json\/wp\/v2\/product_tag?post=5739"}],"curies":[{"name":"wp","href":"https:\/\/api.w.org\/{rel}","templated":true}]}}