{"id":5744,"date":"2022-10-24T19:21:37","date_gmt":"2022-10-24T19:21:37","guid":{"rendered":"https:\/\/kindart.is\/product\/thad-sefur-i-djupinu\/"},"modified":"2022-10-24T19:21:37","modified_gmt":"2022-10-24T19:21:37","slug":"thad-sefur-i-djupinu","status":"publish","type":"product","link":"https:\/\/kindart.is\/en\/vara\/thad-sefur-i-djupinu\/","title":{"rendered":"\u00dea\u00f0 sefur \u00ed dj\u00fapinu"},"content":{"rendered":"<p><strong>\u00dea\u00f0 sefur \u00ed dj\u00fapinu<\/strong>, sk\u00e1ldsaga eftir Gu\u00f0berg Bergsson. \u00c1ri\u00f0 1994 var frums\u00fdnt leikrit eftir Vi\u00f0ar Eggertsson sem hann skrifa\u00f0i upp \u00far Tanga-b\u00f3kum Gu\u00f0bergs, &#8220;\u00dea\u00f0 sefur \u00ed dj\u00fapinu&#8221;, &#8220;Hermann og D\u00edd\u00ed&#8221; og &#8220;\u00dea\u00f0 r\u00eds \u00far dj\u00fapinu&#8221;. Vi\u00f0ar leikst\u00fdr\u00f0i s\u00fdningunni sj\u00e1lfur og f\u00e9kk Menningarver\u00f0laun DV 1995 fyrir hvort tveggja. \u00dej\u00f3\u00f0leikh\u00fasi\u00f0 s\u00fdndi verki\u00f0 sem nefndist Sannar s\u00f6gur af s\u00e1larl\u00edfi systra. B\u00f3kin er bundin \u00ed forlagsband, alband, \u00e1n k\u00e1pu, en gyllt \u00e1 kj\u00f6l. St\u00e6r\u00f0: 21.3 X 13.9 cm og 159 bls.<\/p>\n<p><strong>\u00datg\u00e1fa og prentun<\/strong>:<br \/>\nHelgafell, Reykjav\u00edk 1973. V\u00edkingsprent.<\/p>\n","protected":false},"excerpt":{"rendered":"<p>\u00dea\u00f0 sefur \u00ed dj\u00fapinu, sk\u00e1ldsaga eftir Gu\u00f0berg Bergsson. \u00c1ri\u00f0 1994 var frums\u00fdnt leikrit eftir Vi\u00f0ar Eggertsson sem hann skrifa\u00f0i upp \u00far Tanga-b\u00f3kum Gu\u00f0bergs, &#8220;\u00dea\u00f0 sefur \u00ed dj\u00fapinu&#8221;, &#8220;Hermann og D\u00edd\u00ed&#8221; og &#8220;\u00dea\u00f0 r\u00eds \u00far dj\u00fapinu&#8221;. Vi\u00f0ar leikst\u00fdr\u00f0i s\u00fdningunni sj\u00e1lfur og f\u00e9kk Menningarver\u00f0laun DV 1995 fyrir hvort tveggja. \u00dej\u00f3\u00f0leikh\u00fasi\u00f0 s\u00fdndi verki\u00f0 sem nefndist Sannar s\u00f6gur af [&hellip;]<\/p>\n","protected":false},"featured_media":5742,"template":"","meta":{"slim_seo":{"title":"\u00dea\u00f0 sefur \u00ed dj\u00fapinu - KindArt","description":"\u00dea\u00f0 sefur \u00ed dj\u00fapinu , sk\u00e1ldsaga eftir Gu\u00f0berg Bergsson. \u00c1ri\u00f0 1994 var frums\u00fdnt leikrit eftir Vi\u00f0ar Eggertsson sem hann skrifa\u00f0i upp \u00far Tanga-b\u00f3kum Gu\u00f0bergs, \"\u00dea"}},"product_brand":[],"product_cat":[83],"product_tag":[],"class_list":{"0":"post-5744","1":"product","2":"type-product","3":"status-publish","4":"has-post-thumbnail","6":"product_cat-books","7":"product_shipping_class-small-en","9":"first","10":"instock","11":"sold-individually","12":"purchasable","13":"product-type-simple"},"_links":{"self":[{"href":"https:\/\/kindart.is\/en\/wp-json\/wp\/v2\/product\/5744","targetHints":{"allow":["GET"]}}],"collection":[{"href":"https:\/\/kindart.is\/en\/wp-json\/wp\/v2\/product"}],"about":[{"href":"https:\/\/kindart.is\/en\/wp-json\/wp\/v2\/types\/product"}],"wp:featuredmedia":[{"embeddable":true,"href":"https:\/\/kindart.is\/en\/wp-json\/wp\/v2\/media\/5742"}],"wp:attachment":[{"href":"https:\/\/kindart.is\/en\/wp-json\/wp\/v2\/media?parent=5744"}],"wp:term":[{"taxonomy":"product_brand","embeddable":true,"href":"https:\/\/kindart.is\/en\/wp-json\/wp\/v2\/product_brand?post=5744"},{"taxonomy":"product_cat","embeddable":true,"href":"https:\/\/kindart.is\/en\/wp-json\/wp\/v2\/product_cat?post=5744"},{"taxonomy":"product_tag","embeddable":true,"href":"https:\/\/kindart.is\/en\/wp-json\/wp\/v2\/product_tag?post=5744"}],"curies":[{"name":"wp","href":"https:\/\/api.w.org\/{rel}","templated":true}]}}