{"id":5749,"date":"2022-10-24T19:26:42","date_gmt":"2022-10-24T19:26:42","guid":{"rendered":"https:\/\/kindart.is\/product\/astandid\/"},"modified":"2022-10-24T19:26:42","modified_gmt":"2022-10-24T19:26:42","slug":"astandid","status":"publish","type":"product","link":"https:\/\/kindart.is\/en\/vara\/astandid\/","title":{"rendered":"\u00c1STANDI\u00d0"},"content":{"rendered":"<p><strong>\u00c1STANDI\u00d0<\/strong> \u2013 Mannl\u00edf \u00e1 hern\u00e1ms\u00e1rum eftir Bjarna Gu\u00f0marsson og Hrafn J\u00f6kulsson. Bj\u00f6rn Br. Bj\u00f6rnsson hanna\u00f0i b\u00f3kark\u00e1pu. B\u00f3kin er bundin \u00ed forlagsband, alband \u00ed plastefni. 25 X 18.5 cm og 326 bls. me\u00f0 m\u00f6rgum myndum.<\/p>\n<p><strong>\u00datg\u00e1fa og prentun<\/strong>:<br \/>\nB\u00f3ka\u00fatg\u00e1fan T\u00e1kn. Reykjav\u00edk 1989. Prentsmi\u00f0ja \u00c1rna Valdemarssonar.<\/p>\n","protected":false},"excerpt":{"rendered":"<p>\u00c1STANDI\u00d0 \u2013 Mannl\u00edf \u00e1 hern\u00e1ms\u00e1rum eftir Bjarna Gu\u00f0marsson og Hrafn J\u00f6kulsson. Bj\u00f6rn Br. Bj\u00f6rnsson hanna\u00f0i b\u00f3kark\u00e1pu. B\u00f3kin er bundin \u00ed forlagsband, alband \u00ed plastefni. 25 X 18.5 cm og 326 bls. me\u00f0 m\u00f6rgum myndum. \u00datg\u00e1fa og prentun: B\u00f3ka\u00fatg\u00e1fan T\u00e1kn. Reykjav\u00edk 1989. Prentsmi\u00f0ja \u00c1rna Valdemarssonar.<\/p>\n","protected":false},"featured_media":5747,"template":"","meta":{"slim_seo":{"title":"\u00c1STANDI\u00d0 - KindArt","description":"\u00c1STANDI\u00d0 \u2013 Mannl\u00edf \u00e1 hern\u00e1ms\u00e1rum eftir Bjarna Gu\u00f0marsson og Hrafn J\u00f6kulsson. Bj\u00f6rn Br. Bj\u00f6rnsson hanna\u00f0i b\u00f3kark\u00e1pu. B\u00f3kin er bundin \u00ed forlagsband, alband \u00ed plas"}},"product_brand":[],"product_cat":[83],"product_tag":[],"class_list":{"0":"post-5749","1":"product","2":"type-product","3":"status-publish","4":"has-post-thumbnail","6":"product_cat-books","7":"product_shipping_class-small-en","9":"first","10":"outofstock","11":"sold-individually","12":"purchasable","13":"product-type-simple"},"_links":{"self":[{"href":"https:\/\/kindart.is\/en\/wp-json\/wp\/v2\/product\/5749","targetHints":{"allow":["GET"]}}],"collection":[{"href":"https:\/\/kindart.is\/en\/wp-json\/wp\/v2\/product"}],"about":[{"href":"https:\/\/kindart.is\/en\/wp-json\/wp\/v2\/types\/product"}],"wp:featuredmedia":[{"embeddable":true,"href":"https:\/\/kindart.is\/en\/wp-json\/wp\/v2\/media\/5747"}],"wp:attachment":[{"href":"https:\/\/kindart.is\/en\/wp-json\/wp\/v2\/media?parent=5749"}],"wp:term":[{"taxonomy":"product_brand","embeddable":true,"href":"https:\/\/kindart.is\/en\/wp-json\/wp\/v2\/product_brand?post=5749"},{"taxonomy":"product_cat","embeddable":true,"href":"https:\/\/kindart.is\/en\/wp-json\/wp\/v2\/product_cat?post=5749"},{"taxonomy":"product_tag","embeddable":true,"href":"https:\/\/kindart.is\/en\/wp-json\/wp\/v2\/product_tag?post=5749"}],"curies":[{"name":"wp","href":"https:\/\/api.w.org\/{rel}","templated":true}]}}