{"id":5754,"date":"2022-10-24T20:07:31","date_gmt":"2022-10-24T20:07:31","guid":{"rendered":"https:\/\/kindart.is\/product\/heima\/"},"modified":"2022-10-24T20:07:31","modified_gmt":"2022-10-24T20:07:31","slug":"heima","status":"publish","type":"product","link":"https:\/\/kindart.is\/en\/vara\/heima\/","title":{"rendered":"Heima"},"content":{"rendered":"<p><strong>Heima<\/strong> \u2013 Nokkrar st\u00f6kur eftir Magn\u00fas G\u00edslason sk\u00e1ld. Hann \u00f3lst upp \u00e1 Torfast\u00f6\u00f0um \u00ed Grafningi en flutti til Reykjav\u00edkur um aldam\u00f3tin. Keypti prentsmi\u00f0ju \u00c1sgeirs Gu\u00f0mundssonar \u00e1samt Haraldi J\u00f3nssyni prentara og starfr\u00e6ktu \u00feeir hana \u00ed 3 \u00e1r. H\u00e9t \u00feessi prentsmi\u00f0ja M.G.Prent. \u00ddmislegt sm\u00e1prent var prenta\u00f0 \u00fear eins og \u00feessi lj\u00f3\u00f0ap\u00e9si eftir Magn\u00fas. St\u00e6r\u00f0: 19 X 12 cm,10 bls.<\/p>\n<p><strong>\u00datg\u00e1fa og prentun<\/strong>:<br \/>\nH\u00f6fundur. Reykjav\u00edk 1938. M.G.Prent Laugaveg 24C.<\/p>\n","protected":false},"excerpt":{"rendered":"<p>Heima \u2013 Nokkrar st\u00f6kur eftir Magn\u00fas G\u00edslason sk\u00e1ld. Hann \u00f3lst upp \u00e1 Torfast\u00f6\u00f0um \u00ed Grafningi en flutti til Reykjav\u00edkur um aldam\u00f3tin. Keypti prentsmi\u00f0ju \u00c1sgeirs Gu\u00f0mundssonar \u00e1samt Haraldi J\u00f3nssyni prentara og starfr\u00e6ktu \u00feeir hana \u00ed 3 \u00e1r. H\u00e9t \u00feessi prentsmi\u00f0ja M.G.Prent. \u00ddmislegt sm\u00e1prent var prenta\u00f0 \u00fear eins og \u00feessi lj\u00f3\u00f0ap\u00e9si eftir Magn\u00fas. St\u00e6r\u00f0: 19 X 12 [&hellip;]<\/p>\n","protected":false},"featured_media":5752,"template":"","meta":{"slim_seo":{"title":"Heima - KindArt","description":"Heima \u2013 Nokkrar st\u00f6kur eftir Magn\u00fas G\u00edslason sk\u00e1ld. Hann \u00f3lst upp \u00e1 Torfast\u00f6\u00f0um \u00ed Grafningi en flutti til Reykjav\u00edkur um aldam\u00f3tin. Keypti prentsmi\u00f0ju \u00c1sgeirs G"}},"product_brand":[],"product_cat":[83],"product_tag":[],"class_list":{"0":"post-5754","1":"product","2":"type-product","3":"status-publish","4":"has-post-thumbnail","6":"product_cat-books","7":"product_shipping_class-small-en","9":"first","10":"instock","11":"sold-individually","12":"purchasable","13":"product-type-simple"},"_links":{"self":[{"href":"https:\/\/kindart.is\/en\/wp-json\/wp\/v2\/product\/5754","targetHints":{"allow":["GET"]}}],"collection":[{"href":"https:\/\/kindart.is\/en\/wp-json\/wp\/v2\/product"}],"about":[{"href":"https:\/\/kindart.is\/en\/wp-json\/wp\/v2\/types\/product"}],"wp:featuredmedia":[{"embeddable":true,"href":"https:\/\/kindart.is\/en\/wp-json\/wp\/v2\/media\/5752"}],"wp:attachment":[{"href":"https:\/\/kindart.is\/en\/wp-json\/wp\/v2\/media?parent=5754"}],"wp:term":[{"taxonomy":"product_brand","embeddable":true,"href":"https:\/\/kindart.is\/en\/wp-json\/wp\/v2\/product_brand?post=5754"},{"taxonomy":"product_cat","embeddable":true,"href":"https:\/\/kindart.is\/en\/wp-json\/wp\/v2\/product_cat?post=5754"},{"taxonomy":"product_tag","embeddable":true,"href":"https:\/\/kindart.is\/en\/wp-json\/wp\/v2\/product_tag?post=5754"}],"curies":[{"name":"wp","href":"https:\/\/api.w.org\/{rel}","templated":true}]}}