{"id":5766,"date":"2022-10-24T20:15:39","date_gmt":"2022-10-24T20:15:39","guid":{"rendered":"https:\/\/kindart.is\/product\/i-bidsal-hjonabandsins\/"},"modified":"2022-10-24T20:15:39","modified_gmt":"2022-10-24T20:15:39","slug":"i-bidsal-hjonabandsins","status":"publish","type":"product","link":"https:\/\/kindart.is\/en\/vara\/i-bidsal-hjonabandsins\/","title":{"rendered":"\u00cd bi\u00f0sal hj\u00f3nabandsins"},"content":{"rendered":"<p><strong>\u00cd bi\u00f0sal hj\u00f3nabandsins<\/strong>, sk\u00e1ldsaga eftir \u00de\u00f3runni Elfu Magn\u00fasd\u00f3ttur, sem hefur skrifa\u00f0 \u00e1\u00f0ur um 10 sk\u00e1lds\u00f6gur. B\u00f3kin er bundin \u00ed rau\u00f0br\u00fant rex\u00edn \u00e1 kj\u00f6l og horn og fallegan lj\u00f3srau\u00f0an spjaldapapp\u00edr me\u00f0 \u00e6\u00f0um. St\u00e6r\u00f0: 18.7 X 13 cm og 235 bls.<\/p>\n<p><strong>\u00datg\u00e1fa og prentun<\/strong>:<br \/>\nB\u00f3ka\u00fatg\u00e1fa S\u00cdBS. Reykjav\u00edk 1949. Prentfell prenta\u00f0i.<\/p>\n","protected":false},"excerpt":{"rendered":"<p>\u00cd bi\u00f0sal hj\u00f3nabandsins, sk\u00e1ldsaga eftir \u00de\u00f3runni Elfu Magn\u00fasd\u00f3ttur, sem hefur skrifa\u00f0 \u00e1\u00f0ur um 10 sk\u00e1lds\u00f6gur. B\u00f3kin er bundin \u00ed rau\u00f0br\u00fant rex\u00edn \u00e1 kj\u00f6l og horn og fallegan lj\u00f3srau\u00f0an spjaldapapp\u00edr me\u00f0 \u00e6\u00f0um. St\u00e6r\u00f0: 18.7 X 13 cm og 235 bls. \u00datg\u00e1fa og prentun: B\u00f3ka\u00fatg\u00e1fa S\u00cdBS. Reykjav\u00edk 1949. Prentfell prenta\u00f0i.<\/p>\n","protected":false},"featured_media":5762,"template":"","meta":{"slim_seo":{"title":"\u00cd bi\u00f0sal hj\u00f3nabandsins - KindArt","description":"\u00cd bi\u00f0sal hj\u00f3nabandsins , sk\u00e1ldsaga eftir \u00de\u00f3runni Elfu Magn\u00fasd\u00f3ttur, sem hefur skrifa\u00f0 \u00e1\u00f0ur um 10 sk\u00e1lds\u00f6gur. B\u00f3kin er bundin \u00ed rau\u00f0br\u00fant rex\u00edn \u00e1 kj\u00f6l og horn og"}},"product_brand":[],"product_cat":[83],"product_tag":[],"class_list":{"0":"post-5766","1":"product","2":"type-product","3":"status-publish","4":"has-post-thumbnail","6":"product_cat-books","7":"product_shipping_class-small-en","9":"first","10":"instock","11":"sold-individually","12":"purchasable","13":"product-type-simple"},"_links":{"self":[{"href":"https:\/\/kindart.is\/en\/wp-json\/wp\/v2\/product\/5766","targetHints":{"allow":["GET"]}}],"collection":[{"href":"https:\/\/kindart.is\/en\/wp-json\/wp\/v2\/product"}],"about":[{"href":"https:\/\/kindart.is\/en\/wp-json\/wp\/v2\/types\/product"}],"wp:featuredmedia":[{"embeddable":true,"href":"https:\/\/kindart.is\/en\/wp-json\/wp\/v2\/media\/5762"}],"wp:attachment":[{"href":"https:\/\/kindart.is\/en\/wp-json\/wp\/v2\/media?parent=5766"}],"wp:term":[{"taxonomy":"product_brand","embeddable":true,"href":"https:\/\/kindart.is\/en\/wp-json\/wp\/v2\/product_brand?post=5766"},{"taxonomy":"product_cat","embeddable":true,"href":"https:\/\/kindart.is\/en\/wp-json\/wp\/v2\/product_cat?post=5766"},{"taxonomy":"product_tag","embeddable":true,"href":"https:\/\/kindart.is\/en\/wp-json\/wp\/v2\/product_tag?post=5766"}],"curies":[{"name":"wp","href":"https:\/\/api.w.org\/{rel}","templated":true}]}}