{"id":5771,"date":"2022-10-24T20:18:41","date_gmt":"2022-10-24T20:18:41","guid":{"rendered":"https:\/\/kindart.is\/product\/portugalski-sjoraeninginn\/"},"modified":"2022-10-24T20:18:41","modified_gmt":"2022-10-24T20:18:41","slug":"portugalski-sjoraeninginn","status":"publish","type":"product","link":"https:\/\/kindart.is\/en\/vara\/portugalski-sjoraeninginn\/","title":{"rendered":"Port\u00fagalski sj\u00f3r\u00e6ninginn"},"content":{"rendered":"<p><strong>Port\u00fagalski sj\u00f3r\u00e6ninginn<\/strong>. \u00c6fint\u00fdri gefi\u00f0 \u00fat af J\u00f3hanni Erni J\u00f3nssyni \u00ed Fagranesi \u00ed \u00d6xnadal. Upplag 600 eint\u00f6k, t\u00f6lusett og er \u00feetta Nr. 572. B\u00f3kin er 15.5 X 11.7 cm, 38 bls. v\u00edrheft og sett \u00ed bleika kartonk\u00e1pu.<\/p>\n<p><strong>\u00datg\u00e1fa og prentun<\/strong>:<br \/>\n\u00datgefandi J\u00f3h. \u00d6rn J\u00f3nsson. Akureyri 1929. Prentsmi\u00f0ja Bj\u00f6rns J\u00f3nssonar.<\/p>\n","protected":false},"excerpt":{"rendered":"<p>Port\u00fagalski sj\u00f3r\u00e6ninginn. \u00c6fint\u00fdri gefi\u00f0 \u00fat af J\u00f3hanni Erni J\u00f3nssyni \u00ed Fagranesi \u00ed \u00d6xnadal. Upplag 600 eint\u00f6k, t\u00f6lusett og er \u00feetta Nr. 572. B\u00f3kin er 15.5 X 11.7 cm, 38 bls. v\u00edrheft og sett \u00ed bleika kartonk\u00e1pu. \u00datg\u00e1fa og prentun: \u00datgefandi J\u00f3h. \u00d6rn J\u00f3nsson. Akureyri 1929. Prentsmi\u00f0ja Bj\u00f6rns J\u00f3nssonar.<\/p>\n","protected":false},"featured_media":5769,"template":"","meta":{"slim_seo":{"title":"Port\u00fagalski sj\u00f3r\u00e6ninginn - KindArt","description":"Port\u00fagalski sj\u00f3r\u00e6ninginn . \u00c6fint\u00fdri gefi\u00f0 \u00fat af J\u00f3hanni Erni J\u00f3nssyni \u00ed Fagranesi \u00ed \u00d6xnadal. Upplag 600 eint\u00f6k, t\u00f6lusett og er \u00feetta Nr. 572. B\u00f3kin er 15.5 X 11"}},"product_brand":[],"product_cat":[83],"product_tag":[],"class_list":{"0":"post-5771","1":"product","2":"type-product","3":"status-publish","4":"has-post-thumbnail","6":"product_cat-books","7":"product_shipping_class-small-en","9":"first","10":"outofstock","11":"sold-individually","12":"purchasable","13":"product-type-simple"},"_links":{"self":[{"href":"https:\/\/kindart.is\/en\/wp-json\/wp\/v2\/product\/5771","targetHints":{"allow":["GET"]}}],"collection":[{"href":"https:\/\/kindart.is\/en\/wp-json\/wp\/v2\/product"}],"about":[{"href":"https:\/\/kindart.is\/en\/wp-json\/wp\/v2\/types\/product"}],"wp:featuredmedia":[{"embeddable":true,"href":"https:\/\/kindart.is\/en\/wp-json\/wp\/v2\/media\/5769"}],"wp:attachment":[{"href":"https:\/\/kindart.is\/en\/wp-json\/wp\/v2\/media?parent=5771"}],"wp:term":[{"taxonomy":"product_brand","embeddable":true,"href":"https:\/\/kindart.is\/en\/wp-json\/wp\/v2\/product_brand?post=5771"},{"taxonomy":"product_cat","embeddable":true,"href":"https:\/\/kindart.is\/en\/wp-json\/wp\/v2\/product_cat?post=5771"},{"taxonomy":"product_tag","embeddable":true,"href":"https:\/\/kindart.is\/en\/wp-json\/wp\/v2\/product_tag?post=5771"}],"curies":[{"name":"wp","href":"https:\/\/api.w.org\/{rel}","templated":true}]}}