{"id":5776,"date":"2022-10-24T20:24:14","date_gmt":"2022-10-24T20:24:14","guid":{"rendered":"https:\/\/kindart.is\/product\/varnir-islands\/"},"modified":"2022-10-24T20:24:14","modified_gmt":"2022-10-24T20:24:14","slug":"varnir-islands","status":"publish","type":"product","link":"https:\/\/kindart.is\/en\/vara\/varnir-islands\/","title":{"rendered":"Varnir \u00cdslands"},"content":{"rendered":"<p><strong>Varnir \u00cdslands<\/strong> eftir Sigurbj\u00f6rn Einarsson. Haldi hverr v\u00f6ku sinni &#8211; Vopnavernd og \u00f6ryggi. R\u00e6\u00f0a sem var haldin \u00ed h\u00e1t\u00ed\u00f0arsal H\u00e1sk\u00f3lans 1. des. 1948. V\u00edrheftur b\u00e6klingur me\u00f0 kartonk\u00e1pu, 22 X 13.5 cm og 32 bls.<\/p>\n<p><strong>\u00datg\u00e1fa og prentun<\/strong>:<br \/>\n\u00datgefanda ekki geti\u00f0. Reykjav\u00edk 1948. Prenta\u00f0 \u00ed Ing\u00f3lfsprent.<\/p>\n","protected":false},"excerpt":{"rendered":"<p>Varnir \u00cdslands eftir Sigurbj\u00f6rn Einarsson. Haldi hverr v\u00f6ku sinni &#8211; Vopnavernd og \u00f6ryggi. R\u00e6\u00f0a sem var haldin \u00ed h\u00e1t\u00ed\u00f0arsal H\u00e1sk\u00f3lans 1. des. 1948. V\u00edrheftur b\u00e6klingur me\u00f0 kartonk\u00e1pu, 22 X 13.5 cm og 32 bls. \u00datg\u00e1fa og prentun: \u00datgefanda ekki geti\u00f0. Reykjav\u00edk 1948. Prenta\u00f0 \u00ed Ing\u00f3lfsprent.<\/p>\n","protected":false},"featured_media":5774,"template":"","meta":{"slim_seo":{"title":"Varnir \u00cdslands - KindArt","description":"Varnir \u00cdslands eftir Sigurbj\u00f6rn Einarsson. Haldi hverr v\u00f6ku sinni - Vopnavernd og \u00f6ryggi. R\u00e6\u00f0a sem var haldin \u00ed h\u00e1t\u00ed\u00f0arsal H\u00e1sk\u00f3lans 1. des. 1948. V\u00edrheftur b\u00e6k"}},"product_brand":[],"product_cat":[83],"product_tag":[],"class_list":{"0":"post-5776","1":"product","2":"type-product","3":"status-publish","4":"has-post-thumbnail","6":"product_cat-books","7":"product_shipping_class-small-en","9":"first","10":"instock","11":"sold-individually","12":"purchasable","13":"product-type-simple"},"_links":{"self":[{"href":"https:\/\/kindart.is\/en\/wp-json\/wp\/v2\/product\/5776","targetHints":{"allow":["GET"]}}],"collection":[{"href":"https:\/\/kindart.is\/en\/wp-json\/wp\/v2\/product"}],"about":[{"href":"https:\/\/kindart.is\/en\/wp-json\/wp\/v2\/types\/product"}],"wp:featuredmedia":[{"embeddable":true,"href":"https:\/\/kindart.is\/en\/wp-json\/wp\/v2\/media\/5774"}],"wp:attachment":[{"href":"https:\/\/kindart.is\/en\/wp-json\/wp\/v2\/media?parent=5776"}],"wp:term":[{"taxonomy":"product_brand","embeddable":true,"href":"https:\/\/kindart.is\/en\/wp-json\/wp\/v2\/product_brand?post=5776"},{"taxonomy":"product_cat","embeddable":true,"href":"https:\/\/kindart.is\/en\/wp-json\/wp\/v2\/product_cat?post=5776"},{"taxonomy":"product_tag","embeddable":true,"href":"https:\/\/kindart.is\/en\/wp-json\/wp\/v2\/product_tag?post=5776"}],"curies":[{"name":"wp","href":"https:\/\/api.w.org\/{rel}","templated":true}]}}