{"id":5782,"date":"2022-10-25T17:48:56","date_gmt":"2022-10-25T17:48:56","guid":{"rendered":"https:\/\/kindart.is\/product\/laxdaela-saga\/"},"modified":"2022-10-25T17:48:56","modified_gmt":"2022-10-25T17:48:56","slug":"laxdaela-saga","status":"publish","type":"product","link":"https:\/\/kindart.is\/en\/vara\/laxdaela-saga\/","title":{"rendered":"Laxd\u00e6la saga"},"content":{"rendered":"<p><strong>Laxd\u00e6la saga<\/strong>. Me\u00f0 l\u00f6gskipa\u00f0ri stafsetningu \u00edslenska r\u00edkisins. Ragnar J\u00f3nsson b\u00f3ka\u00fatgefandi og Stef\u00e1n \u00d6gmundsson prentari s\u00e1u um framkv\u00e6md verksins \u00e1samt Laxness. Stef\u00e1n setti b\u00f3kina, Ragnar s\u00e1 um verklega \u00fatg\u00e1fuhli\u00f0 m\u00e1lsins en Kiljan var skrifa\u00f0ur fyrir \u00fatg\u00e1funni. B\u00f3kin er saumheft og sett \u00ed kartonk\u00e1pu. St\u00e6r\u00f0: 19.3 X 13 cm og 276 bls.<\/p>\n<p><strong>\u00datg\u00e1fa og prentun<\/strong>:<br \/>\n\u00datgefandi: Halld\u00f3r Kiljan Laxness. Reykjav\u00edk 1941. V\u00edkingsprent.<\/p>\n","protected":false},"excerpt":{"rendered":"<p>Laxd\u00e6la saga. Me\u00f0 l\u00f6gskipa\u00f0ri stafsetningu \u00edslenska r\u00edkisins. Ragnar J\u00f3nsson b\u00f3ka\u00fatgefandi og Stef\u00e1n \u00d6gmundsson prentari s\u00e1u um framkv\u00e6md verksins \u00e1samt Laxness. Stef\u00e1n setti b\u00f3kina, Ragnar s\u00e1 um verklega \u00fatg\u00e1fuhli\u00f0 m\u00e1lsins en Kiljan var skrifa\u00f0ur fyrir \u00fatg\u00e1funni. B\u00f3kin er saumheft og sett \u00ed kartonk\u00e1pu. St\u00e6r\u00f0: 19.3 X 13 cm og 276 bls. \u00datg\u00e1fa og prentun: \u00datgefandi: Halld\u00f3r [&hellip;]<\/p>\n","protected":false},"featured_media":5780,"template":"","meta":{"slim_seo":{"title":"Laxd\u00e6la saga - KindArt","description":"Laxd\u00e6la saga . Me\u00f0 l\u00f6gskipa\u00f0ri stafsetningu \u00edslenska r\u00edkisins. Ragnar J\u00f3nsson b\u00f3ka\u00fatgefandi og Stef\u00e1n \u00d6gmundsson prentari s\u00e1u um framkv\u00e6md verksins \u00e1samt Laxnes"}},"product_brand":[],"product_cat":[83],"product_tag":[],"class_list":{"0":"post-5782","1":"product","2":"type-product","3":"status-publish","4":"has-post-thumbnail","6":"product_cat-books","7":"product_shipping_class-small-en","9":"first","10":"outofstock","11":"sold-individually","12":"purchasable","13":"product-type-simple"},"_links":{"self":[{"href":"https:\/\/kindart.is\/en\/wp-json\/wp\/v2\/product\/5782","targetHints":{"allow":["GET"]}}],"collection":[{"href":"https:\/\/kindart.is\/en\/wp-json\/wp\/v2\/product"}],"about":[{"href":"https:\/\/kindart.is\/en\/wp-json\/wp\/v2\/types\/product"}],"wp:featuredmedia":[{"embeddable":true,"href":"https:\/\/kindart.is\/en\/wp-json\/wp\/v2\/media\/5780"}],"wp:attachment":[{"href":"https:\/\/kindart.is\/en\/wp-json\/wp\/v2\/media?parent=5782"}],"wp:term":[{"taxonomy":"product_brand","embeddable":true,"href":"https:\/\/kindart.is\/en\/wp-json\/wp\/v2\/product_brand?post=5782"},{"taxonomy":"product_cat","embeddable":true,"href":"https:\/\/kindart.is\/en\/wp-json\/wp\/v2\/product_cat?post=5782"},{"taxonomy":"product_tag","embeddable":true,"href":"https:\/\/kindart.is\/en\/wp-json\/wp\/v2\/product_tag?post=5782"}],"curies":[{"name":"wp","href":"https:\/\/api.w.org\/{rel}","templated":true}]}}