{"id":5789,"date":"2022-10-25T17:52:09","date_gmt":"2022-10-25T17:52:09","guid":{"rendered":"https:\/\/kindart.is\/product\/minningar-fra-morgni-aldar\/"},"modified":"2022-10-25T17:52:09","modified_gmt":"2022-10-25T17:52:09","slug":"minningar-fra-morgni-aldar","status":"publish","type":"product","link":"https:\/\/kindart.is\/en\/vara\/minningar-fra-morgni-aldar\/","title":{"rendered":"Minningar fr\u00e1 morgni aldar"},"content":{"rendered":"<p><strong>Minningar fr\u00e1 morgni aldar<\/strong> eftir Geir Sigur\u00f0sson fr\u00e1 Sker\u00f0ingsst\u00f6\u00f0um. Geir var f\u00e6ddur a\u00f0 S\u00e6lingsdal \u00ed Hvammssveit \u00ed Dalas\u00fdslu \u00e1ri\u00f0 1902. Var b\u00fastj\u00f3ri m\u00f3\u00f0ur sinnar a\u00f0 Gler\u00e1rsk\u00f3gum \u00ed 13 \u00e1r. \u00de\u00e1 bj\u00f3 hann \u00e1 eignarj\u00f6r\u00f0 sinni a\u00f0 Sker\u00f0ingsst\u00f6\u00f0um \u00ed 23 \u00e1r. B\u00f3kin er bundin \u00ed forlagsband, alband \u00ed plastefni og me\u00f0 hl\u00edf\u00f0ark\u00e1pu. St\u00e6r\u00f0: 23.5 X 13.5 cm og 173 bls.<\/p>\n<p><strong>\u00datg\u00e1fa og prentun<\/strong>:<br \/>\nV\u00edkur\u00fatg\u00e1fan \u2013 Gu\u00f0j\u00f3n El\u00edasson \u2013 Reykjav\u00edk 1983. Prentun: B\u00f3kami\u00f0st\u00f6\u00f0in. B\u00f3kband: B\u00f3kbandsstofan \u00d6rkin<\/p>\n","protected":false},"excerpt":{"rendered":"<p>Minningar fr\u00e1 morgni aldar eftir Geir Sigur\u00f0sson fr\u00e1 Sker\u00f0ingsst\u00f6\u00f0um. Geir var f\u00e6ddur a\u00f0 S\u00e6lingsdal \u00ed Hvammssveit \u00ed Dalas\u00fdslu \u00e1ri\u00f0 1902. Var b\u00fastj\u00f3ri m\u00f3\u00f0ur sinnar a\u00f0 Gler\u00e1rsk\u00f3gum \u00ed 13 \u00e1r. \u00de\u00e1 bj\u00f3 hann \u00e1 eignarj\u00f6r\u00f0 sinni a\u00f0 Sker\u00f0ingsst\u00f6\u00f0um \u00ed 23 \u00e1r. B\u00f3kin er bundin \u00ed forlagsband, alband \u00ed plastefni og me\u00f0 hl\u00edf\u00f0ark\u00e1pu. St\u00e6r\u00f0: 23.5 X 13.5 [&hellip;]<\/p>\n","protected":false},"featured_media":5785,"template":"","meta":{"slim_seo":{"title":"Minningar fr\u00e1 morgni aldar - KindArt","description":"Minningar fr\u00e1 morgni aldar eftir Geir Sigur\u00f0sson fr\u00e1 Sker\u00f0ingsst\u00f6\u00f0um. Geir var f\u00e6ddur a\u00f0 S\u00e6lingsdal \u00ed Hvammssveit \u00ed Dalas\u00fdslu \u00e1ri\u00f0 1902. Var b\u00fastj\u00f3ri m\u00f3\u00f0ur sinn"}},"product_brand":[],"product_cat":[83],"product_tag":[],"class_list":{"0":"post-5789","1":"product","2":"type-product","3":"status-publish","4":"has-post-thumbnail","6":"product_cat-books","7":"product_shipping_class-small-en","9":"first","10":"instock","11":"sold-individually","12":"purchasable","13":"product-type-simple"},"_links":{"self":[{"href":"https:\/\/kindart.is\/en\/wp-json\/wp\/v2\/product\/5789","targetHints":{"allow":["GET"]}}],"collection":[{"href":"https:\/\/kindart.is\/en\/wp-json\/wp\/v2\/product"}],"about":[{"href":"https:\/\/kindart.is\/en\/wp-json\/wp\/v2\/types\/product"}],"wp:featuredmedia":[{"embeddable":true,"href":"https:\/\/kindart.is\/en\/wp-json\/wp\/v2\/media\/5785"}],"wp:attachment":[{"href":"https:\/\/kindart.is\/en\/wp-json\/wp\/v2\/media?parent=5789"}],"wp:term":[{"taxonomy":"product_brand","embeddable":true,"href":"https:\/\/kindart.is\/en\/wp-json\/wp\/v2\/product_brand?post=5789"},{"taxonomy":"product_cat","embeddable":true,"href":"https:\/\/kindart.is\/en\/wp-json\/wp\/v2\/product_cat?post=5789"},{"taxonomy":"product_tag","embeddable":true,"href":"https:\/\/kindart.is\/en\/wp-json\/wp\/v2\/product_tag?post=5789"}],"curies":[{"name":"wp","href":"https:\/\/api.w.org\/{rel}","templated":true}]}}