{"id":5804,"date":"2022-10-25T18:03:59","date_gmt":"2022-10-25T18:03:59","guid":{"rendered":"https:\/\/kindart.is\/product\/oskop\/"},"modified":"2022-10-25T18:03:59","modified_gmt":"2022-10-25T18:03:59","slug":"oskop","status":"publish","type":"product","link":"https:\/\/kindart.is\/en\/vara\/oskop\/","title":{"rendered":"\u00d3sk\u00f6p"},"content":{"rendered":"<p><strong>\u00d3sk\u00f6p<\/strong>. Veraldar s\u00f6gur eftir \u00deorstein Bj\u00f6rnsson \u00far B\u00e6. B\u00f3kin er l\u00edmheft og sett \u00ed kartonk\u00e1pu me\u00f0 mynd framan\u00e1 eftir Tryggva Magn\u00fasson. St\u00e6r\u00f0: 19.7 X 14 cm og 64 bls.<\/p>\n<p><strong>\u00datg\u00e1fa og prentun<\/strong>:<br \/>\n\u00datgefanda ekki geti\u00f0. Reykjav\u00edk 1935. Prentsmi\u00f0jan D\u00f6gun.<\/p>\n","protected":false},"excerpt":{"rendered":"<p>\u00d3sk\u00f6p. Veraldar s\u00f6gur eftir \u00deorstein Bj\u00f6rnsson \u00far B\u00e6. B\u00f3kin er l\u00edmheft og sett \u00ed kartonk\u00e1pu me\u00f0 mynd framan\u00e1 eftir Tryggva Magn\u00fasson. St\u00e6r\u00f0: 19.7 X 14 cm og 64 bls. \u00datg\u00e1fa og prentun: \u00datgefanda ekki geti\u00f0. Reykjav\u00edk 1935. Prentsmi\u00f0jan D\u00f6gun.<\/p>\n","protected":false},"featured_media":5800,"template":"","meta":{"slim_seo":{"title":"\u00d3sk\u00f6p - KindArt","description":"\u00d3sk\u00f6p . Veraldar s\u00f6gur eftir \u00deorstein Bj\u00f6rnsson \u00far B\u00e6. B\u00f3kin er l\u00edmheft og sett \u00ed kartonk\u00e1pu me\u00f0 mynd framan\u00e1 eftir Tryggva Magn\u00fasson. St\u00e6r\u00f0: 19.7 X 14 cm og 64"}},"product_brand":[],"product_cat":[83],"product_tag":[],"class_list":{"0":"post-5804","1":"product","2":"type-product","3":"status-publish","4":"has-post-thumbnail","6":"product_cat-books","7":"product_shipping_class-small-en","9":"first","10":"outofstock","11":"sold-individually","12":"purchasable","13":"product-type-simple"},"_links":{"self":[{"href":"https:\/\/kindart.is\/en\/wp-json\/wp\/v2\/product\/5804","targetHints":{"allow":["GET"]}}],"collection":[{"href":"https:\/\/kindart.is\/en\/wp-json\/wp\/v2\/product"}],"about":[{"href":"https:\/\/kindart.is\/en\/wp-json\/wp\/v2\/types\/product"}],"wp:featuredmedia":[{"embeddable":true,"href":"https:\/\/kindart.is\/en\/wp-json\/wp\/v2\/media\/5800"}],"wp:attachment":[{"href":"https:\/\/kindart.is\/en\/wp-json\/wp\/v2\/media?parent=5804"}],"wp:term":[{"taxonomy":"product_brand","embeddable":true,"href":"https:\/\/kindart.is\/en\/wp-json\/wp\/v2\/product_brand?post=5804"},{"taxonomy":"product_cat","embeddable":true,"href":"https:\/\/kindart.is\/en\/wp-json\/wp\/v2\/product_cat?post=5804"},{"taxonomy":"product_tag","embeddable":true,"href":"https:\/\/kindart.is\/en\/wp-json\/wp\/v2\/product_tag?post=5804"}],"curies":[{"name":"wp","href":"https:\/\/api.w.org\/{rel}","templated":true}]}}