{"id":5811,"date":"2022-10-25T18:08:54","date_gmt":"2022-10-25T18:08:54","guid":{"rendered":"https:\/\/kindart.is\/product\/sa-eg-svani\/"},"modified":"2022-10-25T18:08:54","modified_gmt":"2022-10-25T18:08:54","slug":"sa-eg-svani","status":"publish","type":"product","link":"https:\/\/kindart.is\/en\/vara\/sa-eg-svani\/","title":{"rendered":"S\u00e1 \u00e9g svani"},"content":{"rendered":"<p><strong>S\u00e1 \u00e9g svani<\/strong>. Lj\u00f3\u00f0akver fyrir b\u00f6rn eftir Jakob\u00ednu Johnson. Tryggvi Magn\u00fasson myndlistarma\u00f0ur s\u00e1 um \u00fatlit b\u00f3karinnar og teikna\u00f0i fallega mynd \u00e1 k\u00e1pus\u00ed\u00f0u og s\u00ed\u00f0an mynd og skreyttan upphafsstaf vi\u00f0 byrjun hvers lj\u00f3\u00f0s sem eru alls tuttugu.<br \/>\nB\u00f3kin er v\u00edrheft og skorin ofan, ne\u00f0an og framan og s\u00ed\u00f0an aftur v\u00edrheft vi\u00f0 st\u00edfa k\u00e1pu og me\u00f0 formeringum. St\u00e6r\u00f0: 16 X 12 cm og 39 bls.<\/p>\n<p><strong>\u00datg\u00e1fa og prentun<\/strong>:<br \/>\n\u00datgefandi: \u00de\u00f3rhallur Bjarnarson. Reykjav\u00edk 1942. Prentsmi\u00f0jan H\u00f3lar.<\/p>\n","protected":false},"excerpt":{"rendered":"<p>S\u00e1 \u00e9g svani. Lj\u00f3\u00f0akver fyrir b\u00f6rn eftir Jakob\u00ednu Johnson. Tryggvi Magn\u00fasson myndlistarma\u00f0ur s\u00e1 um \u00fatlit b\u00f3karinnar og teikna\u00f0i fallega mynd \u00e1 k\u00e1pus\u00ed\u00f0u og s\u00ed\u00f0an mynd og skreyttan upphafsstaf vi\u00f0 byrjun hvers lj\u00f3\u00f0s sem eru alls tuttugu. B\u00f3kin er v\u00edrheft og skorin ofan, ne\u00f0an og framan og s\u00ed\u00f0an aftur v\u00edrheft vi\u00f0 st\u00edfa k\u00e1pu og me\u00f0 formeringum. [&hellip;]<\/p>\n","protected":false},"featured_media":5807,"template":"","meta":{"slim_seo":{"title":"S\u00e1 \u00e9g svani - KindArt","description":"S\u00e1 \u00e9g svani . Lj\u00f3\u00f0akver fyrir b\u00f6rn eftir Jakob\u00ednu Johnson. Tryggvi Magn\u00fasson myndlistarma\u00f0ur s\u00e1 um \u00fatlit b\u00f3karinnar og teikna\u00f0i fallega mynd \u00e1 k\u00e1pus\u00ed\u00f0u og s\u00ed\u00f0an"}},"product_brand":[],"product_cat":[83],"product_tag":[],"class_list":{"0":"post-5811","1":"product","2":"type-product","3":"status-publish","4":"has-post-thumbnail","6":"product_cat-books","7":"product_shipping_class-small-en","9":"first","10":"outofstock","11":"sold-individually","12":"purchasable","13":"product-type-simple"},"_links":{"self":[{"href":"https:\/\/kindart.is\/en\/wp-json\/wp\/v2\/product\/5811","targetHints":{"allow":["GET"]}}],"collection":[{"href":"https:\/\/kindart.is\/en\/wp-json\/wp\/v2\/product"}],"about":[{"href":"https:\/\/kindart.is\/en\/wp-json\/wp\/v2\/types\/product"}],"wp:featuredmedia":[{"embeddable":true,"href":"https:\/\/kindart.is\/en\/wp-json\/wp\/v2\/media\/5807"}],"wp:attachment":[{"href":"https:\/\/kindart.is\/en\/wp-json\/wp\/v2\/media?parent=5811"}],"wp:term":[{"taxonomy":"product_brand","embeddable":true,"href":"https:\/\/kindart.is\/en\/wp-json\/wp\/v2\/product_brand?post=5811"},{"taxonomy":"product_cat","embeddable":true,"href":"https:\/\/kindart.is\/en\/wp-json\/wp\/v2\/product_cat?post=5811"},{"taxonomy":"product_tag","embeddable":true,"href":"https:\/\/kindart.is\/en\/wp-json\/wp\/v2\/product_tag?post=5811"}],"curies":[{"name":"wp","href":"https:\/\/api.w.org\/{rel}","templated":true}]}}