{"id":5816,"date":"2022-10-26T18:13:01","date_gmt":"2022-10-26T18:13:01","guid":{"rendered":"https:\/\/kindart.is\/product\/simaskra-1936\/"},"modified":"2022-10-26T18:13:01","modified_gmt":"2022-10-26T18:13:01","slug":"simaskra-1936","status":"publish","type":"product","link":"https:\/\/kindart.is\/en\/vara\/simaskra-1936\/","title":{"rendered":"S\u00edmaskr\u00e1 1936"},"content":{"rendered":"<p><strong>S\u00edmaskr\u00e1 1936<\/strong>. Ritstj\u00f3ri \u00d3lafur Kvaran. Augl\u00fdsingar 5-12; Efnisyfirlit 15; Skilm\u00e1lar 18-38; S\u00edmnefni 39-50: Skammstafanir 51-60; Skr\u00e1 um b\u00e6i \u00ed sveitum 60-70; Lands\u00edmast\u00f6\u00f0var 77-166; Vi\u00f0b\u00e6tir \u00f3nr.; Stafr\u00f3fsskr\u00e1 167-341-Registur; N\u00fameraskr\u00e1 Reykjav\u00edkur 343-378;Ebl; Atvinnu- og vi\u00f0skiptaskr\u00e1, prentu\u00f0 \u00e1 gulan papp\u00edr. Augl. \u00c1 gulan papp\u00edr. 440-448; \u00c1 hv\u00edtan papp\u00edr:449-470. &#8211; B\u00f3kin er bundin \u00ed st\u00edft band me\u00f0 spj\u00f6ldum \u00far \u00feykkum karton og \u00e1l\u00edmdur shirtingur \u00e1 kj\u00f6linn. R\u00fanu\u00f0 horn og g\u00f6tu\u00f0 efst vi\u00f0 kj\u00f6linn til a\u00f0 h\u00e6gt s\u00e9 a\u00f0 hengja hana \u00e1 nagla e\u00f0a hanka. St\u00e6r\u00f0: 21.7 X13.8 cm.- Galli \u00e1 framspjaldi (vantar sm\u00e1hluta \u00feess) annars gott eintak.<\/p>\n<p><strong>\u00datg\u00e1fa og prentun<\/strong>:<br \/>\n\u00datgefandi: Lands\u00edmi \u00cdslands. Reykjav\u00edk 1935. R\u00edkisprentsmi\u00f0jan Gutenberg.<\/p>\n","protected":false},"excerpt":{"rendered":"<p>S\u00edmaskr\u00e1 1936. Ritstj\u00f3ri \u00d3lafur Kvaran. Augl\u00fdsingar 5-12; Efnisyfirlit 15; Skilm\u00e1lar 18-38; S\u00edmnefni 39-50: Skammstafanir 51-60; Skr\u00e1 um b\u00e6i \u00ed sveitum 60-70; Lands\u00edmast\u00f6\u00f0var 77-166; Vi\u00f0b\u00e6tir \u00f3nr.; Stafr\u00f3fsskr\u00e1 167-341-Registur; N\u00fameraskr\u00e1 Reykjav\u00edkur 343-378;Ebl; Atvinnu- og vi\u00f0skiptaskr\u00e1, prentu\u00f0 \u00e1 gulan papp\u00edr. Augl. \u00c1 gulan papp\u00edr. 440-448; \u00c1 hv\u00edtan papp\u00edr:449-470. &#8211; B\u00f3kin er bundin \u00ed st\u00edft band me\u00f0 spj\u00f6ldum \u00far [&hellip;]<\/p>\n","protected":false},"featured_media":5814,"template":"","meta":{"slim_seo":{"title":"S\u00edmaskr\u00e1 1936 - KindArt","description":"S\u00edmaskr\u00e1 1936 . Ritstj\u00f3ri \u00d3lafur Kvaran. Augl\u00fdsingar 5-12; Efnisyfirlit 15; Skilm\u00e1lar 18-38; S\u00edmnefni 39-50: Skammstafanir 51-60; Skr\u00e1 um b\u00e6i \u00ed sveitum 60-70; L"}},"product_brand":[],"product_cat":[83],"product_tag":[],"class_list":{"0":"post-5816","1":"product","2":"type-product","3":"status-publish","4":"has-post-thumbnail","6":"product_cat-books","7":"product_shipping_class-small-en","9":"first","10":"instock","11":"sold-individually","12":"purchasable","13":"product-type-simple"},"_links":{"self":[{"href":"https:\/\/kindart.is\/en\/wp-json\/wp\/v2\/product\/5816","targetHints":{"allow":["GET"]}}],"collection":[{"href":"https:\/\/kindart.is\/en\/wp-json\/wp\/v2\/product"}],"about":[{"href":"https:\/\/kindart.is\/en\/wp-json\/wp\/v2\/types\/product"}],"wp:featuredmedia":[{"embeddable":true,"href":"https:\/\/kindart.is\/en\/wp-json\/wp\/v2\/media\/5814"}],"wp:attachment":[{"href":"https:\/\/kindart.is\/en\/wp-json\/wp\/v2\/media?parent=5816"}],"wp:term":[{"taxonomy":"product_brand","embeddable":true,"href":"https:\/\/kindart.is\/en\/wp-json\/wp\/v2\/product_brand?post=5816"},{"taxonomy":"product_cat","embeddable":true,"href":"https:\/\/kindart.is\/en\/wp-json\/wp\/v2\/product_cat?post=5816"},{"taxonomy":"product_tag","embeddable":true,"href":"https:\/\/kindart.is\/en\/wp-json\/wp\/v2\/product_tag?post=5816"}],"curies":[{"name":"wp","href":"https:\/\/api.w.org\/{rel}","templated":true}]}}