{"id":5823,"date":"2022-10-26T18:21:28","date_gmt":"2022-10-26T18:21:28","guid":{"rendered":"https:\/\/kindart.is\/product\/skuli-thoroddsen-i-ii\/"},"modified":"2022-10-26T18:30:14","modified_gmt":"2022-10-26T18:30:14","slug":"skuli-thoroddsen-i-ii","status":"publish","type":"product","link":"https:\/\/kindart.is\/en\/vara\/skuli-thoroddsen-i-ii\/","title":{"rendered":"Sk\u00fali Thoroddsen I &#8211; II"},"content":{"rendered":"<p><strong>Sk\u00fali Thoroddsen I &#8211; II<\/strong>; \u00cdsland fyrir \u00cdslendinga eftir J\u00f3n Gu\u00f0nason. Tv\u00f6 bindi: Fyrra bindi 461 bls. Fjalla\u00f0 um \u00e6vi Sk\u00fala Thoroddsens; \u00c6ska og n\u00e1ms\u00e1r heima og erlendis og svo er fjalla\u00f0 um Sk\u00falam\u00e1li\u00f0 svokalla\u00f0a. S\u00ed\u00f0ara bindi 551 bls. Rakinn \u00ed heild stj\u00f3rnm\u00e1laferill Sk\u00fala og al\u00feingissaga hans. B\u00e6kurnar eru 22 X 14 cm a\u00f0 st\u00e6r\u00f0. Bundnar \u00ed rau\u00f0an shirting \u00e1 kj\u00f6l og kl\u00e6dd me\u00f0 spjaldapapp\u00edr.<\/p>\n<p><strong>\u00datg\u00e1fa og prentun<\/strong>:<br \/>\n\u00datgefandi: Heimskringla,l Reykjav\u00edk 1968 (I) og 1974 (II). Prentsmi\u00f0jan H\u00f3lar.<\/p>\n","protected":false},"excerpt":{"rendered":"<p>Sk\u00fali Thoroddsen I &#8211; II; \u00cdsland fyrir \u00cdslendinga eftir J\u00f3n Gu\u00f0nason. Tv\u00f6 bindi: Fyrra bindi 461 bls. Fjalla\u00f0 um \u00e6vi Sk\u00fala Thoroddsens; \u00c6ska og n\u00e1ms\u00e1r heima og erlendis og svo er fjalla\u00f0 um Sk\u00falam\u00e1li\u00f0 svokalla\u00f0a. S\u00ed\u00f0ara bindi 551 bls. Rakinn \u00ed heild stj\u00f3rnm\u00e1laferill Sk\u00fala og al\u00feingissaga hans. B\u00e6kurnar eru 22 X 14 cm a\u00f0 st\u00e6r\u00f0. [&hellip;]<\/p>\n","protected":false},"featured_media":5819,"template":"","meta":{"slim_seo":{"title":"Sk\u00fali Thoroddsen I - II - KindArt","description":"Sk\u00fali Thoroddsen I - II ; \u00cdsland fyrir \u00cdslendinga eftir J\u00f3n Gu\u00f0nason. Tv\u00f6 bindi: Fyrra bindi 461 bls. Fjalla\u00f0 um \u00e6vi Sk\u00fala Thoroddsens; \u00c6ska og n\u00e1ms\u00e1r heima og"}},"product_brand":[],"product_cat":[83],"product_tag":[],"class_list":{"0":"post-5823","1":"product","2":"type-product","3":"status-publish","4":"has-post-thumbnail","6":"product_cat-books","7":"product_shipping_class-medium-en","9":"first","10":"outofstock","11":"sold-individually","12":"purchasable","13":"product-type-simple"},"_links":{"self":[{"href":"https:\/\/kindart.is\/en\/wp-json\/wp\/v2\/product\/5823","targetHints":{"allow":["GET"]}}],"collection":[{"href":"https:\/\/kindart.is\/en\/wp-json\/wp\/v2\/product"}],"about":[{"href":"https:\/\/kindart.is\/en\/wp-json\/wp\/v2\/types\/product"}],"wp:featuredmedia":[{"embeddable":true,"href":"https:\/\/kindart.is\/en\/wp-json\/wp\/v2\/media\/5819"}],"wp:attachment":[{"href":"https:\/\/kindart.is\/en\/wp-json\/wp\/v2\/media?parent=5823"}],"wp:term":[{"taxonomy":"product_brand","embeddable":true,"href":"https:\/\/kindart.is\/en\/wp-json\/wp\/v2\/product_brand?post=5823"},{"taxonomy":"product_cat","embeddable":true,"href":"https:\/\/kindart.is\/en\/wp-json\/wp\/v2\/product_cat?post=5823"},{"taxonomy":"product_tag","embeddable":true,"href":"https:\/\/kindart.is\/en\/wp-json\/wp\/v2\/product_tag?post=5823"}],"curies":[{"name":"wp","href":"https:\/\/api.w.org\/{rel}","templated":true}]}}