{"id":5832,"date":"2022-10-26T18:35:23","date_gmt":"2022-10-26T18:35:23","guid":{"rendered":"https:\/\/kindart.is\/product\/storvidi\/"},"modified":"2022-10-26T18:35:23","modified_gmt":"2022-10-26T18:35:23","slug":"storvidi","status":"publish","type":"product","link":"https:\/\/kindart.is\/en\/vara\/storvidi\/","title":{"rendered":"St\u00f3rvi\u00f0i"},"content":{"rendered":"<p><strong>St\u00f3rvi\u00f0i<\/strong>. B\u00f3k eftir Sven Moren, Helgi Valt\u00fdsson \u00edslenska\u00f0i. Sven var norskt sk\u00e1ld (1871-1938) B\u00f3kin er bundin \u00ed alband, shirting og \u00e1letru\u00f0 \u00e1 kj\u00f6l me\u00f0 rau\u00f0u. St\u00e6r\u00f0: 19 X 12.2 cm og 200 bls.<\/p>\n<p><strong>\u00datg\u00e1fa og prentun<\/strong>:<br \/>\nB\u00f3ka\u00fatg\u00e1fan Nor\u00f0ri Akureyri. Prentsmi\u00f0ja Bj\u00f6rns J\u00f3nssonar.<\/p>\n","protected":false},"excerpt":{"rendered":"<p>St\u00f3rvi\u00f0i. B\u00f3k eftir Sven Moren, Helgi Valt\u00fdsson \u00edslenska\u00f0i. Sven var norskt sk\u00e1ld (1871-1938) B\u00f3kin er bundin \u00ed alband, shirting og \u00e1letru\u00f0 \u00e1 kj\u00f6l me\u00f0 rau\u00f0u. St\u00e6r\u00f0: 19 X 12.2 cm og 200 bls. \u00datg\u00e1fa og prentun: B\u00f3ka\u00fatg\u00e1fan Nor\u00f0ri Akureyri. Prentsmi\u00f0ja Bj\u00f6rns J\u00f3nssonar.<\/p>\n","protected":false},"featured_media":5828,"template":"","meta":{"slim_seo":{"title":"St\u00f3rvi\u00f0i - KindArt","description":"St\u00f3rvi\u00f0i . B\u00f3k eftir Sven Moren, Helgi Valt\u00fdsson \u00edslenska\u00f0i. Sven var norskt sk\u00e1ld (1871-1938) B\u00f3kin er bundin \u00ed alband, shirting og \u00e1letru\u00f0 \u00e1 kj\u00f6l me\u00f0 rau\u00f0u. S"}},"product_brand":[],"product_cat":[83],"product_tag":[],"class_list":{"0":"post-5832","1":"product","2":"type-product","3":"status-publish","4":"has-post-thumbnail","6":"product_cat-books","7":"product_shipping_class-small-en","9":"first","10":"instock","11":"sold-individually","12":"purchasable","13":"product-type-simple"},"_links":{"self":[{"href":"https:\/\/kindart.is\/en\/wp-json\/wp\/v2\/product\/5832","targetHints":{"allow":["GET"]}}],"collection":[{"href":"https:\/\/kindart.is\/en\/wp-json\/wp\/v2\/product"}],"about":[{"href":"https:\/\/kindart.is\/en\/wp-json\/wp\/v2\/types\/product"}],"wp:featuredmedia":[{"embeddable":true,"href":"https:\/\/kindart.is\/en\/wp-json\/wp\/v2\/media\/5828"}],"wp:attachment":[{"href":"https:\/\/kindart.is\/en\/wp-json\/wp\/v2\/media?parent=5832"}],"wp:term":[{"taxonomy":"product_brand","embeddable":true,"href":"https:\/\/kindart.is\/en\/wp-json\/wp\/v2\/product_brand?post=5832"},{"taxonomy":"product_cat","embeddable":true,"href":"https:\/\/kindart.is\/en\/wp-json\/wp\/v2\/product_cat?post=5832"},{"taxonomy":"product_tag","embeddable":true,"href":"https:\/\/kindart.is\/en\/wp-json\/wp\/v2\/product_tag?post=5832"}],"curies":[{"name":"wp","href":"https:\/\/api.w.org\/{rel}","templated":true}]}}