{"id":5837,"date":"2022-10-26T18:39:25","date_gmt":"2022-10-26T18:39:25","guid":{"rendered":"https:\/\/kindart.is\/product\/studlar\/"},"modified":"2022-10-26T18:39:25","modified_gmt":"2022-10-26T18:39:25","slug":"studlar","status":"publish","type":"product","link":"https:\/\/kindart.is\/en\/vara\/studlar\/","title":{"rendered":"Stu\u00f0lar"},"content":{"rendered":"<p><strong>Stu\u00f0lar<\/strong>. V\u00edsnakver eftir K\u00e1ra S. S\u00f3lmundarson. V\u00edrheft \u00ed kartonk\u00e1pu 18.7 X12.2 cm og 24 bls.<\/p>\n<p><strong>\u00datg\u00e1fa og prentun<\/strong>:<br \/>\n\u00datgefanda ekki geti\u00f0. Reykjav\u00edk 1930. Al\u00fe\u00fd\u00f0uprentsmi\u00f0jan.<\/p>\n","protected":false},"excerpt":{"rendered":"<p>Stu\u00f0lar. V\u00edsnakver eftir K\u00e1ra S. S\u00f3lmundarson. V\u00edrheft \u00ed kartonk\u00e1pu 18.7 X12.2 cm og 24 bls. \u00datg\u00e1fa og prentun: \u00datgefanda ekki geti\u00f0. Reykjav\u00edk 1930. Al\u00fe\u00fd\u00f0uprentsmi\u00f0jan.<\/p>\n","protected":false},"featured_media":5835,"template":"","meta":{"slim_seo":{"title":"Stu\u00f0lar - KindArt","description":"Stu\u00f0lar . V\u00edsnakver eftir K\u00e1ra S. S\u00f3lmundarson. V\u00edrheft \u00ed kartonk\u00e1pu 18.7 X12.2 cm og 24 bls. \u00datg\u00e1fa og prentun : \u00datgefanda ekki geti\u00f0. Reykjav\u00edk 1930. Al\u00fe\u00fd\u00f0upr"}},"product_brand":[],"product_cat":[83],"product_tag":[],"class_list":{"0":"post-5837","1":"product","2":"type-product","3":"status-publish","4":"has-post-thumbnail","6":"product_cat-books","7":"product_shipping_class-small-en","9":"first","10":"instock","11":"sold-individually","12":"purchasable","13":"product-type-simple"},"_links":{"self":[{"href":"https:\/\/kindart.is\/en\/wp-json\/wp\/v2\/product\/5837","targetHints":{"allow":["GET"]}}],"collection":[{"href":"https:\/\/kindart.is\/en\/wp-json\/wp\/v2\/product"}],"about":[{"href":"https:\/\/kindart.is\/en\/wp-json\/wp\/v2\/types\/product"}],"wp:featuredmedia":[{"embeddable":true,"href":"https:\/\/kindart.is\/en\/wp-json\/wp\/v2\/media\/5835"}],"wp:attachment":[{"href":"https:\/\/kindart.is\/en\/wp-json\/wp\/v2\/media?parent=5837"}],"wp:term":[{"taxonomy":"product_brand","embeddable":true,"href":"https:\/\/kindart.is\/en\/wp-json\/wp\/v2\/product_brand?post=5837"},{"taxonomy":"product_cat","embeddable":true,"href":"https:\/\/kindart.is\/en\/wp-json\/wp\/v2\/product_cat?post=5837"},{"taxonomy":"product_tag","embeddable":true,"href":"https:\/\/kindart.is\/en\/wp-json\/wp\/v2\/product_tag?post=5837"}],"curies":[{"name":"wp","href":"https:\/\/api.w.org\/{rel}","templated":true}]}}