{"id":5844,"date":"2022-10-26T18:42:47","date_gmt":"2022-10-26T18:42:47","guid":{"rendered":"https:\/\/kindart.is\/product\/undir-dalanna-sol\/"},"modified":"2022-10-26T18:42:47","modified_gmt":"2022-10-26T18:42:47","slug":"undir-dalanna-sol","status":"publish","type":"product","link":"https:\/\/kindart.is\/en\/vara\/undir-dalanna-sol\/","title":{"rendered":"Undir Dalanna s\u00f3l"},"content":{"rendered":"<p><strong>Undir Dalanna s\u00f3l<\/strong>. Lj\u00f3\u00f0ab\u00f3k eftir Hallgr\u00edm J\u00f3nsson fr\u00e1 Lj\u00e1rsk\u00f3gum. Mynd af h\u00f6fundi. Hallgr\u00edmur er br\u00f3\u00f0ir J\u00f3ns fr\u00e1 Lj\u00e1rsk\u00f3gum s\u00f6ngvara og sk\u00e1lds. B\u00f3kin er 18.7 X 12.7 cm og 147 bls.<\/p>\n<p><strong>\u00datg\u00e1fa og prentun<\/strong>:<br \/>\n\u00datgefanda er ekki geti\u00f0. Reykjav\u00edk 1958. Prentsmi\u00f0jan Leiftur.<\/p>\n","protected":false},"excerpt":{"rendered":"<p>Undir Dalanna s\u00f3l. Lj\u00f3\u00f0ab\u00f3k eftir Hallgr\u00edm J\u00f3nsson fr\u00e1 Lj\u00e1rsk\u00f3gum. Mynd af h\u00f6fundi. Hallgr\u00edmur er br\u00f3\u00f0ir J\u00f3ns fr\u00e1 Lj\u00e1rsk\u00f3gum s\u00f6ngvara og sk\u00e1lds. B\u00f3kin er 18.7 X 12.7 cm og 147 bls. \u00datg\u00e1fa og prentun: \u00datgefanda er ekki geti\u00f0. Reykjav\u00edk 1958. Prentsmi\u00f0jan Leiftur.<\/p>\n","protected":false},"featured_media":5840,"template":"","meta":{"slim_seo":{"title":"Undir Dalanna s\u00f3l - KindArt","description":"Undir Dalanna s\u00f3l . Lj\u00f3\u00f0ab\u00f3k eftir Hallgr\u00edm J\u00f3nsson fr\u00e1 Lj\u00e1rsk\u00f3gum. Mynd af h\u00f6fundi. Hallgr\u00edmur er br\u00f3\u00f0ir J\u00f3ns fr\u00e1 Lj\u00e1rsk\u00f3gum s\u00f6ngvara og sk\u00e1lds. B\u00f3kin er 18.7"}},"product_brand":[],"product_cat":[83],"product_tag":[],"class_list":{"0":"post-5844","1":"product","2":"type-product","3":"status-publish","4":"has-post-thumbnail","6":"product_cat-books","7":"product_shipping_class-small-en","9":"first","10":"outofstock","11":"sold-individually","12":"purchasable","13":"product-type-simple"},"_links":{"self":[{"href":"https:\/\/kindart.is\/en\/wp-json\/wp\/v2\/product\/5844","targetHints":{"allow":["GET"]}}],"collection":[{"href":"https:\/\/kindart.is\/en\/wp-json\/wp\/v2\/product"}],"about":[{"href":"https:\/\/kindart.is\/en\/wp-json\/wp\/v2\/types\/product"}],"wp:featuredmedia":[{"embeddable":true,"href":"https:\/\/kindart.is\/en\/wp-json\/wp\/v2\/media\/5840"}],"wp:attachment":[{"href":"https:\/\/kindart.is\/en\/wp-json\/wp\/v2\/media?parent=5844"}],"wp:term":[{"taxonomy":"product_brand","embeddable":true,"href":"https:\/\/kindart.is\/en\/wp-json\/wp\/v2\/product_brand?post=5844"},{"taxonomy":"product_cat","embeddable":true,"href":"https:\/\/kindart.is\/en\/wp-json\/wp\/v2\/product_cat?post=5844"},{"taxonomy":"product_tag","embeddable":true,"href":"https:\/\/kindart.is\/en\/wp-json\/wp\/v2\/product_tag?post=5844"}],"curies":[{"name":"wp","href":"https:\/\/api.w.org\/{rel}","templated":true}]}}