{"id":5851,"date":"2022-10-27T21:18:40","date_gmt":"2022-10-27T21:18:40","guid":{"rendered":"https:\/\/kindart.is\/product\/aeskan\/"},"modified":"2024-03-04T16:32:47","modified_gmt":"2024-03-04T16:32:47","slug":"aeskan","status":"publish","type":"product","link":"https:\/\/kindart.is\/en\/vara\/aeskan\/","title":{"rendered":"\u00c6skan"},"content":{"rendered":"<p><strong>\u00c6skan<\/strong>. Barnabla\u00f0 me\u00f0 myndum. Ritstj\u00f3ri: Gr\u00edmur Engilberts. 67. \u00c1rgangur 1966 + J\u00f3labla\u00f0 1965. \u00c1rgangurinn er bundinn inn \u00ed rex\u00edn, kj\u00f6l og horn og sl\u00f6nguskinns spjaldapapp\u00edr \u00e1 hli\u00f0um. Gyllt \u00e1 kj\u00f6l. Grunnfalsband. St\u00e6r\u00f0: 27.5 X 21.5 cm og yfir 500 bls.<br \/>\n\u00datg\u00e1fa og prentun:\u2028\u00datgefandi: St\u00f3rst\u00faka \u00cdslands (I.O.G.T.) Reykjav\u00edk 1966. Prentsmi\u00f0jan Oddi.<\/p>\n","protected":false},"excerpt":{"rendered":"<p>\u00c6skan. Barnabla\u00f0 me\u00f0 myndum. Ritstj\u00f3ri: Gr\u00edmur Engilberts. 67. \u00c1rgangur 1966 + J\u00f3labla\u00f0 1965. \u00c1rgangurinn er bundinn inn \u00ed rex\u00edn, kj\u00f6l og horn og sl\u00f6nguskinns spjaldapapp\u00edr \u00e1 hli\u00f0um. Gyllt \u00e1 kj\u00f6l. Grunnfalsband. St\u00e6r\u00f0: 27.5 X 21.5 cm og yfir 500 bls. \u00datg\u00e1fa og prentun:\u2028\u00datgefandi: St\u00f3rst\u00faka \u00cdslands (I.O.G.T.) Reykjav\u00edk 1966. Prentsmi\u00f0jan Oddi.<\/p>\n","protected":false},"featured_media":5847,"template":"","meta":{"slim_seo":{"title":"\u00c6skan - KindArt","description":"\u00c6skan . Barnabla\u00f0 me\u00f0 myndum. Ritstj\u00f3ri: Gr\u00edmur Engilberts. 67. \u00c1rgangur 1966 + J\u00f3labla\u00f0 1965. \u00c1rgangurinn er bundinn inn \u00ed rex\u00edn, kj\u00f6l og horn og sl\u00f6nguskinns"}},"product_brand":[],"product_cat":[83],"product_tag":[],"class_list":{"0":"post-5851","1":"product","2":"type-product","3":"status-publish","4":"has-post-thumbnail","6":"product_cat-books","7":"product_shipping_class-small-en","9":"first","10":"outofstock","11":"sold-individually","12":"purchasable","13":"product-type-simple"},"_links":{"self":[{"href":"https:\/\/kindart.is\/en\/wp-json\/wp\/v2\/product\/5851","targetHints":{"allow":["GET"]}}],"collection":[{"href":"https:\/\/kindart.is\/en\/wp-json\/wp\/v2\/product"}],"about":[{"href":"https:\/\/kindart.is\/en\/wp-json\/wp\/v2\/types\/product"}],"wp:featuredmedia":[{"embeddable":true,"href":"https:\/\/kindart.is\/en\/wp-json\/wp\/v2\/media\/5847"}],"wp:attachment":[{"href":"https:\/\/kindart.is\/en\/wp-json\/wp\/v2\/media?parent=5851"}],"wp:term":[{"taxonomy":"product_brand","embeddable":true,"href":"https:\/\/kindart.is\/en\/wp-json\/wp\/v2\/product_brand?post=5851"},{"taxonomy":"product_cat","embeddable":true,"href":"https:\/\/kindart.is\/en\/wp-json\/wp\/v2\/product_cat?post=5851"},{"taxonomy":"product_tag","embeddable":true,"href":"https:\/\/kindart.is\/en\/wp-json\/wp\/v2\/product_tag?post=5851"}],"curies":[{"name":"wp","href":"https:\/\/api.w.org\/{rel}","templated":true}]}}