{"id":5858,"date":"2022-10-27T21:24:10","date_gmt":"2022-10-27T21:24:10","guid":{"rendered":"https:\/\/kindart.is\/product\/handbok-samlagsmanna\/"},"modified":"2022-10-27T21:24:10","modified_gmt":"2022-10-27T21:24:10","slug":"handbok-samlagsmanna","status":"publish","type":"product","link":"https:\/\/kindart.is\/en\/vara\/handbok-samlagsmanna\/","title":{"rendered":"Handb\u00f3k samlagsmanna"},"content":{"rendered":"<p><strong>Handb\u00f3k samlagsmanna<\/strong>. V\u00edrheftur p\u00e9si \u00ed kartonk\u00e1pu me\u00f0 uppl\u00fdsingum fyrir samlagsmenn \u00ed Reykjav\u00edk. P\u00e9sinn er 18.4 X 12.4 cm a\u00f0 st\u00e6r\u00f0 og 32 bls.<\/p>\n<p><strong>\u00datg\u00e1fa og prentun<\/strong>:<br \/>\nSj\u00fakrasamlag Reykjav\u00edkur. Reykjav\u00edk 1963. Prentsmi\u00f0jan Prentun.<\/p>\n","protected":false},"excerpt":{"rendered":"<p>Handb\u00f3k samlagsmanna. V\u00edrheftur p\u00e9si \u00ed kartonk\u00e1pu me\u00f0 uppl\u00fdsingum fyrir samlagsmenn \u00ed Reykjav\u00edk. P\u00e9sinn er 18.4 X 12.4 cm a\u00f0 st\u00e6r\u00f0 og 32 bls. \u00datg\u00e1fa og prentun: Sj\u00fakrasamlag Reykjav\u00edkur. Reykjav\u00edk 1963. Prentsmi\u00f0jan Prentun.<\/p>\n","protected":false},"featured_media":5854,"template":"","meta":{"slim_seo":{"title":"Handb\u00f3k samlagsmanna - KindArt","description":"Handb\u00f3k samlagsmanna . V\u00edrheftur p\u00e9si \u00ed kartonk\u00e1pu me\u00f0 uppl\u00fdsingum fyrir samlagsmenn \u00ed Reykjav\u00edk. P\u00e9sinn er 18.4 X 12.4 cm a\u00f0 st\u00e6r\u00f0 og 32 bls. \u00datg\u00e1fa og prentun"}},"product_brand":[],"product_cat":[83],"product_tag":[],"class_list":{"0":"post-5858","1":"product","2":"type-product","3":"status-publish","4":"has-post-thumbnail","6":"product_cat-books","7":"product_shipping_class-small-en","9":"first","10":"instock","11":"sold-individually","12":"purchasable","13":"product-type-simple"},"_links":{"self":[{"href":"https:\/\/kindart.is\/en\/wp-json\/wp\/v2\/product\/5858","targetHints":{"allow":["GET"]}}],"collection":[{"href":"https:\/\/kindart.is\/en\/wp-json\/wp\/v2\/product"}],"about":[{"href":"https:\/\/kindart.is\/en\/wp-json\/wp\/v2\/types\/product"}],"wp:featuredmedia":[{"embeddable":true,"href":"https:\/\/kindart.is\/en\/wp-json\/wp\/v2\/media\/5854"}],"wp:attachment":[{"href":"https:\/\/kindart.is\/en\/wp-json\/wp\/v2\/media?parent=5858"}],"wp:term":[{"taxonomy":"product_brand","embeddable":true,"href":"https:\/\/kindart.is\/en\/wp-json\/wp\/v2\/product_brand?post=5858"},{"taxonomy":"product_cat","embeddable":true,"href":"https:\/\/kindart.is\/en\/wp-json\/wp\/v2\/product_cat?post=5858"},{"taxonomy":"product_tag","embeddable":true,"href":"https:\/\/kindart.is\/en\/wp-json\/wp\/v2\/product_tag?post=5858"}],"curies":[{"name":"wp","href":"https:\/\/api.w.org\/{rel}","templated":true}]}}