{"id":5866,"date":"2022-10-28T18:38:43","date_gmt":"2022-10-28T18:38:43","guid":{"rendered":"https:\/\/kindart.is\/product\/eg-kalla-mig-ofeig\/"},"modified":"2022-10-28T18:38:43","modified_gmt":"2022-10-28T18:38:43","slug":"eg-kalla-mig-ofeig","status":"publish","type":"product","link":"https:\/\/kindart.is\/en\/vara\/eg-kalla-mig-ofeig\/","title":{"rendered":"\u00c9g kalla mig \u00d3feig"},"content":{"rendered":"<p><strong>\u00c9g kalla mig \u00d3feig<\/strong>. S\u00f6gur og \u00fe\u00e6ttir eftir Hallberg Hallmundsson \u00fe\u00fd\u00f0anda og sk\u00e1ld. B\u00f3kin er bundin \u00ed gr\u00e1tt shirtingsl\u00edki, alband, en svartur feldur \u00e1 kili og nafn h\u00f6fundar og heiti b\u00f3kar gyllt \u00fear \u00e1. St\u00e6r\u00f0: 18.8 X 12.2 cm og 110 bls.<\/p>\n<p><strong>\u00datg\u00e1fa og prentun<\/strong>:<br \/>\nHeimskringla Reykjav\u00edk 1970. Prentsmi\u00f0ja J\u00f3ns Helgasonar.<\/p>\n","protected":false},"excerpt":{"rendered":"<p>\u00c9g kalla mig \u00d3feig. S\u00f6gur og \u00fe\u00e6ttir eftir Hallberg Hallmundsson \u00fe\u00fd\u00f0anda og sk\u00e1ld. B\u00f3kin er bundin \u00ed gr\u00e1tt shirtingsl\u00edki, alband, en svartur feldur \u00e1 kili og nafn h\u00f6fundar og heiti b\u00f3kar gyllt \u00fear \u00e1. St\u00e6r\u00f0: 18.8 X 12.2 cm og 110 bls. \u00datg\u00e1fa og prentun: Heimskringla Reykjav\u00edk 1970. Prentsmi\u00f0ja J\u00f3ns Helgasonar.<\/p>\n","protected":false},"featured_media":5862,"template":"","meta":{"slim_seo":{"title":"\u00c9g kalla mig \u00d3feig - KindArt","description":"\u00c9g kalla mig \u00d3feig . S\u00f6gur og \u00fe\u00e6ttir eftir Hallberg Hallmundsson \u00fe\u00fd\u00f0anda og sk\u00e1ld. B\u00f3kin er bundin \u00ed gr\u00e1tt shirtingsl\u00edki, alband, en svartur feldur \u00e1 kili og na"}},"product_brand":[],"product_cat":[83],"product_tag":[],"class_list":{"0":"post-5866","1":"product","2":"type-product","3":"status-publish","4":"has-post-thumbnail","6":"product_cat-books","7":"product_shipping_class-small-en","9":"first","10":"instock","11":"sold-individually","12":"purchasable","13":"product-type-simple"},"_links":{"self":[{"href":"https:\/\/kindart.is\/en\/wp-json\/wp\/v2\/product\/5866","targetHints":{"allow":["GET"]}}],"collection":[{"href":"https:\/\/kindart.is\/en\/wp-json\/wp\/v2\/product"}],"about":[{"href":"https:\/\/kindart.is\/en\/wp-json\/wp\/v2\/types\/product"}],"wp:featuredmedia":[{"embeddable":true,"href":"https:\/\/kindart.is\/en\/wp-json\/wp\/v2\/media\/5862"}],"wp:attachment":[{"href":"https:\/\/kindart.is\/en\/wp-json\/wp\/v2\/media?parent=5866"}],"wp:term":[{"taxonomy":"product_brand","embeddable":true,"href":"https:\/\/kindart.is\/en\/wp-json\/wp\/v2\/product_brand?post=5866"},{"taxonomy":"product_cat","embeddable":true,"href":"https:\/\/kindart.is\/en\/wp-json\/wp\/v2\/product_cat?post=5866"},{"taxonomy":"product_tag","embeddable":true,"href":"https:\/\/kindart.is\/en\/wp-json\/wp\/v2\/product_tag?post=5866"}],"curies":[{"name":"wp","href":"https:\/\/api.w.org\/{rel}","templated":true}]}}