{"id":5873,"date":"2022-10-28T18:42:11","date_gmt":"2022-10-28T18:42:11","guid":{"rendered":"https:\/\/kindart.is\/product\/flokkulif\/"},"modified":"2022-10-28T18:42:11","modified_gmt":"2022-10-28T18:42:11","slug":"flokkulif","status":"publish","type":"product","link":"https:\/\/kindart.is\/en\/vara\/flokkulif\/","title":{"rendered":"Fl\u00f6kkul\u00edf"},"content":{"rendered":"<p><strong>Fl\u00f6kkul\u00edf<\/strong>. \u00c6skusaga Hannesar Sigf\u00fassonar sk\u00e1lds og segir hann \u00fear m.a. fr\u00e1 veru sinni \u00ed Hverager\u00f0i me\u00f0 El\u00edasi Mar og samskiptum \u00feeirra vi\u00f0 Kristmann Gu\u00f0munsson sk\u00e1ld. B\u00f3kin er bundin \u00ed forlagsband, \u00ed br\u00fant alband, plastefni. St\u00e6r\u00f0: 23.5 X 15.5 cm og 232 bls.<\/p>\n<p><strong>\u00datg\u00e1fa og prentun<\/strong>:<br \/>\nI\u00f0unn. Reykjav\u00edk 1981. Prentt\u00e6kni.<\/p>\n","protected":false},"excerpt":{"rendered":"<p>Fl\u00f6kkul\u00edf. \u00c6skusaga Hannesar Sigf\u00fassonar sk\u00e1lds og segir hann \u00fear m.a. fr\u00e1 veru sinni \u00ed Hverager\u00f0i me\u00f0 El\u00edasi Mar og samskiptum \u00feeirra vi\u00f0 Kristmann Gu\u00f0munsson sk\u00e1ld. B\u00f3kin er bundin \u00ed forlagsband, \u00ed br\u00fant alband, plastefni. St\u00e6r\u00f0: 23.5 X 15.5 cm og 232 bls. \u00datg\u00e1fa og prentun: I\u00f0unn. Reykjav\u00edk 1981. Prentt\u00e6kni.<\/p>\n","protected":false},"featured_media":5869,"template":"","meta":{"slim_seo":{"title":"Fl\u00f6kkul\u00edf - KindArt","description":"Fl\u00f6kkul\u00edf . \u00c6skusaga Hannesar Sigf\u00fassonar sk\u00e1lds og segir hann \u00fear m.a. fr\u00e1 veru sinni \u00ed Hverager\u00f0i me\u00f0 El\u00edasi Mar og samskiptum \u00feeirra vi\u00f0 Kristmann Gu\u00f0munsson"}},"product_brand":[],"product_cat":[83],"product_tag":[],"class_list":{"0":"post-5873","1":"product","2":"type-product","3":"status-publish","4":"has-post-thumbnail","6":"product_cat-books","7":"product_shipping_class-small-en","9":"first","10":"instock","11":"sold-individually","12":"purchasable","13":"product-type-simple"},"_links":{"self":[{"href":"https:\/\/kindart.is\/en\/wp-json\/wp\/v2\/product\/5873","targetHints":{"allow":["GET"]}}],"collection":[{"href":"https:\/\/kindart.is\/en\/wp-json\/wp\/v2\/product"}],"about":[{"href":"https:\/\/kindart.is\/en\/wp-json\/wp\/v2\/types\/product"}],"wp:featuredmedia":[{"embeddable":true,"href":"https:\/\/kindart.is\/en\/wp-json\/wp\/v2\/media\/5869"}],"wp:attachment":[{"href":"https:\/\/kindart.is\/en\/wp-json\/wp\/v2\/media?parent=5873"}],"wp:term":[{"taxonomy":"product_brand","embeddable":true,"href":"https:\/\/kindart.is\/en\/wp-json\/wp\/v2\/product_brand?post=5873"},{"taxonomy":"product_cat","embeddable":true,"href":"https:\/\/kindart.is\/en\/wp-json\/wp\/v2\/product_cat?post=5873"},{"taxonomy":"product_tag","embeddable":true,"href":"https:\/\/kindart.is\/en\/wp-json\/wp\/v2\/product_tag?post=5873"}],"curies":[{"name":"wp","href":"https:\/\/api.w.org\/{rel}","templated":true}]}}