{"id":5879,"date":"2022-10-28T18:47:00","date_gmt":"2022-10-28T18:47:00","guid":{"rendered":"https:\/\/kindart.is\/product\/golda-meir-aevi-min-eftir-goldu-meir\/"},"modified":"2022-10-28T18:47:00","modified_gmt":"2022-10-28T18:47:00","slug":"golda-meir-aevi-min-eftir-goldu-meir","status":"publish","type":"product","link":"https:\/\/kindart.is\/en\/vara\/golda-meir-aevi-min-eftir-goldu-meir\/","title":{"rendered":"Golda Meir \u2013 \u00c6vi m\u00edn eftir Goldu Meir"},"content":{"rendered":"<p>Golda Meir. \u2013 \u00c6vi m\u00edn eftir Goldu Meir. \u00de\u00fd\u00f0andi: Brynd\u00eds V\u00edglundsd\u00f3ttir. B\u00f3kin er bundin \u00ed forlagsband, alband og br\u00fant plastefni, 23.5 X 15.8 cm og 437 bls.<\/p>\n<p><strong>\u00datg\u00e1fa og prentun<\/strong>:<br \/>\n\u00datgefandi: B\u00f3kr\u00fan. Reykjav\u00edk 1988. Setning og umbrot: Leturval. Filmuvinna\/prentun: Graf\u00edk. B\u00f3kband: F\u00e9lagsb\u00f3kbandi\u00f0-B\u00f3kfell.<\/p>\n","protected":false},"excerpt":{"rendered":"<p>Golda Meir. \u2013 \u00c6vi m\u00edn eftir Goldu Meir. \u00de\u00fd\u00f0andi: Brynd\u00eds V\u00edglundsd\u00f3ttir. B\u00f3kin er bundin \u00ed forlagsband, alband og br\u00fant plastefni, 23.5 X 15.8 cm og 437 bls. \u00datg\u00e1fa og prentun: \u00datgefandi: B\u00f3kr\u00fan. Reykjav\u00edk 1988. Setning og umbrot: Leturval. Filmuvinna\/prentun: Graf\u00edk. B\u00f3kband: F\u00e9lagsb\u00f3kbandi\u00f0-B\u00f3kfell.<\/p>\n","protected":false},"featured_media":5876,"template":"","meta":{"slim_seo":{"title":"Golda Meir \u2013 \u00c6vi m\u00edn eftir Goldu Meir - KindArt","description":"Golda Meir. \u2013 \u00c6vi m\u00edn eftir Goldu Meir. \u00de\u00fd\u00f0andi: Brynd\u00eds V\u00edglundsd\u00f3ttir. B\u00f3kin er bundin \u00ed forlagsband, alband og br\u00fant plastefni, 23.5 X 15.8 cm og 437 bls. \u00dat"}},"product_brand":[],"product_cat":[83],"product_tag":[],"class_list":{"0":"post-5879","1":"product","2":"type-product","3":"status-publish","4":"has-post-thumbnail","6":"product_cat-books","7":"product_shipping_class-small-en","9":"first","10":"outofstock","11":"sold-individually","12":"purchasable","13":"product-type-simple"},"_links":{"self":[{"href":"https:\/\/kindart.is\/en\/wp-json\/wp\/v2\/product\/5879","targetHints":{"allow":["GET"]}}],"collection":[{"href":"https:\/\/kindart.is\/en\/wp-json\/wp\/v2\/product"}],"about":[{"href":"https:\/\/kindart.is\/en\/wp-json\/wp\/v2\/types\/product"}],"wp:featuredmedia":[{"embeddable":true,"href":"https:\/\/kindart.is\/en\/wp-json\/wp\/v2\/media\/5876"}],"wp:attachment":[{"href":"https:\/\/kindart.is\/en\/wp-json\/wp\/v2\/media?parent=5879"}],"wp:term":[{"taxonomy":"product_brand","embeddable":true,"href":"https:\/\/kindart.is\/en\/wp-json\/wp\/v2\/product_brand?post=5879"},{"taxonomy":"product_cat","embeddable":true,"href":"https:\/\/kindart.is\/en\/wp-json\/wp\/v2\/product_cat?post=5879"},{"taxonomy":"product_tag","embeddable":true,"href":"https:\/\/kindart.is\/en\/wp-json\/wp\/v2\/product_tag?post=5879"}],"curies":[{"name":"wp","href":"https:\/\/api.w.org\/{rel}","templated":true}]}}