{"id":5885,"date":"2022-10-28T18:50:09","date_gmt":"2022-10-28T18:50:09","guid":{"rendered":"https:\/\/kindart.is\/product\/islensk-verkalydshreyfing-1920-1930\/"},"modified":"2022-10-28T18:50:09","modified_gmt":"2022-10-28T18:50:09","slug":"islensk-verkalydshreyfing-1920-1930","status":"publish","type":"product","link":"https:\/\/kindart.is\/en\/vara\/islensk-verkalydshreyfing-1920-1930\/","title":{"rendered":"\u00cdslensk verkal\u00fd\u00f0shreyfing 1920-1930"},"content":{"rendered":"<p><strong>\u00cdslensk verkal\u00fd\u00f0shreyfing 1920-1930<\/strong> eftir Svan Kristj\u00e1nsson. \u00cdslensk \u00fej\u00f3\u00f0f\u00e9lagsfr\u00e6\u00f0i. Ritstj\u00f3ri: \u00d3lafur Ragnar Gr\u00edmsson. Ritnefnd: Haraldur \u00d3lafsson lektor. Svanur Kristj\u00e1nsson lektor. \u00deorbj\u00f6rn Broddason lektor. Hefti\u00f0 er v\u00edrheft me\u00f0 \u00feykkri kartonk\u00e1pu. St\u00e6r\u00f0: 21 X 14.7 cm og 59 bls.<\/p>\n<p><strong>\u00datg\u00e1fa og prentun<\/strong>:<br \/>\n\u00datgefendur: F\u00e9lagsv\u00edsindadeild H\u00e1sk\u00f3la \u00cdslands og \u00d6rn &amp; \u00d6rlygur. Reykjav\u00edk 1977. 2. \u00fatg\u00e1fa. 2. prentun. Letur fj\u00f6lrita\u00f0i.<\/p>\n","protected":false},"excerpt":{"rendered":"<p>\u00cdslensk verkal\u00fd\u00f0shreyfing 1920-1930 eftir Svan Kristj\u00e1nsson. \u00cdslensk \u00fej\u00f3\u00f0f\u00e9lagsfr\u00e6\u00f0i. Ritstj\u00f3ri: \u00d3lafur Ragnar Gr\u00edmsson. Ritnefnd: Haraldur \u00d3lafsson lektor. Svanur Kristj\u00e1nsson lektor. \u00deorbj\u00f6rn Broddason lektor. Hefti\u00f0 er v\u00edrheft me\u00f0 \u00feykkri kartonk\u00e1pu. St\u00e6r\u00f0: 21 X 14.7 cm og 59 bls. \u00datg\u00e1fa og prentun: \u00datgefendur: F\u00e9lagsv\u00edsindadeild H\u00e1sk\u00f3la \u00cdslands og \u00d6rn &amp; \u00d6rlygur. Reykjav\u00edk 1977. 2. \u00fatg\u00e1fa. 2. prentun. Letur fj\u00f6lrita\u00f0i.<\/p>\n","protected":false},"featured_media":5883,"template":"","meta":{"slim_seo":{"title":"\u00cdslensk verkal\u00fd\u00f0shreyfing 1920-1930 - KindArt","description":"\u00cdslensk verkal\u00fd\u00f0shreyfing 1920-1930 eftir Svan Kristj\u00e1nsson. \u00cdslensk \u00fej\u00f3\u00f0f\u00e9lagsfr\u00e6\u00f0i. Ritstj\u00f3ri: \u00d3lafur Ragnar Gr\u00edmsson. Ritnefnd: Haraldur \u00d3lafsson lektor. Sva"}},"product_brand":[],"product_cat":[83],"product_tag":[],"class_list":{"0":"post-5885","1":"product","2":"type-product","3":"status-publish","4":"has-post-thumbnail","6":"product_cat-books","7":"product_shipping_class-small-en","9":"first","10":"instock","11":"sold-individually","12":"purchasable","13":"product-type-simple"},"_links":{"self":[{"href":"https:\/\/kindart.is\/en\/wp-json\/wp\/v2\/product\/5885","targetHints":{"allow":["GET"]}}],"collection":[{"href":"https:\/\/kindart.is\/en\/wp-json\/wp\/v2\/product"}],"about":[{"href":"https:\/\/kindart.is\/en\/wp-json\/wp\/v2\/types\/product"}],"wp:featuredmedia":[{"embeddable":true,"href":"https:\/\/kindart.is\/en\/wp-json\/wp\/v2\/media\/5883"}],"wp:attachment":[{"href":"https:\/\/kindart.is\/en\/wp-json\/wp\/v2\/media?parent=5885"}],"wp:term":[{"taxonomy":"product_brand","embeddable":true,"href":"https:\/\/kindart.is\/en\/wp-json\/wp\/v2\/product_brand?post=5885"},{"taxonomy":"product_cat","embeddable":true,"href":"https:\/\/kindart.is\/en\/wp-json\/wp\/v2\/product_cat?post=5885"},{"taxonomy":"product_tag","embeddable":true,"href":"https:\/\/kindart.is\/en\/wp-json\/wp\/v2\/product_tag?post=5885"}],"curies":[{"name":"wp","href":"https:\/\/api.w.org\/{rel}","templated":true}]}}